{"id":3795,"date":"2019-07-08T06:46:35","date_gmt":"2019-07-08T06:46:35","guid":{"rendered":"http:\/\/www.cazorla.es\/bluescazorla06\/?page_id=3795"},"modified":"2019-07-15T08:56:34","modified_gmt":"2019-07-15T08:56:34","slug":"bluescazorla-festival-2018","status":"publish","type":"page","link":"https:\/\/www.cazorla.es\/bluescazorla06\/bluescazorla-festival-2018\/","title":{"rendered":"BluesCazorla Festival 2018"},"content":{"rendered":"<p>[et_pb_section bb_built=\u00bb1&#8243; next_background_color=\u00bb#000000&#8243;][et_pb_row][et_pb_column type=\u00bb4_4&#8243;][et_pb_post_title _builder_version=\u00bb3.2.2&#8243; meta=\u00bboff\u00bb featured_image=\u00bboff\u00bb text_orientation=\u00bbcenter\u00bb \/][\/et_pb_column][\/et_pb_row][\/et_pb_section][et_pb_section bb_built=\u00bb1&#8243; fullwidth=\u00bboff\u00bb specialty=\u00bbon\u00bb prev_background_color=\u00bb#000000&#8243; _builder_version=\u00bb3.2.2&#8243; next_background_color=\u00bb#000000&#8243;][et_pb_column type=\u00bb1_2&#8243;][et_pb_image _builder_version=\u00bb3.2.2&#8243; src=\u00bbhttps:\/\/www.cazorla.es\/bluescazorla06\/wp-content\/uploads\/2019\/07\/Cartel2018.jpg\u00bb max_width=\u00bb85%\u00bb align=\u00bbcenter\u00bb \/][et_pb_blurb _builder_version=\u00bb3.2.2&#8243; title=\u00bbBilly Gibbons\u00bb image=\u00bbhttps:\/\/www.cazorla.es\/bluescazorla06\/wp-content\/uploads\/2019\/07\/Billy.jpg\u00bb text_orientation=\u00bbcenter\u00bb header_level=\u00bbh6&#8243; header_text_color=\u00bb#000000&#8243; body_font=\u00bb||on||||||\u00bb image_max_width=\u00bb90%\u00bb \/][et_pb_blurb _builder_version=\u00bb3.2.2&#8243; title=\u00bbWhite Buffalo\u00bb image=\u00bbhttps:\/\/www.cazorla.es\/bluescazorla06\/wp-content\/uploads\/2019\/07\/White-Buffalo.jpg\u00bb text_orientation=\u00bbcenter\u00bb header_level=\u00bbh6&#8243; header_text_color=\u00bb#000000&#8243; body_font=\u00bb||on||||||\u00bb image_max_width=\u00bb90%\u00bb \/][et_pb_blurb _builder_version=\u00bb3.2.2&#8243; title=\u00bbAna Popovic\u00bb image=\u00bbhttps:\/\/www.cazorla.es\/bluescazorla06\/wp-content\/uploads\/2019\/07\/ana-popovic.jpg\u00bb text_orientation=\u00bbcenter\u00bb header_level=\u00bbh6&#8243; header_text_color=\u00bb#000000&#8243; body_font=\u00bb||on||||||\u00bb \/][et_pb_blurb _builder_version=\u00bb3.2.2&#8243; title=\u00bbJohn Primer\u00bb image=\u00bbhttps:\/\/www.cazorla.es\/bluescazorla06\/wp-content\/uploads\/2019\/07\/John-Primer.jpg\u00bb text_orientation=\u00bbcenter\u00bb header_level=\u00bbh6&#8243; header_text_color=\u00bb#000000&#8243; body_font=\u00bb||on||||||\u00bb \/][\/et_pb_column][et_pb_column type=\u00bb1_2&#8243; specialty_columns=\u00bb2&#8243;][et_pb_row_inner admin_label=\u00bbFila\u00bb][et_pb_column_inner type=\u00bb4_4&#8243; saved_specialty_column_type=\u00bb1_2&#8243;][et_pb_testimonial _builder_version=\u00bb3.2.2&#8243; quote_icon_background_color=\u00bb#f5f5f5&#8243;]<\/p>\n<h1><strong>BluesCazorla, un festival sin l\u00edmites<br \/>\n<\/strong><\/h1>\n<p>Bluescazorla 2018 comenzaba con <strong>John Primer<\/strong> como responsable de abrir la primera noche de conciertos. Les sigui\u00f3 <strong>Tequila<\/strong> recordando todos sus cl\u00e1sicos y cerr\u00f3 el afamado guitarrista <strong>Eric Gales<\/strong>, que estuvo rodeado de una banda de primera divisi\u00f3n.<br \/>\nEl viernes, entre pasacalles y esas grandes im\u00e1genes que serv\u00edan de photocall, abrieron los ganadores del segundo premio del concurso Blues Battle: la banda <strong>Tremendo Road<\/strong>, mostrando porqu\u00e9 fueron merecedores de este galard\u00f3n a base de blues, punk y mucha actitud. El sol daba tregua y <strong>Quique G\u00f3mez<\/strong> y su banda comenzaron a poner en pie a la plaza. Fue entonces cuando<strong> Ghost Number &amp; His Tipsy Gypsies<\/strong>, aprovecharon para poner a bailar a todo el foro gracias a esa cercan\u00eda que transmite el folk, cuando se une al blues y ritmos caribe\u00f1os muy apropiados para el mes de julio en Ja\u00e9n.<\/p>\n<p>Ya comenzaban a aparecer las primeras pistolas de agua y Cazorla vibraba porque ya sab\u00eda lo que tocaba durante los siguiente dos d\u00edas a base de baile y buen ambiente.<br \/>\nEl fuego del blues y la fiesta hab\u00eda estallado y <strong>Jake Levinson<\/strong> no estaban dispuestos a dejar pasar la oportunidad. Todo estaba listo para seguir ardiendo a base de un viaje hasta Texas, para que el country m\u00e1s divertido hiciera bailar a una plaza que a ratos disfrutaba de funk, soul y otros ritmos latinos.<br \/>\nAhora tocaba marchar al parque con <strong>Jenny &amp; The Mexicats<\/strong> que no par\u00f3 de sorprender con temas que lo mismo sonaban a reggae o bossanova, como la cumbia o el blues. Seguidamente ser\u00eda el turno de una de las sorpresas del cartel de este a\u00f1o: <strong>Shirley Davis<\/strong> y eso significaba m\u00fasica negra y sonido Motown por los cuatros costados para hacer m\u00e1s llevadera una tarde que hasta ahora no hab\u00eda dado tregua al p\u00fablico. Pero no habr\u00eda mucho m\u00e1s tiempo para descansar porque llegaron <strong>Los Coronas<\/strong>, que repet\u00edan en Bluescazorla con su show cargado de rock, surf y un agran saber estar sobre el escenario.<\/p>\n<p>Ya tocaba marchar a la plaza de toros donde <strong>Bluesfalos<\/strong> y su gran homenaje a la historia del blues abrir\u00edan una primera noche m\u00edtica, con el cartel de \u201ccompleto\u201d colgado y un <strong>Billy Gibbons<\/strong> como gran atractivo en el cartel, haciendo de guinda a la gran m\u00e1quina de blues: <strong>Supersonic Blues Machine<\/strong>, una banda de \u201cbluestars\u201d que sab\u00eda perfectamente como llevar a lo m\u00e1s alto al p\u00fablico y entregarles una gran recompensa por su visita a Cazorleans este a\u00f1o. Seguidamente <strong>Toronzo Cannon<\/strong> dio tregua y nos hizo viajar hasta los locales de Chicago con sabor a blues de la primera escuela. Fue entonces cuando la noche se vino arriba gracias a la descarga rockanrolera de <strong>Brad Stivers<\/strong> que sal\u00edo al escenario para demostrar que a\u00fan quedaban fuerzas entre el p\u00fablico, a pesar de un d\u00eda muy intenso. Pero esto s\u00f3lo acaba de empezar, a\u00fan quedaban dos d\u00edas para seguir disfrutando de la mayor cita de blues de Europa.<\/p>\n<p>Si el viernes abri\u00f3 el segundo ganador del Blues Battle 2018, el s\u00e1bado le tocar\u00eda a <strong>Alv McMartin<\/strong>, con una propuesta intimista y que encajaba muy bien para ir calentando una segunda tarde en la m\u00edtica plaza de Cazorla. <strong>Kid Carlos Band<\/strong> ser\u00edan los encargados de que Bluescazorla hiciera honor a grandes cl\u00e1sicos del blues y el rock con una puesta en escena de primer nivel. Le seguir\u00eda <strong>Vurro<\/strong> y su propuesta en solitario, en la que alejado de las estructuras al uso de guitarra, bombo y caja, se mostraba dispuesto a demostrar porqu\u00e9 es uno de los artistas revelaci\u00f3n del 2018. Con sintetizadores, bombo y platos, fue una apuesta en el cartel por mostrar la experimentaci\u00f3n y alejarse de los c\u00e1nones del blues al uso al que suele estar acostumbrado el p\u00fablico de este festival.<br \/>\nSeguidamente repet\u00eda en el cartel Pap\u00e1 Julu y su propuesta con latas de aceite como instrumentos a las que denominan AOVE Can Guitars. Una fiesta cargada de versiones y su homenaje a Cazorleans con el tema Thunderstruck de ACDC.<br \/>\nPara comenzar la tarde no pod\u00eda faltar la representaci\u00f3n de las ra\u00edces del jazz y el blues a cargo de <strong>Nat Simons<\/strong>. Le seguir\u00eda <strong>Red Beard<\/strong>, que volvi\u00f3 a generar ese ambiente festivo de la ma\u00f1ana con un directo explosivo. Para acabar con un caballero en la historia del rock andaluz como es <strong>Lapido<\/strong>, que hizo las delicias de los miles de seguidores a los que hizo sentir como en casa.<\/p>\n<p>Ya se acercaba la \u00faltima noche y <strong>The White Buffalo<\/strong>, una promesa del rock blues demostr\u00f3 el saber hacer de Riff producciones, responsable de contrataci\u00f3n, programando artistas de primer nivel. Un saber hacer que volver\u00eda a mostrarse con <strong>Joe Louis Walker<\/strong> y <strong>Zac Harmon<\/strong> que rompieron con la estructura al uso de un concierto, convirtiendo sus conciertos en enormes homenajes al blues, gracias a la interacci\u00f3n de los m\u00fasicos que acompa\u00f1aban a ambos. Una noche apote\u00f3sica.<\/p>\n<p>Y para acabar, eran muchos los que esperaban a ea especie de ni\u00f1a prodigio que se hab\u00eda criado entre jam sessions en casa de sus padres y es que <strong>Ana Popovicdio<\/strong> destila esa actitud en el escenario. Miradas sinceras con sus m\u00fasicos, que eran de primer nivel y una gran fiesta que se iba cociendo tanto encima como bajo el escenario. Pero la cosa deb\u00eda llegar a su fin y tocaba el turno de <strong>Derobert &amp; Halftruths<\/strong>, responsable de mostrar esa parte del blues que unida a la m\u00fasica negra de baile, despierta una celebraci\u00f3n multitudinaria, consiguiendo llenar la plaza de toros a pesar de las horas y recordando que la historia continua y que 2019 nos espera para celebrar el 25 aniversario de Bluescazorla.<\/p>\n<p>[\/et_pb_testimonial][\/et_pb_column_inner][\/et_pb_row_inner][et_pb_row_inner admin_label=\u00bbFila\u00bb][et_pb_column_inner type=\u00bb4_4&#8243; saved_specialty_column_type=\u00bb1_2&#8243;][et_pb_blurb _builder_version=\u00bb3.2.2&#8243; title=\u00bbTequila\u00bb image=\u00bbhttps:\/\/www.cazorla.es\/bluescazorla06\/wp-content\/uploads\/2019\/07\/tequila.jpg\u00bb text_orientation=\u00bbcenter\u00bb header_level=\u00bbh6&#8243; header_text_color=\u00bb#000000&#8243; body_font=\u00bb||on||||||\u00bb \/][\/et_pb_column_inner][\/et_pb_row_inner][\/et_pb_column][\/et_pb_section][et_pb_section bb_built=\u00bb1&#8243; fullwidth=\u00bbon\u00bb specialty=\u00bboff\u00bb prev_background_color=\u00bb#000000&#8243; next_background_color=\u00bb#000000&#8243;][et_pb_fullwidth_slider _builder_version=\u00bb3.2.2&#8243; saved_tabs=\u00bball\u00bb][et_pb_slide _builder_version=\u00bb3.2.2&#8243; button_link=\u00bbhttps:\/\/www.ticketmaster.es\/event\/bluescazorla-festival-entradas\/15663?eventId=15663&amp;track=DiscoveryAPI&amp;camefrom=GLS%7CRiff+Producciones&amp;brand=base_mb_es\u00bb heading=\u00bbNO TE QUEDES SIN TU ABONO \u00bb button_text=\u00bbCOMPRAR ENTRADAS\u00bb background_color=\u00bb#aeaea2&#8243; use_background_color_gradient=\u00bboff\u00bb background_color_gradient_start=\u00bb#2b87da\u00bb background_color_gradient_end=\u00bb#29c4a9&#8243; background_color_gradient_type=\u00bblinear\u00bb background_color_gradient_direction=\u00bb180deg\u00bb background_color_gradient_direction_radial=\u00bbcenter\u00bb background_color_gradient_start_position=\u00bb0%\u00bb background_color_gradient_end_position=\u00bb100%\u00bb background_color_gradient_overlays_image=\u00bboff\u00bb parallax=\u00bboff\u00bb parallax_method=\u00bbon\u00bb background_size=\u00bbcover\u00bb background_position=\u00bbcenter\u00bb background_repeat=\u00bbno-repeat\u00bb background_blend=\u00bbnormal\u00bb allow_player_pause=\u00bboff\u00bb background_video_pause_outside_viewport=\u00bbon\u00bb use_bg_overlay=\u00bboff\u00bb use_text_overlay=\u00bboff\u00bb text_border_radius=\u00bb3&#8243; alignment=\u00bbcenter\u00bb child_filter_hue_rotate=\u00bb0deg\u00bb child_filter_saturate=\u00bb100%\u00bb child_filter_brightness=\u00bb100%\u00bb child_filter_contrast=\u00bb100%\u00bb child_filter_invert=\u00bb0%\u00bb child_filter_sepia=\u00bb0%\u00bb child_filter_opacity=\u00bb100%\u00bb child_filter_blur=\u00bb0px\u00bb child_mix_blend_mode=\u00bbnormal\u00bb background_layout=\u00bbdark\u00bb text_shadow_style=\u00bbnone\u00bb header_text_shadow_style=\u00bbnone\u00bb body_text_shadow_style=\u00bbnone\u00bb custom_button=\u00bboff\u00bb button_bg_use_color_gradient=\u00bboff\u00bb button_bg_color_gradient_overlays_image=\u00bboff\u00bb button_use_icon=\u00bbon\u00bb button_on_hover=\u00bbon\u00bb button_text_shadow_style=\u00bbnone\u00bb box_shadow_style_button=\u00bbnone\u00bb text_shadow_horizontal_length=\u00bb0em\u00bb text_shadow_vertical_length=\u00bb0em\u00bb text_shadow_blur_strength=\u00bb0em\u00bb header_text_shadow_horizontal_length=\u00bb0em\u00bb header_text_shadow_vertical_length=\u00bb0em\u00bb header_text_shadow_blur_strength=\u00bb0em\u00bb body_text_shadow_horizontal_length=\u00bb0em\u00bb body_text_shadow_vertical_length=\u00bb0em\u00bb body_text_shadow_blur_strength=\u00bb0em\u00bb button_text_shadow_horizontal_length=\u00bb0em\u00bb button_text_shadow_vertical_length=\u00bb0em\u00bb button_text_shadow_blur_strength=\u00bb0em\u00bb \/][\/et_pb_fullwidth_slider][\/et_pb_section][et_pb_section bb_built=\u00bb1&#8243; fullwidth=\u00bbon\u00bb specialty=\u00bboff\u00bb prev_background_color=\u00bb#000000&#8243;][et_pb_fullwidth_image src=\u00bbhttps:\/\/www.cazorla.es\/bluescazorla06\/wp-content\/uploads\/2019\/06\/Inferior3_2019.png\u00bb _builder_version=\u00bb3.2.2&#8243; saved_tabs=\u00bball\u00bb]<\/p>\n<p>&nbsp;<\/p>\n<p>[\/et_pb_fullwidth_image][\/et_pb_section]<\/p>\n","protected":false},"excerpt":{"rendered":"<p>[et_pb_section bb_built=\u00bb1&#8243; next_background_color=\u00bb#000000&#8243;][et_pb_row][et_pb_column type=\u00bb4_4&#8243;][et_pb_post_title _builder_version=\u00bb3.2.2&#8243; meta=\u00bboff\u00bb featured_image=\u00bboff\u00bb text_orientation=\u00bbcenter\u00bb \/][\/et_pb_column][\/et_pb_row][\/et_pb_section][et_pb_section bb_built=\u00bb1&#8243; fullwidth=\u00bboff\u00bb specialty=\u00bbon\u00bb prev_background_color=\u00bb#000000&#8243; _builder_version=\u00bb3.2.2&#8243; next_background_color=\u00bb#000000&#8243;][et_pb_column type=\u00bb1_2&#8243;][et_pb_image _builder_version=\u00bb3.2.2&#8243; src=\u00bbhttps:\/\/www.cazorla.es\/bluescazorla06\/wp-content\/uploads\/2019\/07\/Cartel2018.jpg\u00bb max_width=\u00bb85%\u00bb align=\u00bbcenter\u00bb \/][et_pb_blurb _builder_version=\u00bb3.2.2&#8243; title=\u00bbBilly Gibbons\u00bb image=\u00bbhttps:\/\/www.cazorla.es\/bluescazorla06\/wp-content\/uploads\/2019\/07\/Billy.jpg\u00bb text_orientation=\u00bbcenter\u00bb header_level=\u00bbh6&#8243; header_text_color=\u00bb#000000&#8243; body_font=\u00bb||on||||||\u00bb image_max_width=\u00bb90%\u00bb \/][et_pb_blurb _builder_version=\u00bb3.2.2&#8243; title=\u00bbWhite Buffalo\u00bb image=\u00bbhttps:\/\/www.cazorla.es\/bluescazorla06\/wp-content\/uploads\/2019\/07\/White-Buffalo.jpg\u00bb text_orientation=\u00bbcenter\u00bb header_level=\u00bbh6&#8243; header_text_color=\u00bb#000000&#8243; body_font=\u00bb||on||||||\u00bb image_max_width=\u00bb90%\u00bb \/][et_pb_blurb _builder_version=\u00bb3.2.2&#8243; title=\u00bbAna Popovic\u00bb image=\u00bbhttps:\/\/www.cazorla.es\/bluescazorla06\/wp-content\/uploads\/2019\/07\/ana-popovic.jpg\u00bb text_orientation=\u00bbcenter\u00bb header_level=\u00bbh6&#8243; header_text_color=\u00bb#000000&#8243; body_font=\u00bb||on||||||\u00bb \/][et_pb_blurb _builder_version=\u00bb3.2.2&#8243; title=\u00bbJohn Primer\u00bb image=\u00bbhttps:\/\/www.cazorla.es\/bluescazorla06\/wp-content\/uploads\/2019\/07\/John-Primer.jpg\u00bb text_orientation=\u00bbcenter\u00bb [&hellip;]<\/p>\n","protected":false},"author":2,"featured_media":0,"parent":0,"menu_order":0,"comment_status":"closed","ping_status":"closed","template":"","meta":{"_et_pb_use_builder":"on","_et_pb_old_content":"","_et_gb_content_width":"","footnotes":""},"_links":{"self":[{"href":"https:\/\/www.cazorla.es\/bluescazorla06\/wp-json\/wp\/v2\/pages\/3795"}],"collection":[{"href":"https:\/\/www.cazorla.es\/bluescazorla06\/wp-json\/wp\/v2\/pages"}],"about":[{"href":"https:\/\/www.cazorla.es\/bluescazorla06\/wp-json\/wp\/v2\/types\/page"}],"author":[{"embeddable":true,"href":"https:\/\/www.cazorla.es\/bluescazorla06\/wp-json\/wp\/v2\/users\/2"}],"replies":[{"embeddable":true,"href":"https:\/\/www.cazorla.es\/bluescazorla06\/wp-json\/wp\/v2\/comments?post=3795"}],"version-history":[{"count":9,"href":"https:\/\/www.cazorla.es\/bluescazorla06\/wp-json\/wp\/v2\/pages\/3795\/revisions"}],"predecessor-version":[{"id":4075,"href":"https:\/\/www.cazorla.es\/bluescazorla06\/wp-json\/wp\/v2\/pages\/3795\/revisions\/4075"}],"wp:attachment":[{"href":"https:\/\/www.cazorla.es\/bluescazorla06\/wp-json\/wp\/v2\/media?parent=3795"}],"curies":[{"name":"wp","href":"https:\/\/api.w.org\/{rel}","templated":true}]}}