{"id":3793,"date":"2019-07-08T06:45:52","date_gmt":"2019-07-08T06:45:52","guid":{"rendered":"http:\/\/www.cazorla.es\/bluescazorla06\/?page_id=3793"},"modified":"2019-07-11T07:25:16","modified_gmt":"2019-07-11T07:25:16","slug":"bluescazorla-festival-2017","status":"publish","type":"page","link":"https:\/\/www.cazorla.es\/bluescazorla06\/bluescazorla-festival-2017\/","title":{"rendered":"BluesCazorla Festival 2017"},"content":{"rendered":"<p>[et_pb_section bb_built=\u00bb1&#8243; next_background_color=\u00bb#000000&#8243;][et_pb_row][et_pb_column type=\u00bb4_4&#8243;][et_pb_post_title _builder_version=\u00bb3.2.2&#8243; meta=\u00bboff\u00bb featured_image=\u00bboff\u00bb text_orientation=\u00bbcenter\u00bb \/][\/et_pb_column][\/et_pb_row][\/et_pb_section][et_pb_section bb_built=\u00bb1&#8243; fullwidth=\u00bboff\u00bb specialty=\u00bbon\u00bb prev_background_color=\u00bb#000000&#8243; _builder_version=\u00bb3.2.2&#8243; next_background_color=\u00bb#000000&#8243;][et_pb_column type=\u00bb1_2&#8243;][et_pb_image _builder_version=\u00bb3.2.2&#8243; src=\u00bbhttps:\/\/www.cazorla.es\/bluescazorla06\/wp-content\/uploads\/2019\/07\/Cartel2017.jpg\u00bb align=\u00bbcenter\u00bb max_width=\u00bb80%\u00bb \/][et_pb_blurb _builder_version=\u00bb3.2.2&#8243; title=\u00bbNikki Hill\u00bb image=\u00bbhttps:\/\/www.cazorla.es\/bluescazorla06\/wp-content\/uploads\/2019\/07\/NIKKI.jpg\u00bb text_orientation=\u00bbcenter\u00bb header_level=\u00bbh6&#8243; header_text_color=\u00bb#000000&#8243; body_font=\u00bb||on||||||\u00bb image_max_width=\u00bb60%\u00bb \/][et_pb_blurb _builder_version=\u00bb3.2.2&#8243; title=\u00bbTajmo\u00bb image=\u00bbhttps:\/\/www.cazorla.es\/bluescazorla06\/wp-content\/uploads\/2019\/07\/TAJMO2.jpg\u00bb text_orientation=\u00bbcenter\u00bb header_level=\u00bbh6&#8243; header_text_color=\u00bb#000000&#8243; body_font=\u00bb||on||||||\u00bb image_max_width=\u00bb60%\u00bb \/][et_pb_blurb _builder_version=\u00bb3.2.2&#8243; title=\u00bbKing Solomon\u00bb image=\u00bbhttps:\/\/www.cazorla.es\/bluescazorla06\/wp-content\/uploads\/2019\/07\/KING-SOLOMON.jpg\u00bb text_orientation=\u00bbcenter\u00bb header_level=\u00bbh6&#8243; header_text_color=\u00bb#000000&#8243; body_font=\u00bb||on||||||\u00bb image_max_width=\u00bb60%\u00bb \/][\/et_pb_column][et_pb_column type=\u00bb1_2&#8243; specialty_columns=\u00bb2&#8243;][et_pb_row_inner admin_label=\u00bbFila\u00bb][et_pb_column_inner type=\u00bb4_4&#8243; saved_specialty_column_type=\u00bb1_2&#8243;][et_pb_testimonial _builder_version=\u00bb3.2.2&#8243; quote_icon_background_color=\u00bb#f5f5f5&#8243;]<\/p>\n<h1>Nikki Hill, <strong>Taj Mahal,<\/strong> <strong>Keb\u2019 Mo\u2019 apaciguaron el calor de un Blues muy fiel a sus ra\u00edces<\/strong><\/h1>\n<p>La 23 edici\u00f3n del Blues Cazorla se recordar\u00e1 por ser una de las m\u00e1s calurosas y aut\u00e9nticas de los \u00faltimos a\u00f1os\u2026, s\u00f3lo Blues y verdadera m\u00fasica con ra\u00edces. Se estrenaba con\u00a0<strong>Music Maker<\/strong>, bendici\u00f3n de proyecto que nace en 1994 para subrayar y promocionar la carrera de veteranos m\u00fasicos de blues, iniciativa apadrinada por estrellas de la talla de los Rolling Stones, Eric Clapton\u2026 M\u00fasica y vida en cada parpadeo.<\/p>\n<p><strong>John Nemeth<\/strong>\u00a0se adelantaba a la programaci\u00f3n y di\u00f3 una master class de soul que lo coronaba en esta primera jornada, derrochando clase y fuerza en cada interpretaci\u00f3n. Aparici\u00f3n estelar de King Solomon Hicks para acompa\u00f1ar a Nemeth y su banda, en una apote\u00f3sica recta final llena de magia.<\/p>\n<p>A\u00a0<strong>Kenny Neal<\/strong>\u00a0le corr\u00eda Louisiana por las venas y desbord\u00f3 el Mississippi sobre el p\u00fablico. Y lleg\u00f3 la hora de disfrutar del chico de oro de Harlem del que todos hablan,\u00a0<strong>King Solomon Hicks<\/strong>, superando las expectativas con creces. Recordando a las leyendas BB King y Chuck Berry. Mucho futuro para esta promesa.<\/p>\n<p>Lleg\u00f3 el Viernes y <strong>Doyle Bramhall II<\/strong>\u00a0fu\u00e9 el jefe de las seis cuerdas de la noche, dejando su inigualable sello en la velada.<\/p>\n<p><strong>Los Reyes del K.O.<\/strong>\u00a0ganaron el combate y levantaron la noche con un bolo para el recuerdo. Se vac\u00edan sobre el escenario, derrochando simpat\u00eda y meti\u00e9ndose en el bolsillo al p\u00fablico desde la primera canci\u00f3n.<\/p>\n<p><strong>\u00a0Carvin Jones<\/strong>, con sonrisa de oreja a oreja, fue el encargado de encender los fuegos artificiales con su guitarra, baj\u00e1ndose al ruedo y electrificando al respetable.<\/p>\n<p>\u00daltimo d\u00eda y en El Escenario Cruzcampo se cuelga el cartel de \u201cno hay entradas\u201d.\u00a0<strong>Juli\u00e1n Maes<\/strong><strong>o<\/strong>\u00a0no tard\u00f3 en explicar el por qu\u00e9, pose\u00eddo por el esp\u00edritu de Gregg Allman y los Black Crowes. Cada tema huele a cl\u00e1sico. Con las brasas perfectas y bajo una creciente ovaci\u00f3n, sali\u00f3 a escena, agitando unas maracas y ri\u00e9ndose de los d\u00edas que se fueron y de los que vendr\u00e1n,\u00a0<strong>Taj Mahal<\/strong> junto a su compa\u00f1ero de aventuras<strong>\u00a0Keb\u2019 Mo\u2019<\/strong>.<\/p>\n<p>Arm\u00f3nica, el\u00e9ctrica, ac\u00fastica, dobro o ukelele, todo vale para explorar las ra\u00edces del blues y fusionarlas, haciendo que el viaje siga adelante.<\/p>\n<p>El escenario flot\u00f3 con\u00a0<strong>Nikki Hill<\/strong>\u00a0 que devolvi\u00f3 a la tierra para poner la madrugada patas arriba. Nikki dej\u00f3 las cosas claras desde el inicio, con una tormenta cont\u00ednua de garage rock y R&amp;B a la altura de las m\u00e1s grandes.<\/p>\n<p><strong>Davy Knowles<\/strong>\u00a0se estren\u00f3 por estos lares (apareci\u00f3 el jueves en la jam de King Solomon Hicks) y puso el broche perfecto con blues-rock de muchos quilates, al m\u00e1s puro estilo Led Zeppel\u00edn y Rory Gallagher. El temido punto final lleg\u00f3 con un gigantesco cover del \u2018Almost Cut My Hair\u2019 de Crosby, Stills, Nash &amp; Young.<\/p>\n<p>[\/et_pb_testimonial][\/et_pb_column_inner][\/et_pb_row_inner][et_pb_row_inner admin_label=\u00bbFila\u00bb][et_pb_column_inner type=\u00bb4_4&#8243; saved_specialty_column_type=\u00bb1_2&#8243;][et_pb_blurb _builder_version=\u00bb3.2.2&#8243; title=\u00bbKenny Neal\u00bb image=\u00bbhttps:\/\/www.cazorla.es\/bluescazorla06\/wp-content\/uploads\/2019\/07\/KENNY-NEAL.jpg\u00bb text_orientation=\u00bbcenter\u00bb header_level=\u00bbh6&#8243; header_text_color=\u00bb#000000&#8243; body_font=\u00bb||on||||||\u00bb image_max_width=\u00bb60%\u00bb \/][\/et_pb_column_inner][\/et_pb_row_inner][\/et_pb_column][\/et_pb_section][et_pb_section bb_built=\u00bb1&#8243; fullwidth=\u00bbon\u00bb specialty=\u00bboff\u00bb prev_background_color=\u00bb#000000&#8243; next_background_color=\u00bb#000000&#8243;][et_pb_fullwidth_slider _builder_version=\u00bb3.2.2&#8243; saved_tabs=\u00bball\u00bb][et_pb_slide _builder_version=\u00bb3.2.2&#8243; button_link=\u00bbhttps:\/\/www.ticketmaster.es\/event\/bluescazorla-festival-entradas\/15663?eventId=15663&amp;track=DiscoveryAPI&amp;camefrom=GLS%7CRiff+Producciones&amp;brand=base_mb_es\u00bb heading=\u00bbNO TE QUEDES SIN TU ABONO \u00bb button_text=\u00bbCOMPRAR ENTRADAS\u00bb background_color=\u00bb#aeaea2&#8243; use_background_color_gradient=\u00bboff\u00bb background_color_gradient_start=\u00bb#2b87da\u00bb background_color_gradient_end=\u00bb#29c4a9&#8243; background_color_gradient_type=\u00bblinear\u00bb background_color_gradient_direction=\u00bb180deg\u00bb background_color_gradient_direction_radial=\u00bbcenter\u00bb background_color_gradient_start_position=\u00bb0%\u00bb background_color_gradient_end_position=\u00bb100%\u00bb background_color_gradient_overlays_image=\u00bboff\u00bb parallax=\u00bboff\u00bb parallax_method=\u00bbon\u00bb background_size=\u00bbcover\u00bb background_position=\u00bbcenter\u00bb background_repeat=\u00bbno-repeat\u00bb background_blend=\u00bbnormal\u00bb allow_player_pause=\u00bboff\u00bb background_video_pause_outside_viewport=\u00bbon\u00bb use_bg_overlay=\u00bboff\u00bb use_text_overlay=\u00bboff\u00bb text_border_radius=\u00bb3&#8243; alignment=\u00bbcenter\u00bb child_filter_hue_rotate=\u00bb0deg\u00bb child_filter_saturate=\u00bb100%\u00bb child_filter_brightness=\u00bb100%\u00bb child_filter_contrast=\u00bb100%\u00bb child_filter_invert=\u00bb0%\u00bb child_filter_sepia=\u00bb0%\u00bb child_filter_opacity=\u00bb100%\u00bb child_filter_blur=\u00bb0px\u00bb child_mix_blend_mode=\u00bbnormal\u00bb background_layout=\u00bbdark\u00bb text_shadow_style=\u00bbnone\u00bb header_text_shadow_style=\u00bbnone\u00bb body_text_shadow_style=\u00bbnone\u00bb custom_button=\u00bboff\u00bb button_bg_use_color_gradient=\u00bboff\u00bb button_bg_color_gradient_overlays_image=\u00bboff\u00bb button_use_icon=\u00bbon\u00bb button_on_hover=\u00bbon\u00bb button_text_shadow_style=\u00bbnone\u00bb box_shadow_style_button=\u00bbnone\u00bb text_shadow_horizontal_length=\u00bb0em\u00bb text_shadow_vertical_length=\u00bb0em\u00bb text_shadow_blur_strength=\u00bb0em\u00bb header_text_shadow_horizontal_length=\u00bb0em\u00bb header_text_shadow_vertical_length=\u00bb0em\u00bb header_text_shadow_blur_strength=\u00bb0em\u00bb body_text_shadow_horizontal_length=\u00bb0em\u00bb body_text_shadow_vertical_length=\u00bb0em\u00bb body_text_shadow_blur_strength=\u00bb0em\u00bb button_text_shadow_horizontal_length=\u00bb0em\u00bb button_text_shadow_vertical_length=\u00bb0em\u00bb button_text_shadow_blur_strength=\u00bb0em\u00bb \/][\/et_pb_fullwidth_slider][\/et_pb_section][et_pb_section bb_built=\u00bb1&#8243; fullwidth=\u00bbon\u00bb specialty=\u00bboff\u00bb prev_background_color=\u00bb#000000&#8243;][et_pb_fullwidth_image src=\u00bbhttps:\/\/www.cazorla.es\/bluescazorla06\/wp-content\/uploads\/2019\/06\/Inferior3_2019.png\u00bb _builder_version=\u00bb3.2.2&#8243; saved_tabs=\u00bball\u00bb]<\/p>\n<p>&nbsp;<\/p>\n<p>[\/et_pb_fullwidth_image][\/et_pb_section]<\/p>\n","protected":false},"excerpt":{"rendered":"<p>[et_pb_section bb_built=\u00bb1&#8243; next_background_color=\u00bb#000000&#8243;][et_pb_row][et_pb_column type=\u00bb4_4&#8243;][et_pb_post_title _builder_version=\u00bb3.2.2&#8243; meta=\u00bboff\u00bb featured_image=\u00bboff\u00bb text_orientation=\u00bbcenter\u00bb \/][\/et_pb_column][\/et_pb_row][\/et_pb_section][et_pb_section bb_built=\u00bb1&#8243; fullwidth=\u00bboff\u00bb specialty=\u00bbon\u00bb prev_background_color=\u00bb#000000&#8243; _builder_version=\u00bb3.2.2&#8243; next_background_color=\u00bb#000000&#8243;][et_pb_column type=\u00bb1_2&#8243;][et_pb_image _builder_version=\u00bb3.2.2&#8243; src=\u00bbhttps:\/\/www.cazorla.es\/bluescazorla06\/wp-content\/uploads\/2019\/07\/Cartel2017.jpg\u00bb align=\u00bbcenter\u00bb max_width=\u00bb80%\u00bb \/][et_pb_blurb _builder_version=\u00bb3.2.2&#8243; title=\u00bbNikki Hill\u00bb image=\u00bbhttps:\/\/www.cazorla.es\/bluescazorla06\/wp-content\/uploads\/2019\/07\/NIKKI.jpg\u00bb text_orientation=\u00bbcenter\u00bb header_level=\u00bbh6&#8243; header_text_color=\u00bb#000000&#8243; body_font=\u00bb||on||||||\u00bb image_max_width=\u00bb60%\u00bb \/][et_pb_blurb _builder_version=\u00bb3.2.2&#8243; title=\u00bbTajmo\u00bb image=\u00bbhttps:\/\/www.cazorla.es\/bluescazorla06\/wp-content\/uploads\/2019\/07\/TAJMO2.jpg\u00bb text_orientation=\u00bbcenter\u00bb header_level=\u00bbh6&#8243; header_text_color=\u00bb#000000&#8243; body_font=\u00bb||on||||||\u00bb image_max_width=\u00bb60%\u00bb \/][et_pb_blurb _builder_version=\u00bb3.2.2&#8243; title=\u00bbKing Solomon\u00bb image=\u00bbhttps:\/\/www.cazorla.es\/bluescazorla06\/wp-content\/uploads\/2019\/07\/KING-SOLOMON.jpg\u00bb text_orientation=\u00bbcenter\u00bb header_level=\u00bbh6&#8243; header_text_color=\u00bb#000000&#8243; body_font=\u00bb||on||||||\u00bb image_max_width=\u00bb60%\u00bb \/][\/et_pb_column][et_pb_column type=\u00bb1_2&#8243; specialty_columns=\u00bb2&#8243;][et_pb_row_inner admin_label=\u00bbFila\u00bb][et_pb_column_inner type=\u00bb4_4&#8243; saved_specialty_column_type=\u00bb1_2&#8243;][et_pb_testimonial [&hellip;]<\/p>\n","protected":false},"author":2,"featured_media":0,"parent":0,"menu_order":0,"comment_status":"closed","ping_status":"closed","template":"","meta":{"_et_pb_use_builder":"on","_et_pb_old_content":"","_et_gb_content_width":"","footnotes":""},"_links":{"self":[{"href":"https:\/\/www.cazorla.es\/bluescazorla06\/wp-json\/wp\/v2\/pages\/3793"}],"collection":[{"href":"https:\/\/www.cazorla.es\/bluescazorla06\/wp-json\/wp\/v2\/pages"}],"about":[{"href":"https:\/\/www.cazorla.es\/bluescazorla06\/wp-json\/wp\/v2\/types\/page"}],"author":[{"embeddable":true,"href":"https:\/\/www.cazorla.es\/bluescazorla06\/wp-json\/wp\/v2\/users\/2"}],"replies":[{"embeddable":true,"href":"https:\/\/www.cazorla.es\/bluescazorla06\/wp-json\/wp\/v2\/comments?post=3793"}],"version-history":[{"count":13,"href":"https:\/\/www.cazorla.es\/bluescazorla06\/wp-json\/wp\/v2\/pages\/3793\/revisions"}],"predecessor-version":[{"id":4011,"href":"https:\/\/www.cazorla.es\/bluescazorla06\/wp-json\/wp\/v2\/pages\/3793\/revisions\/4011"}],"wp:attachment":[{"href":"https:\/\/www.cazorla.es\/bluescazorla06\/wp-json\/wp\/v2\/media?parent=3793"}],"curies":[{"name":"wp","href":"https:\/\/api.w.org\/{rel}","templated":true}]}}