{"id":3791,"date":"2019-07-08T06:44:50","date_gmt":"2019-07-08T06:44:50","guid":{"rendered":"http:\/\/www.cazorla.es\/bluescazorla06\/?page_id=3791"},"modified":"2019-07-11T07:26:36","modified_gmt":"2019-07-11T07:26:36","slug":"bluescazorla-festival-2016","status":"publish","type":"page","link":"https:\/\/www.cazorla.es\/bluescazorla06\/bluescazorla-festival-2016\/","title":{"rendered":"BluesCazorla Festival 2016"},"content":{"rendered":"<p>[et_pb_section bb_built=\u00bb1&#8243; next_background_color=\u00bb#000000&#8243;][et_pb_row][et_pb_column type=\u00bb4_4&#8243;][et_pb_post_title _builder_version=\u00bb3.2.2&#8243; meta=\u00bboff\u00bb featured_image=\u00bboff\u00bb text_orientation=\u00bbcenter\u00bb \/][\/et_pb_column][\/et_pb_row][\/et_pb_section][et_pb_section bb_built=\u00bb1&#8243; fullwidth=\u00bboff\u00bb specialty=\u00bbon\u00bb prev_background_color=\u00bb#000000&#8243; next_background_color=\u00bb#000000&#8243;][et_pb_column type=\u00bb1_2&#8243;][et_pb_image _builder_version=\u00bb3.2.2&#8243; src=\u00bbhttps:\/\/cazorla.es\/wp-content\/uploads\/2016\/05\/Prensa-ruta-66-AF1.jpg\u00bb \/][et_pb_blurb _builder_version=\u00bb3.2.2&#8243; title=\u00bbShemekia Copeland\u00bb image=\u00bbhttp:\/\/cazorla.es\/wp-content\/uploads\/2015\/06\/Shemekia.jpg\u00bb text_orientation=\u00bbcenter\u00bb header_level=\u00bbh6&#8243; header_text_color=\u00bb#000000&#8243; body_font=\u00bb||on||||||\u00bb \/][et_pb_blurb _builder_version=\u00bb3.2.2&#8243; title=\u00bbNathaniel Rateliff &amp; The Night Sweats\u00bb image=\u00bbhttps:\/\/cazorla.es\/wp-content\/uploads\/2015\/06\/Nathaniel-Rateliff.jpg\u00bb text_orientation=\u00bbcenter\u00bb header_level=\u00bbh6&#8243; header_text_color=\u00bb#000000&#8243; body_font=\u00bb||on||||||\u00bb \/][et_pb_blurb _builder_version=\u00bb3.2.2&#8243; title=\u00bbPopa Chubby\u00bb image=\u00bbhttps:\/\/cazorla.es\/wp-content\/uploads\/2015\/06\/Popa-Chubby-2015-2-1020&#215;680.jpg\u00bb text_orientation=\u00bbcenter\u00bb header_level=\u00bbh6&#8243; header_text_color=\u00bb#000000&#8243; body_font=\u00bb||on||||||\u00bb \/][et_pb_blurb _builder_version=\u00bb3.2.2&#8243; title=\u00bbMr Sipp\u00bb image=\u00bbhttps:\/\/cazorla.es\/wp-content\/uploads\/2015\/06\/Bald-1.jpg\u00bb text_orientation=\u00bbcenter\u00bb header_level=\u00bbh6&#8243; header_text_color=\u00bb#000000&#8243; body_font=\u00bb||on||||||\u00bb \/][\/et_pb_column][et_pb_column type=\u00bb1_2&#8243; specialty_columns=\u00bb2&#8243;][et_pb_row_inner admin_label=\u00bbFila\u00bb][et_pb_column_inner type=\u00bb4_4&#8243; saved_specialty_column_type=\u00bb1_2&#8243;][et_pb_testimonial _builder_version=\u00bb3.2.2&#8243; author=\u00bbBluesCazorla se traslada a Texas con Nathaniel Rateliff, se emociona con Shemekia Copeland y crea el \u2018I Concurso de Bandas BluesCazorla Blues Battle\u2019\u00bb quote_icon_background_color=\u00bb#f5f5f5&#8243;]<\/p>\n<h1><strong>BluesCazorla se traslada a Texas con Nathaniel Rateliff, se emociona con Shemekia Copeland y crea el \u2018I Concurso de Bandas BluesCazorla Blues Battle\u2019<\/strong><\/h1>\n<p><strong><em>Los dos patitos se han cumplido ya en Cazorla. Veintid\u00f3s a\u00f1os que dan para mucho y para celebrarlo una estrella emergente en el panorama de la m\u00fasica internacional como Nathaniel Rateliif &amp; The Night Sweats, la resurrecci\u00f3n de la m\u00edtica banda, 091 y la pasi\u00f3n de una de las blueswoman del momento, Shemekia Copeland.<\/em><\/strong><\/p>\n<p>En esta edici\u00f3n el blues comenz\u00f3 a sonar antes de lo previsto. Y es que arrancaba la primera edici\u00f3n del Concurso BluesCazorla Blues Battle que cont\u00f3 con la participaci\u00f3n de 13 bandas del panorama nacional que combatieron con m\u00fasica de buen nivel en tres pubs de Cazorla. Los ganadores fueron la banda albacete\u00f1a que entusiasmo de una manera asombrosa, <strong>The Niftys<\/strong>. El segundo lugar fue para <strong>The Jon Storey Band<\/strong>, una banda procedente de M\u00e9rida.<\/p>\n<p>El jueves promet\u00eda en su mayor parte con un reparto de bandas nacionales de gran calado pero con el pistoletazo de salida del soulman blanco, <strong>James Hunter<\/strong> que volvi\u00f3 a Cazorla con su \u00faltimo trabajo \u2018Hold On\u2019. Despu\u00e9s la banda m\u00e1s esperada de la noche con una plaza de Toros abarrotada de espectadores, <strong>091<\/strong> volv\u00eda a Cazorla despu\u00e9s de casi treinta a\u00f1os. Un concierto que quedar\u00e1 para el recuerdo.<\/p>\n<p>Bien entrada la madrugada <strong>Aurora &amp; The Betrayers<\/strong> pisaron fuerte en el escenario Cruzcampo, una muestra de porque son una de las bandas emergentes en el panorama nacional del blues y el soul. Para cerrar la noche, <strong>Seydel Harpa Attack<\/strong> en un homenaje a la arm\u00f3nica de la mano de Mingo Balaguer, Emilio Arsuaga y Joaqu\u00edn Rodr\u00edguez Rivas har\u00e1n viajar a los espectadores por sonidos de James Cotton hasta Carey Bell.<\/p>\n<p>El viernes arrancaba con uno de los triunfadores del concurso de batallas,<strong> \u2018The Jon Storey Band\u2019<\/strong>, una banda que se dej\u00f3 la piel en el escenario y que encant\u00f3 a los bluseros m\u00e1s madrugadores. Seguidamente <strong>L84<\/strong> y <strong>The All Man Spirit<\/strong> amenizaron la ma\u00f1ana que cerr\u00f3 otra de las bandas destacadas del festival <strong>Pink Suede<\/strong>.<\/p>\n<p>Por la tarde, arrancaba el escenario Ja\u00e9n en Julio con las actuaciones de<strong> \u2018Depravada Blues Band\u2019<\/strong>, <strong>\u2018Drum Cat Blues\u2019<\/strong> y el broche de oro de una banda con solera que dej\u00f3 un concierto para el recuerdo,<strong> \u2018The All Man Brothers\u2019<\/strong>.<\/p>\n<p>La noche se esperaba grandiosa, uno de los grandes del blues pisaba las tablas del escenario Cruzcampo, <strong>Lazy Lester<\/strong> que impregn\u00f3 de sonidos de swamp a los espectadores de Bluescazorla.<\/p>\n<p>Despu\u00e9s lleg\u00f3 el turno del cabeza de cartel del festival, <strong>Nathaniel Rateliff &amp; The Night Sweats<\/strong>, el cantante de folk sorprendi\u00f3 a todos con la edici\u00f3n de un fabuloso \u00e1lbum de soul editado por Stax, el legendario sello de Memphis. A grito de su \u00e9xito \u2018SOB\u2019 dej\u00f3 un concierto que los espectadores de Cazorleans tardar\u00e1n en olvidar.<\/p>\n<p>Pero el viernes no acababa aqu\u00ed, un bluesman emergente saltaba al ruedo de Cazorla, <strong>Mr Sipp<\/strong>, un virtuoso de la guitarra con toques de blues del delta y al m\u00e1s puro estilo de Chicago, sin duda la revelaci\u00f3n\u00a0 del festival.<\/p>\n<p>Para cerrar la noche, una gran voz femenina como <strong>Shakura S\u2019aida<\/strong>, con su potente voz y muy cercana al jazz desped\u00eda la noche a lo grande.<\/p>\n<p>El broche de oro al festival lleg\u00f3 con el s\u00e1bado. Para abrir boca, <strong>The Niftys<\/strong>, ganadores del BluesCazorla Blues Battle, el\u00e9ctricos y con un ritmo y una conexi\u00f3n asombrosa llenaron la plaza de Santa Mar\u00eda. Despu\u00e9s, <strong>Oli Brown<\/strong> en su versi\u00f3n en ac\u00fastico mostr\u00f3 porque es uno de los artistas emergentes en el estilo rock. La gran<strong> Shemekia Copeland<\/strong> dej\u00f3 boquiabiertos a los espectadores con su excelente voz y para cerrar el escenario, <strong>Lovehunters Blues Band<\/strong>, una versi\u00f3n diferente y divertida de algunos de los componentes de Los Perros del Boggie.<\/p>\n<p>Para la tarde, no fallan.<strong> Txus Blues &amp; Jose Bluefingers<\/strong>, a su estilo y con su nuevo trabajo hicieron bailar a miles de personas. <strong>Los Perros del Boggie<\/strong> pusieron su toque cuando empezaba a caer la noche y sirvieron de antesala a <strong>\u2018Los Zigarros\u2019<\/strong>, el\u00e9ctricos y emotivos echaron el cierre al escenario Ja\u00e9n en Julio.<\/p>\n<p>La noche del s\u00e1bado ilusion\u00f3 m\u00e1s de lo esperado. <strong>Cord Carpenter Band<\/strong> se encarg\u00f3 de ello con influencias en canciones de Johnny Cash, Tom Petty y Jackson Browne. La gran <strong>Shemekia Copeland<\/strong> ilumin\u00f3 la plaza de Toros con su genial voz, dejando claro porque es una de las mejores voces de blues del momento.<\/p>\n<p><strong>Popa Chubby<\/strong>, volvi\u00f3 a Cazorla con su virtuosismo con la guitarra, un experto que nunca falla en sus citas. El broche final lleg\u00f3 con <strong>RavenEye Featuring Oli Brown<\/strong> que cerr\u00f3 el festival a lo grande.<\/p>\n<p>[\/et_pb_testimonial][\/et_pb_column_inner][\/et_pb_row_inner][et_pb_row_inner admin_label=\u00bbFila\u00bb][et_pb_column_inner type=\u00bb4_4&#8243; saved_specialty_column_type=\u00bb1_2&#8243;][et_pb_blurb _builder_version=\u00bb3.2.2&#8243; title=\u00bb091&#8243; image=\u00bbhttps:\/\/cazorla.es\/wp-content\/uploads\/2015\/06\/091-otra.jpg\u00bb text_orientation=\u00bbcenter\u00bb header_level=\u00bbh6&#8243; header_text_color=\u00bb#000000&#8243; body_font=\u00bb||on||||||\u00bb \/][\/et_pb_column_inner][\/et_pb_row_inner][\/et_pb_column][\/et_pb_section][et_pb_section bb_built=\u00bb1&#8243; fullwidth=\u00bbon\u00bb specialty=\u00bboff\u00bb prev_background_color=\u00bb#000000&#8243; next_background_color=\u00bb#000000&#8243;][et_pb_fullwidth_slider _builder_version=\u00bb3.2.2&#8243; saved_tabs=\u00bball\u00bb][et_pb_slide _builder_version=\u00bb3.2.2&#8243; button_link=\u00bbhttps:\/\/www.ticketmaster.es\/event\/bluescazorla-festival-entradas\/15663?eventId=15663&amp;track=DiscoveryAPI&amp;camefrom=GLS%7CRiff+Producciones&amp;brand=base_mb_es\u00bb heading=\u00bbNO TE QUEDES SIN TU ABONO \u00bb button_text=\u00bbCOMPRAR ENTRADAS\u00bb background_color=\u00bb#aeaea2&#8243; use_background_color_gradient=\u00bboff\u00bb background_color_gradient_start=\u00bb#2b87da\u00bb background_color_gradient_end=\u00bb#29c4a9&#8243; background_color_gradient_type=\u00bblinear\u00bb background_color_gradient_direction=\u00bb180deg\u00bb background_color_gradient_direction_radial=\u00bbcenter\u00bb background_color_gradient_start_position=\u00bb0%\u00bb background_color_gradient_end_position=\u00bb100%\u00bb background_color_gradient_overlays_image=\u00bboff\u00bb parallax=\u00bboff\u00bb parallax_method=\u00bbon\u00bb background_size=\u00bbcover\u00bb background_position=\u00bbcenter\u00bb background_repeat=\u00bbno-repeat\u00bb background_blend=\u00bbnormal\u00bb allow_player_pause=\u00bboff\u00bb background_video_pause_outside_viewport=\u00bbon\u00bb use_bg_overlay=\u00bboff\u00bb use_text_overlay=\u00bboff\u00bb text_border_radius=\u00bb3&#8243; alignment=\u00bbcenter\u00bb child_filter_hue_rotate=\u00bb0deg\u00bb child_filter_saturate=\u00bb100%\u00bb child_filter_brightness=\u00bb100%\u00bb child_filter_contrast=\u00bb100%\u00bb child_filter_invert=\u00bb0%\u00bb child_filter_sepia=\u00bb0%\u00bb child_filter_opacity=\u00bb100%\u00bb child_filter_blur=\u00bb0px\u00bb child_mix_blend_mode=\u00bbnormal\u00bb background_layout=\u00bbdark\u00bb text_shadow_style=\u00bbnone\u00bb header_text_shadow_style=\u00bbnone\u00bb body_text_shadow_style=\u00bbnone\u00bb custom_button=\u00bboff\u00bb button_bg_use_color_gradient=\u00bboff\u00bb button_bg_color_gradient_overlays_image=\u00bboff\u00bb button_use_icon=\u00bbon\u00bb button_on_hover=\u00bbon\u00bb button_text_shadow_style=\u00bbnone\u00bb box_shadow_style_button=\u00bbnone\u00bb text_shadow_horizontal_length=\u00bb0em\u00bb text_shadow_vertical_length=\u00bb0em\u00bb text_shadow_blur_strength=\u00bb0em\u00bb header_text_shadow_horizontal_length=\u00bb0em\u00bb header_text_shadow_vertical_length=\u00bb0em\u00bb header_text_shadow_blur_strength=\u00bb0em\u00bb body_text_shadow_horizontal_length=\u00bb0em\u00bb body_text_shadow_vertical_length=\u00bb0em\u00bb body_text_shadow_blur_strength=\u00bb0em\u00bb button_text_shadow_horizontal_length=\u00bb0em\u00bb button_text_shadow_vertical_length=\u00bb0em\u00bb button_text_shadow_blur_strength=\u00bb0em\u00bb \/][\/et_pb_fullwidth_slider][\/et_pb_section][et_pb_section bb_built=\u00bb1&#8243; fullwidth=\u00bbon\u00bb specialty=\u00bboff\u00bb prev_background_color=\u00bb#000000&#8243;][et_pb_fullwidth_image src=\u00bbhttps:\/\/www.cazorla.es\/bluescazorla06\/wp-content\/uploads\/2019\/06\/Inferior3_2019.png\u00bb _builder_version=\u00bb3.2.2&#8243; saved_tabs=\u00bball\u00bb]<\/p>\n<p>&nbsp;<\/p>\n<p>[\/et_pb_fullwidth_image][\/et_pb_section]<\/p>\n","protected":false},"excerpt":{"rendered":"<p>[et_pb_section bb_built=\u00bb1&#8243; next_background_color=\u00bb#000000&#8243;][et_pb_row][et_pb_column type=\u00bb4_4&#8243;][et_pb_post_title _builder_version=\u00bb3.2.2&#8243; meta=\u00bboff\u00bb featured_image=\u00bboff\u00bb text_orientation=\u00bbcenter\u00bb \/][\/et_pb_column][\/et_pb_row][\/et_pb_section][et_pb_section bb_built=\u00bb1&#8243; fullwidth=\u00bboff\u00bb specialty=\u00bbon\u00bb prev_background_color=\u00bb#000000&#8243; next_background_color=\u00bb#000000&#8243;][et_pb_column type=\u00bb1_2&#8243;][et_pb_image _builder_version=\u00bb3.2.2&#8243; src=\u00bbhttps:\/\/cazorla.es\/wp-content\/uploads\/2016\/05\/Prensa-ruta-66-AF1.jpg\u00bb \/][et_pb_blurb _builder_version=\u00bb3.2.2&#8243; title=\u00bbShemekia Copeland\u00bb image=\u00bbhttp:\/\/cazorla.es\/wp-content\/uploads\/2015\/06\/Shemekia.jpg\u00bb text_orientation=\u00bbcenter\u00bb header_level=\u00bbh6&#8243; header_text_color=\u00bb#000000&#8243; body_font=\u00bb||on||||||\u00bb \/][et_pb_blurb _builder_version=\u00bb3.2.2&#8243; title=\u00bbNathaniel Rateliff &amp; The Night Sweats\u00bb image=\u00bbhttps:\/\/cazorla.es\/wp-content\/uploads\/2015\/06\/Nathaniel-Rateliff.jpg\u00bb text_orientation=\u00bbcenter\u00bb header_level=\u00bbh6&#8243; header_text_color=\u00bb#000000&#8243; body_font=\u00bb||on||||||\u00bb \/][et_pb_blurb _builder_version=\u00bb3.2.2&#8243; title=\u00bbPopa Chubby\u00bb image=\u00bbhttps:\/\/cazorla.es\/wp-content\/uploads\/2015\/06\/Popa-Chubby-2015-2-1020&#215;680.jpg\u00bb text_orientation=\u00bbcenter\u00bb header_level=\u00bbh6&#8243; header_text_color=\u00bb#000000&#8243; body_font=\u00bb||on||||||\u00bb \/][et_pb_blurb _builder_version=\u00bb3.2.2&#8243; title=\u00bbMr Sipp\u00bb image=\u00bbhttps:\/\/cazorla.es\/wp-content\/uploads\/2015\/06\/Bald-1.jpg\u00bb text_orientation=\u00bbcenter\u00bb header_level=\u00bbh6&#8243; [&hellip;]<\/p>\n","protected":false},"author":2,"featured_media":0,"parent":0,"menu_order":0,"comment_status":"closed","ping_status":"closed","template":"","meta":{"_et_pb_use_builder":"on","_et_pb_old_content":"","_et_gb_content_width":"","footnotes":""},"_links":{"self":[{"href":"https:\/\/www.cazorla.es\/bluescazorla06\/wp-json\/wp\/v2\/pages\/3791"}],"collection":[{"href":"https:\/\/www.cazorla.es\/bluescazorla06\/wp-json\/wp\/v2\/pages"}],"about":[{"href":"https:\/\/www.cazorla.es\/bluescazorla06\/wp-json\/wp\/v2\/types\/page"}],"author":[{"embeddable":true,"href":"https:\/\/www.cazorla.es\/bluescazorla06\/wp-json\/wp\/v2\/users\/2"}],"replies":[{"embeddable":true,"href":"https:\/\/www.cazorla.es\/bluescazorla06\/wp-json\/wp\/v2\/comments?post=3791"}],"version-history":[{"count":17,"href":"https:\/\/www.cazorla.es\/bluescazorla06\/wp-json\/wp\/v2\/pages\/3791\/revisions"}],"predecessor-version":[{"id":4040,"href":"https:\/\/www.cazorla.es\/bluescazorla06\/wp-json\/wp\/v2\/pages\/3791\/revisions\/4040"}],"wp:attachment":[{"href":"https:\/\/www.cazorla.es\/bluescazorla06\/wp-json\/wp\/v2\/media?parent=3791"}],"curies":[{"name":"wp","href":"https:\/\/api.w.org\/{rel}","templated":true}]}}