{"id":3789,"date":"2019-07-08T06:43:53","date_gmt":"2019-07-08T06:43:53","guid":{"rendered":"http:\/\/www.cazorla.es\/bluescazorla06\/?page_id=3789"},"modified":"2019-07-11T07:28:37","modified_gmt":"2019-07-11T07:28:37","slug":"bluescazorla-festival-2015","status":"publish","type":"page","link":"https:\/\/www.cazorla.es\/bluescazorla06\/bluescazorla-festival-2015\/","title":{"rendered":"BluesCazorla Festival 2015"},"content":{"rendered":"<p>[et_pb_section bb_built=\u00bb1&#8243; next_background_color=\u00bb#000000&#8243;][et_pb_row][et_pb_column type=\u00bb4_4&#8243;][et_pb_post_title _builder_version=\u00bb3.2.2&#8243; meta=\u00bboff\u00bb featured_image=\u00bboff\u00bb text_orientation=\u00bbcenter\u00bb \/][\/et_pb_column][\/et_pb_row][\/et_pb_section][et_pb_section bb_built=\u00bb1&#8243; fullwidth=\u00bboff\u00bb specialty=\u00bbon\u00bb prev_background_color=\u00bb#000000&#8243; _builder_version=\u00bb3.2.2&#8243; next_background_color=\u00bb#000000&#8243;][et_pb_column type=\u00bb1_2&#8243;][et_pb_image _builder_version=\u00bb3.2.2&#8243; src=\u00bbhttps:\/\/cazorla.es\/wp-content\/uploads\/2015\/06\/bluescazorla-2015-festival-blues.jpg\u00bb \/][et_pb_blurb _builder_version=\u00bb3.2.2&#8243; title=\u00bbWilko Johnson\u00bb image=\u00bbhttps:\/\/cazorla.es\/wp-content\/uploads\/2015\/06\/Wilko-Johnson.jpg\u00bb text_orientation=\u00bbcenter\u00bb header_level=\u00bbh6&#8243; header_text_color=\u00bb#000000&#8243; body_font=\u00bb||on||||||\u00bb \/][et_pb_blurb _builder_version=\u00bb3.2.2&#8243; title=\u00bbImelda May\u00bb image=\u00bbhttps:\/\/cazorla.es\/wp-content\/uploads\/2015\/06\/imelda_may1300x630__artist-large.jpg\u00bb text_orientation=\u00bbcenter\u00bb header_level=\u00bbh6&#8243; header_text_color=\u00bb#000000&#8243; body_font=\u00bb||on||||||\u00bb \/][et_pb_blurb _builder_version=\u00bb3.2.2&#8243; title=\u00bbLos Lobos\u00bb image=\u00bbhttps:\/\/cazorla.es\/wp-content\/uploads\/2015\/06\/descarga2.jpg\u00bb text_orientation=\u00bbcenter\u00bb header_level=\u00bbh6&#8243; header_text_color=\u00bb#000000&#8243; body_font=\u00bb||on||||||\u00bb \/][et_pb_blurb _builder_version=\u00bb3.2.2&#8243; title=\u00bbJohn Hiatt\u00bb image=\u00bbhttps:\/\/cazorla.es\/wp-content\/uploads\/2015\/06\/MI0003725944.jpg\u00bb text_orientation=\u00bbcenter\u00bb header_level=\u00bbh6&#8243; header_text_color=\u00bb#000000&#8243; body_font=\u00bb||on||||||\u00bb \/][\/et_pb_column][et_pb_column type=\u00bb1_2&#8243; specialty_columns=\u00bb2&#8243;][et_pb_row_inner admin_label=\u00bbFila\u00bb][et_pb_column_inner type=\u00bb4_4&#8243; saved_specialty_column_type=\u00bb1_2&#8243;][et_pb_testimonial _builder_version=\u00bb3.2.2&#8243; quote_icon_background_color=\u00bb#f5f5f5&#8243;]<\/p>\n<h1><strong>BluesCazorla cumple sus 21 a\u00f1os por todo lo alto<\/strong><\/h1>\n<p><strong><em> Las actuaciones de Imelda May, Wilko Johnson y Los Lobos llenaron el escenario de la plaza de Toros hasta la bandera.<\/em><\/strong><\/p>\n<p>BluesCazorla sigue cosechando \u00e9xitos. 21 a\u00f1os de historia de blues y un ambiente inmejorable. No es para menos cuando m\u00e1s de 25.000 personas acuden a un intenso fin de semana de m\u00fasica y buen ambiente, un evento que llena las plazas hoteleras de la comarca Sierra de Cazorla durante tres d\u00edas.<\/p>\n<p>Este a\u00f1o, la noche del jueves se presentaba muy fuerte, con la intenci\u00f3n de dar un salto de calidad y completar tres d\u00edas al mismo nivel<strong>. Curtis Salgado<\/strong> abri\u00f3 fuego, una de las mejores arm\u00f3nicas del momento hizo viajar al p\u00fablico a ritmos de soul y R&amp;B durante algo m\u00e1s de una hora. Llegaba el turno de la actuaci\u00f3n m\u00e1s esperada de la noche,<strong> Imelda May<\/strong> brill\u00f3 en el escenario como una de las divas de la \u00e9poca. Rockabilly en estado puro y una gran voz que impresion\u00f3, Imelda despidi\u00f3 a golpes de voz de \u201cBam Bam\u201d su concierto en Cazorla.<\/p>\n<p>Para cerrar la noche, una incombustible<strong> Nikki Hill<\/strong> con su guitarrista en su mejor versi\u00f3n. Nikki, se mueve en el escenario como pez en el agua y eso anima al p\u00fablico. Canciones como &#8216;Righy on the Brink&#8217; o \u00a0&#8216;I&#8217;ve Got a Man&#8217; sonaron con la energ\u00eda que le caracteriza As\u00ed, se cerr\u00f3 el jueves blusero.<\/p>\n<p>\u2018Cazorleans\u2019, como se le llama a Cazorla en estas fechas se caracteriza por su ambiente en los distintos escenarios gratuitos de la plaza de Santa Mar\u00eda, Teatro de la Merced y Audit\u00f3rium del Cristo. Para el viernes, los bluseros disfrutaron de los conciertos de<strong> Dead Flowers, Moreland &amp; Arbuckle, Lichis, Luke Winslow King, King Pug, Aurora &amp; The Betrayers<\/strong> y los m\u00edticos<strong> Burning<\/strong> que completaron el aforo del escenario del parque del Cristo.<\/p>\n<p>Para la noche, el blues de Chicago no puede falta en este festival. <strong>Willie Walker e Igor Prado<\/strong> a la guitarra se encargaron de ello con un blues enternecedor, esencia de BluesCazorla que no puede faltar en ninguna edici\u00f3n y en la que ellos se encargaron de que as\u00ed fuera para as\u00ed abrir la noche con buen pie. La actuaci\u00f3n m\u00e1s esperada del viernes era la de <strong>Wilko Johnson<\/strong>, no defraud\u00f3 y dio lo mejor de s\u00ed en el escenario, domina a la perfecci\u00f3n su guitarra e interactu\u00f3 con el p\u00fablico de una manera sorprendente. Wilko lo dio todo, como si se tratara de su \u00faltimo concierto y con grandes canciones que recuerdan y muy bien sus seguidores como \u2018Barbed Wire Blues\u2019, \u2018Going Bach Home\u2019 o \u2018I Keep It to Myself\u2019.<\/p>\n<p>La noche del viernes se cerr\u00f3 con <strong>Moreland &amp; Arbuckle<\/strong> que sorprendieron y dejaron ver que son un d\u00fao a tener en cuenta en los pr\u00f3ximos a\u00f1os. El broche final lo puso una de las revelaciones del blues, <strong>Selwyn Birchwood<\/strong>. Un guitarrista que no dej\u00f3 de tocar hasta bien entrada a la madrugada y que fue la revelaci\u00f3n del festival.<\/p>\n<p><strong>S\u00e1bado<\/strong><\/p>\n<p>El s\u00e1bado se presentaba con fuerza. El ambiente crec\u00eda y la plaza de Santa Mar\u00eda se impregnaba de amantes de la m\u00fasica, llenando terrazas, bares y restaurantes mientras escuchaban los temas musicales de <strong>Cazorleans Blues Band, Igor Prado, Marcus Bonfanti y Jos\u00e9 Luis Pardo<\/strong>.<\/p>\n<p>La tarde continuaba con las actuaciones de <strong>Adrian Costa, Labelle y Marcus Bonfanti Band<\/strong>, un escenario que en esta edici\u00f3n ha completado su aforo en ambos d\u00edas.<\/p>\n<p>Para la noche, <strong>Edu Manazas &amp; Whiskey Tren<\/strong> abrieron fuego con su blues el\u00e9ctrico y marchoso. Seguidamente, <strong>John Hiatt &amp; The Combo<\/strong>, 40 a\u00f1os de m\u00fasica americana, esa que se viene mezclando con todos los estilos que salen de su convulsa tierra: country, folk, blues, rock, soul con canciones que emocionan, canciones que han sonado en cassettes TDK y que sonaban a gloria y que enternecieron a los espectadores como Crossing de Muddy Waters o el homenaje a Joe Cocker.<\/p>\n<p>La marcha estaba asegurada con la actuaci\u00f3n de<strong> Los Lobos<\/strong>, a ritmo de blues y Tex-Mex y con 40 a\u00f1os de m\u00fasica a sus espaldas despidieron su concierto a ritmo de \u2018La Bamba\u2019 y haciendo bailar a miles de personas como nunca se hab\u00eda visto en BluesCazorla.<\/p>\n<p>El colof\u00f3n al festival lo puso la banda <strong>\u2018The London Soul\u2019<\/strong>, un grupo emergente en el panorama musical que cerr\u00f3 dignamente y soplo las velas de 21 a\u00f1os de blues y m\u00fasica en Cazorla.<\/p>\n<p>[\/et_pb_testimonial][\/et_pb_column_inner][\/et_pb_row_inner][et_pb_row_inner admin_label=\u00bbFila\u00bb][et_pb_column_inner type=\u00bb4_4&#8243; saved_specialty_column_type=\u00bb1_2&#8243;][et_pb_blurb _builder_version=\u00bb3.2.2&#8243; title=\u00bbCurtis Salgado\u00bb image=\u00bbhttps:\/\/cazorla.es\/wp-content\/uploads\/2015\/06\/descarga1.jpg\u00bb text_orientation=\u00bbcenter\u00bb header_level=\u00bbh6&#8243; header_text_color=\u00bb#000000&#8243; body_font=\u00bb||on||||||\u00bb \/][\/et_pb_column_inner][\/et_pb_row_inner][\/et_pb_column][\/et_pb_section][et_pb_section bb_built=\u00bb1&#8243; fullwidth=\u00bbon\u00bb specialty=\u00bboff\u00bb prev_background_color=\u00bb#000000&#8243; next_background_color=\u00bb#000000&#8243;][et_pb_fullwidth_slider _builder_version=\u00bb3.2.2&#8243; saved_tabs=\u00bball\u00bb][et_pb_slide _builder_version=\u00bb3.2.2&#8243; button_link=\u00bbhttps:\/\/www.ticketmaster.es\/event\/bluescazorla-festival-entradas\/15663?eventId=15663&amp;track=DiscoveryAPI&amp;camefrom=GLS%7CRiff+Producciones&amp;brand=base_mb_es\u00bb heading=\u00bbNO TE QUEDES SIN TU ABONO \u00bb button_text=\u00bbCOMPRAR ENTRADAS\u00bb background_color=\u00bb#aeaea2&#8243; use_background_color_gradient=\u00bboff\u00bb background_color_gradient_start=\u00bb#2b87da\u00bb background_color_gradient_end=\u00bb#29c4a9&#8243; background_color_gradient_type=\u00bblinear\u00bb background_color_gradient_direction=\u00bb180deg\u00bb background_color_gradient_direction_radial=\u00bbcenter\u00bb background_color_gradient_start_position=\u00bb0%\u00bb background_color_gradient_end_position=\u00bb100%\u00bb background_color_gradient_overlays_image=\u00bboff\u00bb parallax=\u00bboff\u00bb parallax_method=\u00bbon\u00bb background_size=\u00bbcover\u00bb background_position=\u00bbcenter\u00bb background_repeat=\u00bbno-repeat\u00bb background_blend=\u00bbnormal\u00bb allow_player_pause=\u00bboff\u00bb background_video_pause_outside_viewport=\u00bbon\u00bb use_bg_overlay=\u00bboff\u00bb use_text_overlay=\u00bboff\u00bb text_border_radius=\u00bb3&#8243; alignment=\u00bbcenter\u00bb child_filter_hue_rotate=\u00bb0deg\u00bb child_filter_saturate=\u00bb100%\u00bb child_filter_brightness=\u00bb100%\u00bb child_filter_contrast=\u00bb100%\u00bb child_filter_invert=\u00bb0%\u00bb child_filter_sepia=\u00bb0%\u00bb child_filter_opacity=\u00bb100%\u00bb child_filter_blur=\u00bb0px\u00bb child_mix_blend_mode=\u00bbnormal\u00bb background_layout=\u00bbdark\u00bb text_shadow_style=\u00bbnone\u00bb header_text_shadow_style=\u00bbnone\u00bb body_text_shadow_style=\u00bbnone\u00bb custom_button=\u00bboff\u00bb button_bg_use_color_gradient=\u00bboff\u00bb button_bg_color_gradient_overlays_image=\u00bboff\u00bb button_use_icon=\u00bbon\u00bb button_on_hover=\u00bbon\u00bb button_text_shadow_style=\u00bbnone\u00bb box_shadow_style_button=\u00bbnone\u00bb text_shadow_horizontal_length=\u00bb0em\u00bb text_shadow_vertical_length=\u00bb0em\u00bb text_shadow_blur_strength=\u00bb0em\u00bb header_text_shadow_horizontal_length=\u00bb0em\u00bb header_text_shadow_vertical_length=\u00bb0em\u00bb header_text_shadow_blur_strength=\u00bb0em\u00bb body_text_shadow_horizontal_length=\u00bb0em\u00bb body_text_shadow_vertical_length=\u00bb0em\u00bb body_text_shadow_blur_strength=\u00bb0em\u00bb button_text_shadow_horizontal_length=\u00bb0em\u00bb button_text_shadow_vertical_length=\u00bb0em\u00bb button_text_shadow_blur_strength=\u00bb0em\u00bb \/][\/et_pb_fullwidth_slider][\/et_pb_section][et_pb_section bb_built=\u00bb1&#8243; fullwidth=\u00bbon\u00bb specialty=\u00bboff\u00bb prev_background_color=\u00bb#000000&#8243;][et_pb_fullwidth_image src=\u00bbhttps:\/\/www.cazorla.es\/bluescazorla06\/wp-content\/uploads\/2019\/06\/Inferior3_2019.png\u00bb _builder_version=\u00bb3.2.2&#8243; saved_tabs=\u00bball\u00bb]<\/p>\n<p>&nbsp;<\/p>\n<p>[\/et_pb_fullwidth_image][\/et_pb_section]<\/p>\n","protected":false},"excerpt":{"rendered":"<p>[et_pb_section bb_built=\u00bb1&#8243; next_background_color=\u00bb#000000&#8243;][et_pb_row][et_pb_column type=\u00bb4_4&#8243;][et_pb_post_title _builder_version=\u00bb3.2.2&#8243; meta=\u00bboff\u00bb featured_image=\u00bboff\u00bb text_orientation=\u00bbcenter\u00bb \/][\/et_pb_column][\/et_pb_row][\/et_pb_section][et_pb_section bb_built=\u00bb1&#8243; fullwidth=\u00bboff\u00bb specialty=\u00bbon\u00bb prev_background_color=\u00bb#000000&#8243; _builder_version=\u00bb3.2.2&#8243; next_background_color=\u00bb#000000&#8243;][et_pb_column type=\u00bb1_2&#8243;][et_pb_image _builder_version=\u00bb3.2.2&#8243; src=\u00bbhttps:\/\/cazorla.es\/wp-content\/uploads\/2015\/06\/bluescazorla-2015-festival-blues.jpg\u00bb \/][et_pb_blurb _builder_version=\u00bb3.2.2&#8243; title=\u00bbWilko Johnson\u00bb image=\u00bbhttps:\/\/cazorla.es\/wp-content\/uploads\/2015\/06\/Wilko-Johnson.jpg\u00bb text_orientation=\u00bbcenter\u00bb header_level=\u00bbh6&#8243; header_text_color=\u00bb#000000&#8243; body_font=\u00bb||on||||||\u00bb \/][et_pb_blurb _builder_version=\u00bb3.2.2&#8243; title=\u00bbImelda May\u00bb image=\u00bbhttps:\/\/cazorla.es\/wp-content\/uploads\/2015\/06\/imelda_may1300x630__artist-large.jpg\u00bb text_orientation=\u00bbcenter\u00bb header_level=\u00bbh6&#8243; header_text_color=\u00bb#000000&#8243; body_font=\u00bb||on||||||\u00bb \/][et_pb_blurb _builder_version=\u00bb3.2.2&#8243; title=\u00bbLos Lobos\u00bb image=\u00bbhttps:\/\/cazorla.es\/wp-content\/uploads\/2015\/06\/descarga2.jpg\u00bb text_orientation=\u00bbcenter\u00bb header_level=\u00bbh6&#8243; header_text_color=\u00bb#000000&#8243; body_font=\u00bb||on||||||\u00bb \/][et_pb_blurb _builder_version=\u00bb3.2.2&#8243; title=\u00bbJohn Hiatt\u00bb image=\u00bbhttps:\/\/cazorla.es\/wp-content\/uploads\/2015\/06\/MI0003725944.jpg\u00bb text_orientation=\u00bbcenter\u00bb header_level=\u00bbh6&#8243; header_text_color=\u00bb#000000&#8243; body_font=\u00bb||on||||||\u00bb \/][\/et_pb_column][et_pb_column [&hellip;]<\/p>\n","protected":false},"author":2,"featured_media":0,"parent":0,"menu_order":0,"comment_status":"closed","ping_status":"closed","template":"","meta":{"_et_pb_use_builder":"on","_et_pb_old_content":"","_et_gb_content_width":"","footnotes":""},"_links":{"self":[{"href":"https:\/\/www.cazorla.es\/bluescazorla06\/wp-json\/wp\/v2\/pages\/3789"}],"collection":[{"href":"https:\/\/www.cazorla.es\/bluescazorla06\/wp-json\/wp\/v2\/pages"}],"about":[{"href":"https:\/\/www.cazorla.es\/bluescazorla06\/wp-json\/wp\/v2\/types\/page"}],"author":[{"embeddable":true,"href":"https:\/\/www.cazorla.es\/bluescazorla06\/wp-json\/wp\/v2\/users\/2"}],"replies":[{"embeddable":true,"href":"https:\/\/www.cazorla.es\/bluescazorla06\/wp-json\/wp\/v2\/comments?post=3789"}],"version-history":[{"count":10,"href":"https:\/\/www.cazorla.es\/bluescazorla06\/wp-json\/wp\/v2\/pages\/3789\/revisions"}],"predecessor-version":[{"id":4041,"href":"https:\/\/www.cazorla.es\/bluescazorla06\/wp-json\/wp\/v2\/pages\/3789\/revisions\/4041"}],"wp:attachment":[{"href":"https:\/\/www.cazorla.es\/bluescazorla06\/wp-json\/wp\/v2\/media?parent=3789"}],"curies":[{"name":"wp","href":"https:\/\/api.w.org\/{rel}","templated":true}]}}