{"id":3785,"date":"2019-07-08T06:42:19","date_gmt":"2019-07-08T06:42:19","guid":{"rendered":"http:\/\/www.cazorla.es\/bluescazorla06\/?page_id=3785"},"modified":"2019-07-11T07:33:24","modified_gmt":"2019-07-11T07:33:24","slug":"bluescazorla-festival-2013","status":"publish","type":"page","link":"https:\/\/www.cazorla.es\/bluescazorla06\/bluescazorla-festival-2013\/","title":{"rendered":"BluesCazorla Festival 2013"},"content":{"rendered":"<p>[et_pb_section bb_built=\u00bb1&#8243; next_background_color=\u00bb#000000&#8243;][et_pb_row][et_pb_column type=\u00bb4_4&#8243;][et_pb_post_title _builder_version=\u00bb3.2.2&#8243; meta=\u00bboff\u00bb featured_image=\u00bboff\u00bb text_orientation=\u00bbcenter\u00bb \/][\/et_pb_column][\/et_pb_row][\/et_pb_section][et_pb_section bb_built=\u00bb1&#8243; fullwidth=\u00bboff\u00bb specialty=\u00bbon\u00bb prev_background_color=\u00bb#000000&#8243; _builder_version=\u00bb3.2.2&#8243; next_background_color=\u00bb#000000&#8243;][et_pb_column type=\u00bb1_2&#8243;][et_pb_image _builder_version=\u00bb3.2.2&#8243; src=\u00bbhttps:\/\/cazorla.es\/wp-content\/uploads\/2015\/06\/2013.jpg\u00bb \/][et_pb_blurb _builder_version=\u00bb3.2.2&#8243; title=\u00bbGeorge Thorogood &amp; The Destroyers\u00bb image=\u00bbhttps:\/\/cazorla.es\/wp-content\/uploads\/2015\/06\/descarga8.jpg\u00bb text_orientation=\u00bbcenter\u00bb header_level=\u00bbh6&#8243; header_text_color=\u00bb#000000&#8243; body_font=\u00bb||on||||||\u00bb \/][et_pb_blurb _builder_version=\u00bb3.2.2&#8243; title=\u00bbJaniva Magness\u00bb image=\u00bbhttps:\/\/cazorla.es\/wp-content\/uploads\/2015\/06\/descarga-15.jpg\u00bb text_orientation=\u00bbcenter\u00bb header_level=\u00bbh6&#8243; header_text_color=\u00bb#000000&#8243; body_font=\u00bb||on||||||\u00bb \/][et_pb_blurb _builder_version=\u00bb3.2.2&#8243; title=\u00bbFito y Fitipaldis\u00bb image=\u00bbhttps:\/\/cazorla.es\/wp-content\/uploads\/2015\/06\/descarga-23.jpg\u00bb text_orientation=\u00bbcenter\u00bb header_level=\u00bbh6&#8243; header_text_color=\u00bb#000000&#8243; body_font=\u00bb||on||||||\u00bb \/][et_pb_blurb _builder_version=\u00bb3.2.2&#8243; title=\u00bbOtis Grand\u00bb image=\u00bbhttps:\/\/cazorla.es\/wp-content\/uploads\/2015\/06\/descarga-34.jpg\u00bb text_orientation=\u00bbcenter\u00bb header_level=\u00bbh6&#8243; header_text_color=\u00bb#000000&#8243; body_font=\u00bb||on||||||\u00bb \/][et_pb_blurb _builder_version=\u00bb3.2.2&#8243; title=\u00bbLos Coronas\u00bb image=\u00bbhttps:\/\/cazorla.es\/wp-content\/uploads\/2015\/06\/descarga-52.jpg\u00bb text_orientation=\u00bbcenter\u00bb header_level=\u00bbh6&#8243; header_text_color=\u00bb#000000&#8243; body_font=\u00bb||on||||||\u00bb \/][\/et_pb_column][et_pb_column type=\u00bb1_2&#8243; specialty_columns=\u00bb2&#8243;][et_pb_row_inner admin_label=\u00bbFila\u00bb][et_pb_column_inner type=\u00bb4_4&#8243; saved_specialty_column_type=\u00bb1_2&#8243;][et_pb_testimonial _builder_version=\u00bb3.2.2&#8243; quote_icon_background_color=\u00bb#f5f5f5&#8243;]<\/p>\n<h1><strong>La potencia de George Thorogood y la voz de Janiva Magness entusiasmaron en el XIX BluesCazorla<\/strong><\/h1>\n<p><strong><em>Fito y Fitipaldis y Los Coronas dieron un toque rockero y nacional al escenario de la Plaza de Toros.<\/em><\/strong><\/p>\n<p>El jueves blusero pintaba bien con las actuaciones de<strong> Little Mike anda The Tornadoes, Fito y Fitipaldis y The Mighty Calacas<\/strong>. Ya el primero de ellos sorprendi\u00f3 gratamente en su actuaci\u00f3n, entregado al p\u00fablico e interactuando con el, Little Mike y su banda The Tornadoes animaron el primer concierto de la edici\u00f3n de una manera sorprendente.<\/p>\n<p>El primer toque nacional de esta edici\u00f3n lo dio Fito Cabrales y los Fitipaldis en un concierto menos rockero de lo que se esperaba pero con gran calidad en sus canciones. El remate final fue apote\u00f3sico con una banda entregada y un cantante m\u00e1s animado que dej\u00f3 a los espectadores con muy buen sabor de boca.<\/p>\n<p>Los mexicanos<strong> \u2018The Mighty Calacas\u2019<\/strong> salieron al escenario con ganas de dar mucho ritmo y as\u00ed fue. El p\u00fablico no par\u00f3 de bailar durante su concierto a ritmo de swing y de un blues m\u00e1s el\u00e9ctrico cerraron la noche del jueves.<\/p>\n<p>El viernes blusero daba comienzo con las primeras notas de <strong>\u2018The Walking Stick Man\u2019<\/strong>, guitarrista, armonicista y compositor que demostr\u00f3 sus grandes cualidades en el escenario. <strong>Carlos Vud\u00fa &amp; The Jukebox<\/strong> continu\u00f3 con ritmos bluseros mientras azotaba el calor en el casco antiguo de Cazorla. Le sigui\u00f3 en el escenario <strong>\u2018The Bluesdays\u2019<\/strong> que levant\u00f3 a los espectadores y anim\u00f3 la plaza durante bien entrada la tarde.<\/p>\n<p>Por la tarde, esperaba en el escenario del Audit\u00f3rium esperaba un gran artista nacional,<strong> Jos\u00e9 Antonio Garc\u00eda<\/strong>, ex del grupo 091, que realiz\u00f3 un concierto para el recuerdo, conocedor de Cazorla dio lo mejor de s\u00ed mismo para abrir boca durante la tarde del viernes. <strong>\u2018The Band of Jimmy\u2019<\/strong> continu\u00f3 con su m\u00fasica e impresiono al p\u00fablico.<\/p>\n<p><strong>King Bee<\/strong> cerr\u00f3 la tarde blusera con buen ritmo y con grandes solos instrumentales.<\/p>\n<p>La noche se esperaba motivadora para ver a una de las grandes voces femeninas del momento,<strong> Janiva Magness<\/strong>, pero antes el armonicista <strong>Flavio Guimaraes<\/strong> abri\u00f3 la noche con un recital de arm\u00f3nica que tan presente est\u00e1 en este festival desde sus comienzos.<\/p>\n<p>Ahora s\u00ed. <strong>Janiva Magness<\/strong> sub\u00eda al escenario y se hizo el silencio. Un espectacular concierto que no defraud\u00f3 a nadie, una voz \u00fanica y un poder en el escenario admirable, hac\u00eda que <strong>Janiva Magness<\/strong> saliera por la puerta grande como ya lo hizo en la edici\u00f3n anterior. Del soul al blues iba mostrando sus canciones donde sonaron temas de varios de sus trabajos como \u2018Stronge for it\u2019 o \u2018Do I Move You\u2019.<\/p>\n<p>Bien entrada la madrugada. <strong>Anson Funderburgh<\/strong> desenfund\u00f3 su guitarra y comenz\u00f3 su recital de blues e hizo mover a todo el p\u00fablico a ritmo de swing en un muy buen concierto.<\/p>\n<p>Nine Below Zero cerr\u00f3 la noche demostrando porque su banda est\u00e1 cogiendo nombre en el panorama internacional. Pusieron el broche a una noche estelar.<\/p>\n<p>Con las pilas cargadas. El s\u00e1bado se presentaba a\u00fan m\u00e1s potente si cabe. La ya tradicional plaza de Santa Mar\u00eda son\u00f3 durante toda la ma\u00f1ana gracias a <strong>Lito &amp; Suzzete Moncrief, The Acoustic Blues Company y Blind Lemons<\/strong> en una jornada m\u00e1s calurosa que la anterior pero que amenizada con su m\u00fasica y el encanto de las terrazas y bares de la zona se hac\u00eda agradable.<\/p>\n<p>Por la tarde, <strong>Pepe Delgado &amp; Blues Reunion<\/strong> abr\u00edan la jornada blusera del Auditorium. Buen ritmo y buena m\u00fasica. Seguidamente, Cosmosoul sub\u00eda al escenario con un gran concierto con ra\u00edces cercanas al g\u00f3spel y al rythm and blues hicieron un gran concierto. Lito Blues Band se encarg\u00f3 de cerrar el escenario Audit\u00f3rium hasta el a\u00f1o siguiente con un gran concierto.<\/p>\n<p>La noche se presentaba muy fuerte con grandes conciertos y a la espera de que <strong>George Thorogood<\/strong> y su banda \u2018<strong>The Destroyers\u2019<\/strong> subieran al escenario. Antes,<strong> \u2018Los Coronas\u2019<\/strong> sorprendieron al p\u00fablico con un \u201cconciertazo\u201d, alrededor de la plaza se pod\u00eda observar los comentarios positivos de su concierto.<\/p>\n<p>Tras el buen sabor de boca que dejaron \u2018Los Coronas\u2019 y tras hidratar el cuerpo toc\u00f3 el momento del artista principal del cartel, <strong>George Thorogood<\/strong>.<\/p>\n<p>Movi\u00e9ndose como pez en el agua sobre el escenario y con sus grandes canciones como \u2018Bad to the Bone\u2019 no defraud\u00f3. Otra estrella del blues rock que pisaba los escenarios de Cazorla y que se iba por la puerta grande. Un gran concierto que dejaba a esta edici\u00f3n como una de las mejores.<\/p>\n<p>Pero no todo quedaba ah\u00ed. Faltaba un amigo de Cazorla.<strong> \u2018Otis Grand\u2019<\/strong>, que desde la novena edici\u00f3n ya\u00a0 visit\u00f3 Cazorla y qued\u00f3 enamorado de ella. Como es t\u00edpico en el se entreg\u00f3 en el escenario con su guitarra y sus canciones.<\/p>\n<p>Para poner la guinda al pastel. <strong>\u2018The Milkiway Express\u2019<\/strong> desped\u00eda esta edici\u00f3n con buen ritmo.<\/p>\n<p>[\/et_pb_testimonial][\/et_pb_column_inner][\/et_pb_row_inner][et_pb_row_inner admin_label=\u00bbFila\u00bb][et_pb_column_inner type=\u00bb4_4&#8243; saved_specialty_column_type=\u00bb1_2&#8243;][et_pb_blurb _builder_version=\u00bb3.2.2&#8243; title=\u00bbAnson Funderburgh\u00bb image=\u00bbhttps:\/\/cazorla.es\/wp-content\/uploads\/2015\/06\/2722-anson-funderburgh-1.jpeg\u00bb text_orientation=\u00bbcenter\u00bb header_level=\u00bbh6&#8243; header_text_color=\u00bb#000000&#8243; body_font=\u00bb||on||||||\u00bb image_max_width=\u00bb46%\u00bb \/][\/et_pb_column_inner][\/et_pb_row_inner][\/et_pb_column][\/et_pb_section][et_pb_section bb_built=\u00bb1&#8243; fullwidth=\u00bbon\u00bb specialty=\u00bboff\u00bb prev_background_color=\u00bb#000000&#8243; next_background_color=\u00bb#000000&#8243;][et_pb_fullwidth_slider _builder_version=\u00bb3.2.2&#8243; saved_tabs=\u00bball\u00bb][et_pb_slide _builder_version=\u00bb3.2.2&#8243; button_link=\u00bbhttps:\/\/www.ticketmaster.es\/event\/bluescazorla-festival-entradas\/15663?eventId=15663&amp;track=DiscoveryAPI&amp;camefrom=GLS%7CRiff+Producciones&amp;brand=base_mb_es\u00bb heading=\u00bbNO TE QUEDES SIN TU ABONO \u00bb button_text=\u00bbCOMPRAR ENTRADAS\u00bb background_color=\u00bb#aeaea2&#8243; use_background_color_gradient=\u00bboff\u00bb background_color_gradient_start=\u00bb#2b87da\u00bb background_color_gradient_end=\u00bb#29c4a9&#8243; background_color_gradient_type=\u00bblinear\u00bb background_color_gradient_direction=\u00bb180deg\u00bb background_color_gradient_direction_radial=\u00bbcenter\u00bb background_color_gradient_start_position=\u00bb0%\u00bb background_color_gradient_end_position=\u00bb100%\u00bb background_color_gradient_overlays_image=\u00bboff\u00bb parallax=\u00bboff\u00bb parallax_method=\u00bbon\u00bb background_size=\u00bbcover\u00bb background_position=\u00bbcenter\u00bb background_repeat=\u00bbno-repeat\u00bb background_blend=\u00bbnormal\u00bb allow_player_pause=\u00bboff\u00bb background_video_pause_outside_viewport=\u00bbon\u00bb use_bg_overlay=\u00bboff\u00bb use_text_overlay=\u00bboff\u00bb text_border_radius=\u00bb3&#8243; alignment=\u00bbcenter\u00bb child_filter_hue_rotate=\u00bb0deg\u00bb child_filter_saturate=\u00bb100%\u00bb child_filter_brightness=\u00bb100%\u00bb child_filter_contrast=\u00bb100%\u00bb child_filter_invert=\u00bb0%\u00bb child_filter_sepia=\u00bb0%\u00bb child_filter_opacity=\u00bb100%\u00bb child_filter_blur=\u00bb0px\u00bb child_mix_blend_mode=\u00bbnormal\u00bb background_layout=\u00bbdark\u00bb text_shadow_style=\u00bbnone\u00bb header_text_shadow_style=\u00bbnone\u00bb body_text_shadow_style=\u00bbnone\u00bb custom_button=\u00bboff\u00bb button_bg_use_color_gradient=\u00bboff\u00bb button_bg_color_gradient_overlays_image=\u00bboff\u00bb button_use_icon=\u00bbon\u00bb button_on_hover=\u00bbon\u00bb button_text_shadow_style=\u00bbnone\u00bb box_shadow_style_button=\u00bbnone\u00bb text_shadow_horizontal_length=\u00bb0em\u00bb text_shadow_vertical_length=\u00bb0em\u00bb text_shadow_blur_strength=\u00bb0em\u00bb header_text_shadow_horizontal_length=\u00bb0em\u00bb header_text_shadow_vertical_length=\u00bb0em\u00bb header_text_shadow_blur_strength=\u00bb0em\u00bb body_text_shadow_horizontal_length=\u00bb0em\u00bb body_text_shadow_vertical_length=\u00bb0em\u00bb body_text_shadow_blur_strength=\u00bb0em\u00bb button_text_shadow_horizontal_length=\u00bb0em\u00bb button_text_shadow_vertical_length=\u00bb0em\u00bb button_text_shadow_blur_strength=\u00bb0em\u00bb \/][\/et_pb_fullwidth_slider][\/et_pb_section][et_pb_section bb_built=\u00bb1&#8243; fullwidth=\u00bbon\u00bb specialty=\u00bboff\u00bb prev_background_color=\u00bb#000000&#8243;][et_pb_fullwidth_image src=\u00bbhttps:\/\/www.cazorla.es\/bluescazorla06\/wp-content\/uploads\/2019\/06\/Inferior3_2019.png\u00bb _builder_version=\u00bb3.2.2&#8243; saved_tabs=\u00bball\u00bb]<\/p>\n<p>&nbsp;<\/p>\n<p>[\/et_pb_fullwidth_image][\/et_pb_section]<\/p>\n","protected":false},"excerpt":{"rendered":"<p>[et_pb_section bb_built=\u00bb1&#8243; next_background_color=\u00bb#000000&#8243;][et_pb_row][et_pb_column type=\u00bb4_4&#8243;][et_pb_post_title _builder_version=\u00bb3.2.2&#8243; meta=\u00bboff\u00bb featured_image=\u00bboff\u00bb text_orientation=\u00bbcenter\u00bb \/][\/et_pb_column][\/et_pb_row][\/et_pb_section][et_pb_section bb_built=\u00bb1&#8243; fullwidth=\u00bboff\u00bb specialty=\u00bbon\u00bb prev_background_color=\u00bb#000000&#8243; _builder_version=\u00bb3.2.2&#8243; next_background_color=\u00bb#000000&#8243;][et_pb_column type=\u00bb1_2&#8243;][et_pb_image _builder_version=\u00bb3.2.2&#8243; src=\u00bbhttps:\/\/cazorla.es\/wp-content\/uploads\/2015\/06\/2013.jpg\u00bb \/][et_pb_blurb _builder_version=\u00bb3.2.2&#8243; title=\u00bbGeorge Thorogood &amp; The Destroyers\u00bb image=\u00bbhttps:\/\/cazorla.es\/wp-content\/uploads\/2015\/06\/descarga8.jpg\u00bb text_orientation=\u00bbcenter\u00bb header_level=\u00bbh6&#8243; header_text_color=\u00bb#000000&#8243; body_font=\u00bb||on||||||\u00bb \/][et_pb_blurb _builder_version=\u00bb3.2.2&#8243; title=\u00bbJaniva Magness\u00bb image=\u00bbhttps:\/\/cazorla.es\/wp-content\/uploads\/2015\/06\/descarga-15.jpg\u00bb text_orientation=\u00bbcenter\u00bb header_level=\u00bbh6&#8243; header_text_color=\u00bb#000000&#8243; body_font=\u00bb||on||||||\u00bb \/][et_pb_blurb _builder_version=\u00bb3.2.2&#8243; title=\u00bbFito y Fitipaldis\u00bb image=\u00bbhttps:\/\/cazorla.es\/wp-content\/uploads\/2015\/06\/descarga-23.jpg\u00bb text_orientation=\u00bbcenter\u00bb header_level=\u00bbh6&#8243; header_text_color=\u00bb#000000&#8243; body_font=\u00bb||on||||||\u00bb \/][et_pb_blurb _builder_version=\u00bb3.2.2&#8243; title=\u00bbOtis Grand\u00bb image=\u00bbhttps:\/\/cazorla.es\/wp-content\/uploads\/2015\/06\/descarga-34.jpg\u00bb text_orientation=\u00bbcenter\u00bb [&hellip;]<\/p>\n","protected":false},"author":2,"featured_media":0,"parent":0,"menu_order":0,"comment_status":"closed","ping_status":"closed","template":"","meta":{"_et_pb_use_builder":"on","_et_pb_old_content":"","_et_gb_content_width":"","footnotes":""},"_links":{"self":[{"href":"https:\/\/www.cazorla.es\/bluescazorla06\/wp-json\/wp\/v2\/pages\/3785"}],"collection":[{"href":"https:\/\/www.cazorla.es\/bluescazorla06\/wp-json\/wp\/v2\/pages"}],"about":[{"href":"https:\/\/www.cazorla.es\/bluescazorla06\/wp-json\/wp\/v2\/types\/page"}],"author":[{"embeddable":true,"href":"https:\/\/www.cazorla.es\/bluescazorla06\/wp-json\/wp\/v2\/users\/2"}],"replies":[{"embeddable":true,"href":"https:\/\/www.cazorla.es\/bluescazorla06\/wp-json\/wp\/v2\/comments?post=3785"}],"version-history":[{"count":8,"href":"https:\/\/www.cazorla.es\/bluescazorla06\/wp-json\/wp\/v2\/pages\/3785\/revisions"}],"predecessor-version":[{"id":4043,"href":"https:\/\/www.cazorla.es\/bluescazorla06\/wp-json\/wp\/v2\/pages\/3785\/revisions\/4043"}],"wp:attachment":[{"href":"https:\/\/www.cazorla.es\/bluescazorla06\/wp-json\/wp\/v2\/media?parent=3785"}],"curies":[{"name":"wp","href":"https:\/\/api.w.org\/{rel}","templated":true}]}}