{"id":3783,"date":"2019-07-08T06:41:27","date_gmt":"2019-07-08T06:41:27","guid":{"rendered":"http:\/\/www.cazorla.es\/bluescazorla06\/?page_id=3783"},"modified":"2019-07-11T07:35:59","modified_gmt":"2019-07-11T07:35:59","slug":"bluescazorla-festival-2012","status":"publish","type":"page","link":"https:\/\/www.cazorla.es\/bluescazorla06\/bluescazorla-festival-2012\/","title":{"rendered":"BluesCazorla Festival 2012"},"content":{"rendered":"<p>[et_pb_section bb_built=\u00bb1&#8243; next_background_color=\u00bb#000000&#8243;][et_pb_row][et_pb_column type=\u00bb4_4&#8243;][et_pb_post_title _builder_version=\u00bb3.2.2&#8243; meta=\u00bboff\u00bb featured_image=\u00bboff\u00bb text_orientation=\u00bbcenter\u00bb \/][\/et_pb_column][\/et_pb_row][\/et_pb_section][et_pb_section bb_built=\u00bb1&#8243; fullwidth=\u00bboff\u00bb specialty=\u00bbon\u00bb prev_background_color=\u00bb#000000&#8243; _builder_version=\u00bb3.2.2&#8243; next_background_color=\u00bb#000000&#8243;][et_pb_column type=\u00bb1_2&#8243;][et_pb_image _builder_version=\u00bb3.2.2&#8243; src=\u00bbhttps:\/\/cazorla.es\/wp-content\/uploads\/2015\/06\/2012.jpg\u00bb \/][et_pb_blurb _builder_version=\u00bb3.2.2&#8243; title=\u00bbPlaying For Change\u00bb image=\u00bbhttps:\/\/cazorla.es\/wp-content\/uploads\/2015\/06\/images2.jpg\u00bb text_orientation=\u00bbcenter\u00bb header_level=\u00bbh6&#8243; header_text_color=\u00bb#000000&#8243; body_font=\u00bb||on||||||\u00bb \/][et_pb_blurb _builder_version=\u00bb3.2.2&#8243; title=\u00bbKeb Mo\u00bb image=\u00bbhttps:\/\/cazorla.es\/wp-content\/uploads\/2015\/06\/descarga-24.jpg\u00bb text_orientation=\u00bbcenter\u00bb header_level=\u00bbh6&#8243; header_text_color=\u00bb#000000&#8243; body_font=\u00bb||on||||||\u00bb \/][et_pb_blurb _builder_version=\u00bb3.2.2&#8243; title=\u00bbRosendo\u00bb image=\u00bbhttps:\/\/cazorla.es\/wp-content\/uploads\/2015\/06\/descarga-16.jpg\u00bb text_orientation=\u00bbcenter\u00bb header_level=\u00bbh6&#8243; header_text_color=\u00bb#000000&#8243; body_font=\u00bb||on||||||\u00bb \/][et_pb_blurb _builder_version=\u00bb3.2.2&#8243; title=\u00bbBob Margolin\u00bb image=\u00bbhttps:\/\/cazorla.es\/wp-content\/uploads\/2015\/06\/bob_margolin_2-2.jpg\u00bb text_orientation=\u00bbcenter\u00bb header_level=\u00bbh6&#8243; header_text_color=\u00bb#000000&#8243; body_font=\u00bb||on||||||\u00bb \/][et_pb_blurb _builder_version=\u00bb3.2.2&#8243; title=\u00bbDiuna Greenleaf\u00bb image=\u00bbhttps:\/\/cazorla.es\/wp-content\/uploads\/2015\/06\/descarga9.jpg\u00bb text_orientation=\u00bbcenter\u00bb header_level=\u00bbh6&#8243; header_text_color=\u00bb#000000&#8243; body_font=\u00bb||on||||||\u00bb \/][\/et_pb_column][et_pb_column type=\u00bb1_2&#8243; specialty_columns=\u00bb2&#8243;][et_pb_row_inner admin_label=\u00bbFila\u00bb][et_pb_column_inner type=\u00bb4_4&#8243; saved_specialty_column_type=\u00bb1_2&#8243;][et_pb_testimonial _builder_version=\u00bb3.2.2&#8243; quote_icon_background_color=\u00bb#f5f5f5&#8243;]<\/p>\n<h1><strong>La magia de \u2018Playing For Change\u2019, la elegancia de Keb Mo y el incombustible Rosendo acapararon las miradas de los bluseros en el XVIII BluesCazorla<\/strong><\/h1>\n<p><strong><em>The California Honey Drops, el tridente Bob Margolin, Kenny Smith y Diunna Greanleaf, Johnny Sansone y The Mannish Boys completaron un cartel de diez en el decimoctavo aniversario de BluesCazorla.<\/em><\/strong><\/p>\n<p>BluesCazorla cumpl\u00eda su mayor\u00eda de edad. \u00a1Y de qu\u00e9 manera! Una primera toma de contacto en un nuevo escenario de la plaza de la Corredera como regalo a los espectadores por cumplir los 18 a\u00f1os.<strong> Paco Diune &amp; Alfreedom, Mississipi Mart\u00ednez, Sugarito Jou &amp; Cutxu Maracas y Tofoi\u00a0 Martinez &amp; Alberto Gulias<\/strong> estrenaban este escenario en la tarde blusera dejando buen sabor de boca a los primeros aficionados que iba llegando a Cazorla.<\/p>\n<p>El festival comenzaba fuerte cuando <strong>Keb Mo<\/strong> subi\u00f3 al escenario de la plaza de Toros. La elegancia en el escenario y sonando canciones de Muddy Waters daban la muestra de porque Keb se est\u00e1 convirtiendo en uno de los grandes del blues. Un concierto incre\u00edble para arrancar BluesCazorla. Seguidamente, <strong>Kity, Daisy and Lewis<\/strong> subieron al escenario con su vers\u00e1til directo. Un buen concierto de estos j\u00f3venes bluseros que dar\u00e1n mucho que hablar. Alrededor de las 01:30 de la madrugada llegaba el incombustible<strong> Rosendo<\/strong>. El artista de Carabanchel nunca defrauda y nos dej\u00f3 at\u00f3nitos con su espectacular concierto. No faltaron sus grandes temas \u2018Agradecido\u2019 y \u2018Mala Vida\u2019. En un jueves m\u00e1s largo de lo que nos acostumbra este festival, cerr\u00f3 la noche <strong>P\u00e1jaro<\/strong> con un concierto muy digno para cerrar la primera jornada blusera.<\/p>\n<p>La plaza de Santa Mar\u00eda tiene especial encanto. Y a\u00fan m\u00e1s cuando esta repleta de aficionados al blues que llenan las terrazas y bares de Cazorla. <strong>Diago Red, Los Gumbos &amp; Tofol Mart\u00ednez<\/strong> y el <strong>T\u00edo Calambres<\/strong> hicieron mover el esqueleto a cientos de personas que se iban acercando por este escenario.<\/p>\n<p>La tarde ten\u00eda un acento especial y un toque muy rockero con las actuaciones de <strong>Mallen Band, Jimmy Barnatan Band<\/strong> que empezaron a animar al p\u00fablico de una manera asombrosa. Cerro la tarde la banda <strong>Ferroblues<\/strong>, una de las bandas cl\u00e1sicas de la escena de soul y r&amp;b espa\u00f1ola y de las pocas que pueden demostrar una trayectoria firme y reconocida durante m\u00e1s de quince a\u00f1os.<\/p>\n<p>La noche ca\u00eda y empezaban a sonar las primeras notas musicales con la actuaci\u00f3n de<strong> \u2018California Honey Drops\u2019<\/strong> que empatiz\u00f3 con el p\u00fablico muy bien, dejando grandes momentos con mucho \u201cswing\u201d y baile e incluso con alguna canci\u00f3n a capela. Pintaba muy bien la noche con la actuaci\u00f3n de \u2018California Honey Drops\u2019. Y es que a\u00fan faltaban tres grandes actuaciones. Ver en el escenario a tres grandes m\u00fasicos como <strong>Bob Margolin, Kenny Smith<\/strong> y la diva <strong>Diuna Greenleaf<\/strong> se presentaba emocionante. Una gran voz y dos grandes m\u00fasicos que nos dejaron un recital del blues m\u00e1s puro que se puede escuchar hoy en d\u00eda.<\/p>\n<p>Como es habitual en Cazorleans, la arm\u00f3nica no puede faltar en ninguna edici\u00f3n. De eso se encarg\u00f3 el carism\u00e1tico<strong> Johnny Sansone<\/strong>, un gran especialista del instrumento blusero por excelencia y un concierto para recordar. Cerr\u00f3 la noche una banda amiga de BluesCazorla y muy querida por el p\u00fablico. <strong>Travelling Brothers<\/strong>. Como siempre se dejan la piel en el escenario y as\u00ed fue un gran concierto de despedida del viernes.<\/p>\n<p>Si el viernes fue emocionante, el s\u00e1bado lo fue m\u00e1s. Ya por la ma\u00f1ana <strong>Steve Jordan &amp; Moco de Pav<\/strong>o empezaron a mostrar su m\u00fasica en la plaza de Santa Mar\u00eda. Le sigui\u00f3 <strong>Big Yuyu y Carlos Segarra Tr\u00edo<\/strong> en una ma\u00f1ana muy calurosa y con muy buen blues. La tarde del viernes ofrec\u00eda una gran calidad musical y totalmente gratuita como viene siendo costumbre en Cazorleans. Comenz\u00f3 la tarde <strong>CC Rider Band<\/strong> con un buen estilo blusero.<\/p>\n<p><strong>Txus Blues y Jos\u00e9 Bluesfingers<\/strong>, creadores de la canci\u00f3n que nos suena cada a\u00f1o y dedicada a este festival nos dejaron un concierto muy cercano e interactuando con el p\u00fablico. Ver a una artista de la calidad musical de <strong>Kirk Flecher Band<\/strong> y gratis no se presenta todos los d\u00edas. Sus dotes con la guitarra son espectaculares en el que nos dejo unos gran \u201csolos\u201d de guitarra como broche de oro al escenario del Audit\u00f3rium.<\/p>\n<p>Los espectadores repon\u00edan fuerza con la rica gastronom\u00eda de Cazorla para coger con energ\u00eda la noche del s\u00e1bado.<strong> \u2018Playing For Change\u2019<\/strong> arranc\u00f3 su concierto con un elenco de artistas de distintos pa\u00edses y con una calidad musical sorprendente. Emocionaron, movieron al p\u00fablico y se despidieron con una gran ovaci\u00f3n y un intenso aplauso en un concierto de sobresaliente. Si la m\u00fasica de raza negra se impon\u00eda en el escenario con \u2018Playing For Change\u2019. <strong>\u2018The Mannish Boys\u2019<\/strong> no se qued\u00f3 atr\u00e1s. Y es que este grupo demostr\u00f3 su tes\u00f3n en el escenario con un showman como Bobby Jones y una sorpresa inesperada, la guitarra de Kirk Flecher, un gran concierto. Bien entrada la madrugada era el turno de un especialista de blues.<\/p>\n<p>El artista<strong> Lucky Peterson<\/strong>. Un animal instrumental en el escenario, toca el piano o la guitarra y hace mover al p\u00fablico de una manera sorprendente. Conocedor ya de este festival, Lucky dej\u00f3 con muy buen sabor de boca al p\u00fablico. La decimoctava edici\u00f3n llegaba a su fin pero faltaba el broche final. Un el\u00e9ctrico. Un monstruo en el escenario. <strong>Eric Sardinas<\/strong>. Guitarra en mano sorprendi\u00f3 a todos y para el final su guitarra en llamas y un solo el\u00e9ctrico que dio el broche final al dieciocho cumplea\u00f1os.<\/p>\n<p>[\/et_pb_testimonial][\/et_pb_column_inner][\/et_pb_row_inner][et_pb_row_inner admin_label=\u00bbFila\u00bb][et_pb_column_inner type=\u00bb4_4&#8243; saved_specialty_column_type=\u00bb1_2&#8243;][et_pb_blurb _builder_version=\u00bb3.2.2&#8243; title=\u00bbJohnny Sansone\u00bb image=\u00bbhttps:\/\/cazorla.es\/wp-content\/uploads\/2015\/06\/descarga-43.jpg\u00bb text_orientation=\u00bbcenter\u00bb header_level=\u00bbh6&#8243; header_text_color=\u00bb#000000&#8243; body_font=\u00bb||on||||||\u00bb \/][\/et_pb_column_inner][\/et_pb_row_inner][\/et_pb_column][\/et_pb_section][et_pb_section bb_built=\u00bb1&#8243; fullwidth=\u00bbon\u00bb specialty=\u00bboff\u00bb prev_background_color=\u00bb#000000&#8243; next_background_color=\u00bb#000000&#8243;][et_pb_fullwidth_slider _builder_version=\u00bb3.2.2&#8243; saved_tabs=\u00bball\u00bb][et_pb_slide _builder_version=\u00bb3.2.2&#8243; button_link=\u00bbhttps:\/\/www.ticketmaster.es\/event\/bluescazorla-festival-entradas\/15663?eventId=15663&amp;track=DiscoveryAPI&amp;camefrom=GLS%7CRiff+Producciones&amp;brand=base_mb_es\u00bb heading=\u00bbNO TE QUEDES SIN TU ABONO \u00bb button_text=\u00bbCOMPRAR ENTRADAS\u00bb background_color=\u00bb#aeaea2&#8243; use_background_color_gradient=\u00bboff\u00bb background_color_gradient_start=\u00bb#2b87da\u00bb background_color_gradient_end=\u00bb#29c4a9&#8243; background_color_gradient_type=\u00bblinear\u00bb background_color_gradient_direction=\u00bb180deg\u00bb background_color_gradient_direction_radial=\u00bbcenter\u00bb background_color_gradient_start_position=\u00bb0%\u00bb background_color_gradient_end_position=\u00bb100%\u00bb background_color_gradient_overlays_image=\u00bboff\u00bb parallax=\u00bboff\u00bb parallax_method=\u00bbon\u00bb background_size=\u00bbcover\u00bb background_position=\u00bbcenter\u00bb background_repeat=\u00bbno-repeat\u00bb background_blend=\u00bbnormal\u00bb allow_player_pause=\u00bboff\u00bb background_video_pause_outside_viewport=\u00bbon\u00bb use_bg_overlay=\u00bboff\u00bb use_text_overlay=\u00bboff\u00bb text_border_radius=\u00bb3&#8243; alignment=\u00bbcenter\u00bb child_filter_hue_rotate=\u00bb0deg\u00bb child_filter_saturate=\u00bb100%\u00bb child_filter_brightness=\u00bb100%\u00bb child_filter_contrast=\u00bb100%\u00bb child_filter_invert=\u00bb0%\u00bb child_filter_sepia=\u00bb0%\u00bb child_filter_opacity=\u00bb100%\u00bb child_filter_blur=\u00bb0px\u00bb child_mix_blend_mode=\u00bbnormal\u00bb background_layout=\u00bbdark\u00bb text_shadow_style=\u00bbnone\u00bb header_text_shadow_style=\u00bbnone\u00bb body_text_shadow_style=\u00bbnone\u00bb custom_button=\u00bboff\u00bb button_bg_use_color_gradient=\u00bboff\u00bb button_bg_color_gradient_overlays_image=\u00bboff\u00bb button_use_icon=\u00bbon\u00bb button_on_hover=\u00bbon\u00bb button_text_shadow_style=\u00bbnone\u00bb box_shadow_style_button=\u00bbnone\u00bb text_shadow_horizontal_length=\u00bb0em\u00bb text_shadow_vertical_length=\u00bb0em\u00bb text_shadow_blur_strength=\u00bb0em\u00bb header_text_shadow_horizontal_length=\u00bb0em\u00bb header_text_shadow_vertical_length=\u00bb0em\u00bb header_text_shadow_blur_strength=\u00bb0em\u00bb body_text_shadow_horizontal_length=\u00bb0em\u00bb body_text_shadow_vertical_length=\u00bb0em\u00bb body_text_shadow_blur_strength=\u00bb0em\u00bb button_text_shadow_horizontal_length=\u00bb0em\u00bb button_text_shadow_vertical_length=\u00bb0em\u00bb button_text_shadow_blur_strength=\u00bb0em\u00bb \/][\/et_pb_fullwidth_slider][\/et_pb_section][et_pb_section bb_built=\u00bb1&#8243; fullwidth=\u00bbon\u00bb specialty=\u00bboff\u00bb prev_background_color=\u00bb#000000&#8243;][et_pb_fullwidth_image src=\u00bbhttps:\/\/www.cazorla.es\/bluescazorla06\/wp-content\/uploads\/2019\/06\/Inferior3_2019.png\u00bb _builder_version=\u00bb3.2.2&#8243; saved_tabs=\u00bball\u00bb]<\/p>\n<p>&nbsp;<\/p>\n<p>[\/et_pb_fullwidth_image][\/et_pb_section]<\/p>\n","protected":false},"excerpt":{"rendered":"<p>[et_pb_section bb_built=\u00bb1&#8243; next_background_color=\u00bb#000000&#8243;][et_pb_row][et_pb_column type=\u00bb4_4&#8243;][et_pb_post_title _builder_version=\u00bb3.2.2&#8243; meta=\u00bboff\u00bb featured_image=\u00bboff\u00bb text_orientation=\u00bbcenter\u00bb \/][\/et_pb_column][\/et_pb_row][\/et_pb_section][et_pb_section bb_built=\u00bb1&#8243; fullwidth=\u00bboff\u00bb specialty=\u00bbon\u00bb prev_background_color=\u00bb#000000&#8243; _builder_version=\u00bb3.2.2&#8243; next_background_color=\u00bb#000000&#8243;][et_pb_column type=\u00bb1_2&#8243;][et_pb_image _builder_version=\u00bb3.2.2&#8243; src=\u00bbhttps:\/\/cazorla.es\/wp-content\/uploads\/2015\/06\/2012.jpg\u00bb \/][et_pb_blurb _builder_version=\u00bb3.2.2&#8243; title=\u00bbPlaying For Change\u00bb image=\u00bbhttps:\/\/cazorla.es\/wp-content\/uploads\/2015\/06\/images2.jpg\u00bb text_orientation=\u00bbcenter\u00bb header_level=\u00bbh6&#8243; header_text_color=\u00bb#000000&#8243; body_font=\u00bb||on||||||\u00bb \/][et_pb_blurb _builder_version=\u00bb3.2.2&#8243; title=\u00bbKeb Mo\u00bb image=\u00bbhttps:\/\/cazorla.es\/wp-content\/uploads\/2015\/06\/descarga-24.jpg\u00bb text_orientation=\u00bbcenter\u00bb header_level=\u00bbh6&#8243; header_text_color=\u00bb#000000&#8243; body_font=\u00bb||on||||||\u00bb \/][et_pb_blurb _builder_version=\u00bb3.2.2&#8243; title=\u00bbRosendo\u00bb image=\u00bbhttps:\/\/cazorla.es\/wp-content\/uploads\/2015\/06\/descarga-16.jpg\u00bb text_orientation=\u00bbcenter\u00bb header_level=\u00bbh6&#8243; header_text_color=\u00bb#000000&#8243; body_font=\u00bb||on||||||\u00bb \/][et_pb_blurb _builder_version=\u00bb3.2.2&#8243; title=\u00bbBob Margolin\u00bb image=\u00bbhttps:\/\/cazorla.es\/wp-content\/uploads\/2015\/06\/bob_margolin_2-2.jpg\u00bb text_orientation=\u00bbcenter\u00bb header_level=\u00bbh6&#8243; header_text_color=\u00bb#000000&#8243; body_font=\u00bb||on||||||\u00bb \/][et_pb_blurb [&hellip;]<\/p>\n","protected":false},"author":2,"featured_media":0,"parent":0,"menu_order":0,"comment_status":"closed","ping_status":"closed","template":"","meta":{"_et_pb_use_builder":"on","_et_pb_old_content":"","_et_gb_content_width":"","footnotes":""},"_links":{"self":[{"href":"https:\/\/www.cazorla.es\/bluescazorla06\/wp-json\/wp\/v2\/pages\/3783"}],"collection":[{"href":"https:\/\/www.cazorla.es\/bluescazorla06\/wp-json\/wp\/v2\/pages"}],"about":[{"href":"https:\/\/www.cazorla.es\/bluescazorla06\/wp-json\/wp\/v2\/types\/page"}],"author":[{"embeddable":true,"href":"https:\/\/www.cazorla.es\/bluescazorla06\/wp-json\/wp\/v2\/users\/2"}],"replies":[{"embeddable":true,"href":"https:\/\/www.cazorla.es\/bluescazorla06\/wp-json\/wp\/v2\/comments?post=3783"}],"version-history":[{"count":4,"href":"https:\/\/www.cazorla.es\/bluescazorla06\/wp-json\/wp\/v2\/pages\/3783\/revisions"}],"predecessor-version":[{"id":4044,"href":"https:\/\/www.cazorla.es\/bluescazorla06\/wp-json\/wp\/v2\/pages\/3783\/revisions\/4044"}],"wp:attachment":[{"href":"https:\/\/www.cazorla.es\/bluescazorla06\/wp-json\/wp\/v2\/media?parent=3783"}],"curies":[{"name":"wp","href":"https:\/\/api.w.org\/{rel}","templated":true}]}}