{"id":3775,"date":"2019-07-08T06:36:45","date_gmt":"2019-07-08T06:36:45","guid":{"rendered":"http:\/\/www.cazorla.es\/bluescazorla06\/?page_id=3775"},"modified":"2019-07-11T07:44:06","modified_gmt":"2019-07-11T07:44:06","slug":"bluescazorla-festival-2008","status":"publish","type":"page","link":"https:\/\/www.cazorla.es\/bluescazorla06\/bluescazorla-festival-2008\/","title":{"rendered":"BluesCazorla Festival 2008"},"content":{"rendered":"<p>[et_pb_section bb_built=\u00bb1&#8243; next_background_color=\u00bb#000000&#8243;][et_pb_row][et_pb_column type=\u00bb4_4&#8243;][et_pb_post_title _builder_version=\u00bb3.2.2&#8243; meta=\u00bboff\u00bb featured_image=\u00bboff\u00bb text_orientation=\u00bbcenter\u00bb \/][\/et_pb_column][\/et_pb_row][\/et_pb_section][et_pb_section bb_built=\u00bb1&#8243; fullwidth=\u00bboff\u00bb specialty=\u00bbon\u00bb prev_background_color=\u00bb#000000&#8243; _builder_version=\u00bb3.2.2&#8243; next_background_color=\u00bb#000000&#8243;][et_pb_column type=\u00bb1_2&#8243;][et_pb_image _builder_version=\u00bb3.2.2&#8243; src=\u00bbhttps:\/\/cazorla.es\/wp-content\/uploads\/2015\/06\/2008.jpg\u00bb align=\u00bbcenter\u00bb \/][et_pb_blurb _builder_version=\u00bb3.2.2&#8243; title=\u00bbJohnny Winter\u00bb image=\u00bbhttps:\/\/cazorla.es\/wp-content\/uploads\/2015\/06\/johnny-winter-2014-nyc-650-430.jpg\u00bb text_orientation=\u00bbcenter\u00bb header_level=\u00bbh6&#8243; header_text_color=\u00bb#000000&#8243; body_font=\u00bb||on||||||\u00bb image_max_width=\u00bb50%\u00bb \/][et_pb_blurb _builder_version=\u00bb3.2.2&#8243; title=\u00bbJames Cotton\u00bb image=\u00bbhttps:\/\/cazorla.es\/wp-content\/uploads\/2015\/06\/James-Cotton-4.jpg\u00bb text_orientation=\u00bbcenter\u00bb header_level=\u00bbh6&#8243; header_text_color=\u00bb#000000&#8243; body_font=\u00bb||on||||||\u00bb image_max_width=\u00bb50%\u00bb \/][et_pb_blurb _builder_version=\u00bb3.2.2&#8243; title=\u00bbReverend Horton Heat\u00bb image=\u00bbhttps:\/\/cazorla.es\/wp-content\/uploads\/2015\/06\/descarga-29.jpg\u00bb text_orientation=\u00bbcenter\u00bb header_level=\u00bbh6&#8243; header_text_color=\u00bb#000000&#8243; body_font=\u00bb||on||||||\u00bb \/][et_pb_blurb _builder_version=\u00bb3.2.2&#8243; title=\u00bbKeb Mo\u00bb image=\u00bbhttps:\/\/cazorla.es\/wp-content\/uploads\/2015\/06\/descarga-310.jpg\u00bb text_orientation=\u00bbcenter\u00bb header_level=\u00bbh6&#8243; header_text_color=\u00bb#000000&#8243; body_font=\u00bb||on||||||\u00bb \/][et_pb_blurb _builder_version=\u00bb3.2.2&#8243; title=\u00bbJaniva Magness\u00bb image=\u00bbhttps:\/\/cazorla.es\/wp-content\/uploads\/2015\/06\/images-12.jpg\u00bb text_orientation=\u00bbcenter\u00bb header_level=\u00bbh6&#8243; header_text_color=\u00bb#000000&#8243; body_font=\u00bb||on||||||\u00bb \/][et_pb_blurb _builder_version=\u00bb3.2.2&#8243; title=\u00bbThe Mannish Boys\u00bb image=\u00bbhttps:\/\/cazorla.es\/wp-content\/uploads\/2015\/06\/descarga-47.jpg\u00bb text_orientation=\u00bbcenter\u00bb header_level=\u00bbh6&#8243; header_text_color=\u00bb#000000&#8243; body_font=\u00bb||on||||||\u00bb \/][\/et_pb_column][et_pb_column type=\u00bb1_2&#8243; specialty_columns=\u00bb2&#8243;][et_pb_row_inner admin_label=\u00bbFila\u00bb][et_pb_column_inner type=\u00bb4_4&#8243; saved_specialty_column_type=\u00bb1_2&#8243;][et_pb_testimonial _builder_version=\u00bb3.2.2&#8243; quote_icon_background_color=\u00bb#f5f5f5&#8243;]<\/p>\n<h1><strong>La grandeza de Johnny Winter y James Cotton impregnaron del mejor blues el \u2018XIV BluesCazorla\u2019<\/strong><\/h1>\n<p><strong><em>La intensa voz de Janiva Magness, la elegancia de Keb Mo y el psychobilly de \u2018Reverend Horton Heat\u2019 completaron uno de los mejores carteles de la historia del festival.<\/em><\/strong><\/p>\n<p>2008 qued\u00f3 en la memoria de todos los bluseros. La puesta en marcha de un cartel alucinante con artistas de la talla de <strong>Johnny Winter, James Cotton, Janiva Magness, Reverend Horton Heat, Keb Mo y The Mannish Boys<\/strong> pon\u00eda en relieve el gran festival que se iba a poder disfrutar durante la edici\u00f3n de 2008.<\/p>\n<p>Pero antes tocaba pasar un agradable rato mirando el escenario de las emblem\u00e1ticas Ruinas de Santa Mar\u00eda con las primeras notas musicales de <strong>Hendrik Rover<\/strong>. Despu\u00e9s, le toc\u00f3 el turno a <strong>Campillo &amp; Ba\u00f1on<\/strong>, guirtarrista de M-Clan y compositor, que realiz\u00f3 un concierto en ac\u00fastico excelente y con algunos ritmos bluseros.<\/p>\n<p>Y para cerrar la ma\u00f1ana calurosa del viernes el ya conocedor de nuestra tierra<strong> Antonio Serrano<\/strong> junto a <strong>Kirk Fletcher<\/strong>, dos grandes bluesman que se complementan a la perfecci\u00f3n.<\/p>\n<p>Por la tarde, en el Auditorium del Cristo abr\u00eda fuego la banda<strong> \u2018The Fritos\u2019<\/strong> con su el\u00e9ctrico blues que empezaban a animar a los espectadores. El grupo<strong> \u2018The Taxi Drivers\u2019<\/strong> continuaron la fiesta con buena m\u00fasica y buen blues y rock.<strong> Miguel M. Band<\/strong> cerr\u00f3 la tarde blusera con un swing especial.<\/p>\n<p>La noche promet\u00eda. Y as\u00ed lo fue.<strong> Keb Mo<\/strong>, elegancia y tes\u00f3n en el escenario. Con varios Grammys a sus espaldas se nota que apunta maneras para ser uno de los grandes bluesman en los pr\u00f3ximos a\u00f1os, se anim\u00f3 con todo, desde el blues, al country pasando por el delta, un espect\u00e1culo que entusiasm\u00f3.<\/p>\n<p>Una de las grandes divas del blues.<strong> Janiva Magness<\/strong>, pisaba por primera vez Cazorla dejando a los espectadores con muy buen sabor de boca tras su concierto. Una voz digna de escuchar.<\/p>\n<p>Algo diferente se coc\u00eda en esta edici\u00f3n. El \u201creverendo\u201d, James Heath, popularmente conocido como<strong> \u2018Reverend Horton Heat\u2019<\/strong> sali\u00f3 al escenario al m\u00e1s puro estilo rockabilly acompa\u00f1ado de un swing especial, sin dejar atr\u00e1s el big band y el punk, una mezcla que \u00e9l define como \u201cpsycobilly\u201d y que hace mover al p\u00fablico de una manera espectacular.<\/p>\n<p>Despu\u00e9s de estos tres intensos conciertos, la noche se cerr\u00f3 con la actuaci\u00f3n de<strong> \u2018Bluesfalos\u2019<\/strong>, m\u00edtica banda espa\u00f1ola con un sentimiento blusero muy especial y un acercamiento al jazz que gusta mucho. Una guinda al pastel del viernes.<\/p>\n<p>Tocaba coger el viernes con fuerza ya que se presentaba un d\u00eda muy especial con un cartel impresionante. La plaza de Santa Mar\u00eda se iba llenando de bluseros para empezar a escuchar a <strong>Gaby Jogeix<\/strong> con su ac\u00fastico y su vers\u00e1til forma de tocar los instrumentos. A continuaci\u00f3n, era el turno de dos grandes guitarristas <strong>Jos\u00e9 Luis Pardo y Juli\u00e1n Kanevsky<\/strong> que hicieron disfrutar a ritmo del mejor blues a los espectadores. El broche final de la ma\u00f1ana, lo puso <strong>Joaqu\u00edn S\u00e1nchez D\u00fao<\/strong>.<\/p>\n<p>Por la tarde, tocaba escuchar a <strong>Killing Jazz<\/strong>, una banda con mucho blues y con otras vertientes como el swing y el jazz. Seguidamente,<strong> Jay Kaye<\/strong>, con el blues en las venas demostr\u00f3 porque se ha codeado con los m\u00e1s grandes como Led Zepellin o Jehtro Tull. Una oportunidad \u00fanica de ver a un buen artista en un escenario gratuito.<\/p>\n<p>A<strong> Julian Kanevsky<\/strong> a\u00fan le quedaban fuerzas para realizar un gran concierto junto a su banda. Un buen final a una tarde blusera muy especial.<\/p>\n<p>La noche no se hac\u00eda esperar y el gran<strong> James Cotton<\/strong> sub\u00eda al escenario de BluesCazorla. Hablar de Cotton es hablar de historia del blues. Del blues m\u00e1s puro del Mississipi. Un bonito concierto con su arm\u00f3nica y sus canciones con destellos de Muddy Waters y de sus maestros Sonny Boy Wiliamson y Little Walter.<\/p>\n<p>La gran atracci\u00f3n de la noche se hac\u00eda un poco esperar, pero lleg\u00f3. Sobre las tablas del escenario Cruzcampo,<strong> Johnny Winter<\/strong>, una leyenda viva del blues que hasta que no se pudo ver en el escenario era dif\u00edcil imagin\u00e1rselo en Cazorla. Sentado en su sill\u00f3n empez\u00f3 a derrochar blues con su guitarra, su parte m\u00e1s rockera y sus destellos de su amigo y maestro, el padre del blues de Chicago, Muddy Waters. Un directo espectacular que fue una pieza importante en la historia de BluesCazorla.<\/p>\n<p>BluesCazorla es incansable. No te deja que te quedes por satisfecho con las grandes estrellas, porque a continuaci\u00f3n, te ofrece otra. Esta vez <strong>\u2018The Mannish Boys\u2019<\/strong> al escenario. Blues de Chicago y mucho ritmo, gran banda y grandes voces que hicieron mover el esqueleto de una plaza de toros abarrotada.<\/p>\n<p>El show continuaba. Para echar el cierre a un festival \u00fanico, un m\u00fasico joven,<strong> Scott Mackeon<\/strong>, entregado en el escenario con su m\u00fasica puso el broche final a BluesCazorla 2008.<\/p>\n<p>[\/et_pb_testimonial][\/et_pb_column_inner][\/et_pb_row_inner][et_pb_row_inner admin_label=\u00bbFila\u00bb][et_pb_column_inner type=\u00bb4_4&#8243; saved_specialty_column_type=\u00bb1_2&#8243;][\/et_pb_column_inner][\/et_pb_row_inner][\/et_pb_column][\/et_pb_section][et_pb_section bb_built=\u00bb1&#8243; fullwidth=\u00bbon\u00bb specialty=\u00bboff\u00bb prev_background_color=\u00bb#000000&#8243; next_background_color=\u00bb#000000&#8243;][et_pb_fullwidth_slider _builder_version=\u00bb3.2.2&#8243; saved_tabs=\u00bball\u00bb][et_pb_slide _builder_version=\u00bb3.2.2&#8243; button_link=\u00bbhttps:\/\/www.ticketmaster.es\/event\/bluescazorla-festival-entradas\/15663?eventId=15663&amp;track=DiscoveryAPI&amp;camefrom=GLS%7CRiff+Producciones&amp;brand=base_mb_es\u00bb heading=\u00bbNO TE QUEDES SIN TU ABONO \u00bb button_text=\u00bbCOMPRAR ENTRADAS\u00bb background_color=\u00bb#aeaea2&#8243; use_background_color_gradient=\u00bboff\u00bb background_color_gradient_start=\u00bb#2b87da\u00bb background_color_gradient_end=\u00bb#29c4a9&#8243; background_color_gradient_type=\u00bblinear\u00bb background_color_gradient_direction=\u00bb180deg\u00bb background_color_gradient_direction_radial=\u00bbcenter\u00bb background_color_gradient_start_position=\u00bb0%\u00bb background_color_gradient_end_position=\u00bb100%\u00bb background_color_gradient_overlays_image=\u00bboff\u00bb parallax=\u00bboff\u00bb parallax_method=\u00bbon\u00bb background_size=\u00bbcover\u00bb background_position=\u00bbcenter\u00bb background_repeat=\u00bbno-repeat\u00bb background_blend=\u00bbnormal\u00bb allow_player_pause=\u00bboff\u00bb background_video_pause_outside_viewport=\u00bbon\u00bb use_bg_overlay=\u00bboff\u00bb use_text_overlay=\u00bboff\u00bb text_border_radius=\u00bb3&#8243; alignment=\u00bbcenter\u00bb child_filter_hue_rotate=\u00bb0deg\u00bb child_filter_saturate=\u00bb100%\u00bb child_filter_brightness=\u00bb100%\u00bb child_filter_contrast=\u00bb100%\u00bb child_filter_invert=\u00bb0%\u00bb child_filter_sepia=\u00bb0%\u00bb child_filter_opacity=\u00bb100%\u00bb child_filter_blur=\u00bb0px\u00bb child_mix_blend_mode=\u00bbnormal\u00bb background_layout=\u00bbdark\u00bb text_shadow_style=\u00bbnone\u00bb header_text_shadow_style=\u00bbnone\u00bb body_text_shadow_style=\u00bbnone\u00bb custom_button=\u00bboff\u00bb button_bg_use_color_gradient=\u00bboff\u00bb button_bg_color_gradient_overlays_image=\u00bboff\u00bb button_use_icon=\u00bbon\u00bb button_on_hover=\u00bbon\u00bb button_text_shadow_style=\u00bbnone\u00bb box_shadow_style_button=\u00bbnone\u00bb text_shadow_horizontal_length=\u00bb0em\u00bb text_shadow_vertical_length=\u00bb0em\u00bb text_shadow_blur_strength=\u00bb0em\u00bb header_text_shadow_horizontal_length=\u00bb0em\u00bb header_text_shadow_vertical_length=\u00bb0em\u00bb header_text_shadow_blur_strength=\u00bb0em\u00bb body_text_shadow_horizontal_length=\u00bb0em\u00bb body_text_shadow_vertical_length=\u00bb0em\u00bb body_text_shadow_blur_strength=\u00bb0em\u00bb button_text_shadow_horizontal_length=\u00bb0em\u00bb button_text_shadow_vertical_length=\u00bb0em\u00bb button_text_shadow_blur_strength=\u00bb0em\u00bb \/][\/et_pb_fullwidth_slider][\/et_pb_section][et_pb_section bb_built=\u00bb1&#8243; fullwidth=\u00bbon\u00bb specialty=\u00bboff\u00bb prev_background_color=\u00bb#000000&#8243;][et_pb_fullwidth_image src=\u00bbhttps:\/\/www.cazorla.es\/bluescazorla06\/wp-content\/uploads\/2019\/06\/Inferior3_2019.png\u00bb _builder_version=\u00bb3.2.2&#8243; saved_tabs=\u00bball\u00bb]<\/p>\n<p>&nbsp;<\/p>\n<p>[\/et_pb_fullwidth_image][\/et_pb_section]<\/p>\n","protected":false},"excerpt":{"rendered":"<p>[et_pb_section bb_built=\u00bb1&#8243; next_background_color=\u00bb#000000&#8243;][et_pb_row][et_pb_column type=\u00bb4_4&#8243;][et_pb_post_title _builder_version=\u00bb3.2.2&#8243; meta=\u00bboff\u00bb featured_image=\u00bboff\u00bb text_orientation=\u00bbcenter\u00bb \/][\/et_pb_column][\/et_pb_row][\/et_pb_section][et_pb_section bb_built=\u00bb1&#8243; fullwidth=\u00bboff\u00bb specialty=\u00bbon\u00bb prev_background_color=\u00bb#000000&#8243; _builder_version=\u00bb3.2.2&#8243; next_background_color=\u00bb#000000&#8243;][et_pb_column type=\u00bb1_2&#8243;][et_pb_image _builder_version=\u00bb3.2.2&#8243; src=\u00bbhttps:\/\/cazorla.es\/wp-content\/uploads\/2015\/06\/2008.jpg\u00bb align=\u00bbcenter\u00bb \/][et_pb_blurb _builder_version=\u00bb3.2.2&#8243; title=\u00bbJohnny Winter\u00bb image=\u00bbhttps:\/\/cazorla.es\/wp-content\/uploads\/2015\/06\/johnny-winter-2014-nyc-650-430.jpg\u00bb text_orientation=\u00bbcenter\u00bb header_level=\u00bbh6&#8243; header_text_color=\u00bb#000000&#8243; body_font=\u00bb||on||||||\u00bb image_max_width=\u00bb50%\u00bb \/][et_pb_blurb _builder_version=\u00bb3.2.2&#8243; title=\u00bbJames Cotton\u00bb image=\u00bbhttps:\/\/cazorla.es\/wp-content\/uploads\/2015\/06\/James-Cotton-4.jpg\u00bb text_orientation=\u00bbcenter\u00bb header_level=\u00bbh6&#8243; header_text_color=\u00bb#000000&#8243; body_font=\u00bb||on||||||\u00bb image_max_width=\u00bb50%\u00bb \/][et_pb_blurb _builder_version=\u00bb3.2.2&#8243; title=\u00bbReverend Horton Heat\u00bb image=\u00bbhttps:\/\/cazorla.es\/wp-content\/uploads\/2015\/06\/descarga-29.jpg\u00bb text_orientation=\u00bbcenter\u00bb header_level=\u00bbh6&#8243; header_text_color=\u00bb#000000&#8243; body_font=\u00bb||on||||||\u00bb \/][et_pb_blurb _builder_version=\u00bb3.2.2&#8243; title=\u00bbKeb Mo\u00bb image=\u00bbhttps:\/\/cazorla.es\/wp-content\/uploads\/2015\/06\/descarga-310.jpg\u00bb text_orientation=\u00bbcenter\u00bb [&hellip;]<\/p>\n","protected":false},"author":2,"featured_media":0,"parent":0,"menu_order":0,"comment_status":"closed","ping_status":"closed","template":"","meta":{"_et_pb_use_builder":"on","_et_pb_old_content":"","_et_gb_content_width":"","footnotes":""},"_links":{"self":[{"href":"https:\/\/www.cazorla.es\/bluescazorla06\/wp-json\/wp\/v2\/pages\/3775"}],"collection":[{"href":"https:\/\/www.cazorla.es\/bluescazorla06\/wp-json\/wp\/v2\/pages"}],"about":[{"href":"https:\/\/www.cazorla.es\/bluescazorla06\/wp-json\/wp\/v2\/types\/page"}],"author":[{"embeddable":true,"href":"https:\/\/www.cazorla.es\/bluescazorla06\/wp-json\/wp\/v2\/users\/2"}],"replies":[{"embeddable":true,"href":"https:\/\/www.cazorla.es\/bluescazorla06\/wp-json\/wp\/v2\/comments?post=3775"}],"version-history":[{"count":6,"href":"https:\/\/www.cazorla.es\/bluescazorla06\/wp-json\/wp\/v2\/pages\/3775\/revisions"}],"predecessor-version":[{"id":4048,"href":"https:\/\/www.cazorla.es\/bluescazorla06\/wp-json\/wp\/v2\/pages\/3775\/revisions\/4048"}],"wp:attachment":[{"href":"https:\/\/www.cazorla.es\/bluescazorla06\/wp-json\/wp\/v2\/media?parent=3775"}],"curies":[{"name":"wp","href":"https:\/\/api.w.org\/{rel}","templated":true}]}}