{"id":3773,"date":"2019-07-08T06:34:13","date_gmt":"2019-07-08T06:34:13","guid":{"rendered":"http:\/\/www.cazorla.es\/bluescazorla06\/?page_id=3773"},"modified":"2019-07-11T07:47:05","modified_gmt":"2019-07-11T07:47:05","slug":"bluescazorla-festival-2007","status":"publish","type":"page","link":"https:\/\/www.cazorla.es\/bluescazorla06\/bluescazorla-festival-2007\/","title":{"rendered":"BluesCazorla Festival 2007"},"content":{"rendered":"<p>[et_pb_section bb_built=\u00bb1&#8243; next_background_color=\u00bb#000000&#8243;][et_pb_row][et_pb_column type=\u00bb4_4&#8243;][et_pb_post_title _builder_version=\u00bb3.2.2&#8243; meta=\u00bboff\u00bb featured_image=\u00bboff\u00bb text_orientation=\u00bbcenter\u00bb \/][\/et_pb_column][\/et_pb_row][\/et_pb_section][et_pb_section bb_built=\u00bb1&#8243; fullwidth=\u00bboff\u00bb specialty=\u00bbon\u00bb prev_background_color=\u00bb#000000&#8243; _builder_version=\u00bb3.2.2&#8243; next_background_color=\u00bb#000000&#8243;][et_pb_column type=\u00bb1_2&#8243;][et_pb_image _builder_version=\u00bb3.2.2&#8243; src=\u00bbhttps:\/\/cazorla.es\/wp-content\/uploads\/2015\/06\/2007.jpg\u00bb align=\u00bbcenter\u00bb max_width=\u00bb80%\u00bb \/][et_pb_blurb _builder_version=\u00bb3.2.2&#8243; title=\u00bbKoko Taylor\u00bb image=\u00bbhttps:\/\/cazorla.es\/wp-content\/uploads\/2015\/06\/descarga-112.jpg\u00bb text_orientation=\u00bbcenter\u00bb header_level=\u00bbh6&#8243; header_text_color=\u00bb#000000&#8243; body_font=\u00bb||on||||||\u00bb \/][et_pb_blurb _builder_version=\u00bb3.2.2&#8243; title=\u00bbPinetop Perkins\u00bb image=\u00bbhttps:\/\/cazorla.es\/wp-content\/uploads\/2015\/06\/descarga-210.jpg\u00bb text_orientation=\u00bbcenter\u00bb header_level=\u00bbh6&#8243; header_text_color=\u00bb#000000&#8243; body_font=\u00bb||on||||||\u00bb \/][et_pb_blurb _builder_version=\u00bb3.2.2&#8243; title=\u00bbMagic Slim\u00bb image=\u00bbhttps:\/\/cazorla.es\/wp-content\/uploads\/2015\/06\/images7.jpg\u00bb text_orientation=\u00bbcenter\u00bb header_level=\u00bbh6&#8243; header_text_color=\u00bb#000000&#8243; body_font=\u00bb||on||||||\u00bb \/][et_pb_blurb _builder_version=\u00bb3.2.2&#8243; title=\u00bbBilly Branch\u00bb image=\u00bbhttps:\/\/cazorla.es\/wp-content\/uploads\/2015\/06\/descarga-48.jpg\u00bb text_orientation=\u00bbcenter\u00bb header_level=\u00bbh6&#8243; header_text_color=\u00bb#000000&#8243; body_font=\u00bb||on||||||\u00bb \/][et_pb_blurb _builder_version=\u00bb3.2.2&#8243; title=\u00bbJerry Portnoy\u00bb image=\u00bbhttps:\/\/cazorla.es\/wp-content\/uploads\/2015\/06\/descarga-311.jpg\u00bb text_orientation=\u00bbcenter\u00bb header_level=\u00bbh6&#8243; header_text_color=\u00bb#000000&#8243; body_font=\u00bb||on||||||\u00bb \/][et_pb_blurb _builder_version=\u00bb3.2.2&#8243; title=\u00bbBig Time Sarah\u00bb image=\u00bbhttps:\/\/cazorla.es\/wp-content\/uploads\/2015\/06\/hqdefault2.jpg\u00bb text_orientation=\u00bbcenter\u00bb header_level=\u00bbh6&#8243; header_text_color=\u00bb#000000&#8243; body_font=\u00bb||on||||||\u00bb image_max_width=\u00bb50%\u00bb \/][et_pb_blurb _builder_version=\u00bb3.2.2&#8243; title=\u00bbBob Margolin\u00bb image=\u00bbhttps:\/\/cazorla.es\/wp-content\/uploads\/2015\/06\/descarga-54.jpg\u00bb text_orientation=\u00bbcenter\u00bb header_level=\u00bbh6&#8243; header_text_color=\u00bb#000000&#8243; body_font=\u00bb||on||||||\u00bb \/][et_pb_blurb _builder_version=\u00bb3.2.2&#8243; title=\u00bbPopa Chubby\u00bb image=\u00bbhttps:\/\/cazorla.es\/wp-content\/uploads\/2015\/06\/images-13.jpg\u00bb text_orientation=\u00bbcenter\u00bb header_level=\u00bbh6&#8243; header_text_color=\u00bb#000000&#8243; body_font=\u00bb||on||||||\u00bb \/][\/et_pb_column][et_pb_column type=\u00bb1_2&#8243; specialty_columns=\u00bb2&#8243;][et_pb_row_inner admin_label=\u00bbFila\u00bb][et_pb_column_inner type=\u00bb4_4&#8243; saved_specialty_column_type=\u00bb1_2&#8243;][et_pb_testimonial _builder_version=\u00bb3.2.2&#8243; quote_icon_background_color=\u00bb#f5f5f5&#8243;]<\/p>\n<h1><strong>BluesCazorla se ilumin\u00f3 con una estrella, Koko Taylor<\/strong><\/h1>\n<p><strong><em>Magic Slim y Pinetop Perkins endulzaron el pastel en una edici\u00f3n que se qued\u00f3 para la historia.<\/em><\/strong><\/p>\n<p>BlusCazorla 2007 se qued\u00f3 grabado en las retinas de los miles de asistentes a una edici\u00f3n \u00fanica y con una estrella en el escenario, nada m\u00e1s y nada menos que la reina del blues, <strong>Koko Taylor<\/strong>.<\/p>\n<p>La expectaci\u00f3n era enorme y los hoteles y establecimientos hoteleros iban colgando el cartel de completo, poder ver a una estrella de la m\u00fasica con tanta historia y con tanta calidad se antojaba imprescindible entre los bluseros.<\/p>\n<p>Pero antes quedaban dos largos d\u00edas de intenso blues y de mucha marcha como la que proporciona la Plaza de Santa Mar\u00eda. En el escenario, <strong>Tota Blues D\u00fao<\/strong> para empezar con marcha la edici\u00f3n blusera, mucho y buen blues para dar el pistoletazo de salida. Despu\u00e9s, dos de los grandes y en un escenario gratuito. Una oportunidad que pocos festivales ofrecen y que BluesCazorla quiere facilitar a todos los visitantes. Hablamos de <strong>Bob Margolin<\/strong> y <strong>Jerry Portnoy<\/strong>, dos fieras en el escenario. Jerry a la arm\u00f3nica y Bob a la guitarra no dejaron de tocar su blues m\u00e1s puro e influenciado por Muddy Waters, un espect\u00e1culo que agit\u00f3 los sentidos del p\u00fablico.<\/p>\n<p>Para cerrar, <strong>Txus Blues &amp; Jos\u00e9 Bluesfingers<\/strong> con su peculiaridad y particularidad en el escenario dieron su toque blusero con sus canciones pegadizas y con su mejor blues.<\/p>\n<p><strong>Silver B.B.<\/strong> arranc\u00f3 la jornada de tarde con mucha fuerza y con mucho ritmo. Seguidamente, sub\u00eda al escenario<strong> \u2018The Midnight Rockets\u2019<\/strong>, una banda de Catalu\u00f1a \u00a0enamorada del blues m\u00e1s cl\u00e1sico y que realiz\u00f3 un concierto muy digno en el escenario del Audit\u00f3rium del Cristo.<\/p>\n<p>Para cerrar la tarde del viernes, <strong>Jos\u00e9 Luis Pardo y Mojo Workers<\/strong>, un d\u00fao muy el\u00e9ctrico y con mucho swing que hicieron bailar a los espectadores hasta bien entrada la noche.<\/p>\n<p>La noche del viernes pisaba fuerte. Y es que para empezar sub\u00eda al escenario una banda muy reconocida en el mundo del blues,<strong> \u2018The Muddy Waters Band\u2019<\/strong>. Una de las \u00faltimas oportunidades de poder disfrutar de una figura como<strong> Pinetop Perkins<\/strong>. A sus 94 a\u00f1os, tuvo la valent\u00eda de visitar Cazorla y dejar at\u00f3nitos a los espectadores. Ayudado por una silla de ruedas, y despu\u00e9s de que sus compa\u00f1eros abrieran la noche con algunos temas, se acerc\u00f3 sigilosamente a su inseparable piano. En el instante en el que el p\u00fablico presente se dio cuenta de ello, estall\u00f3 en una monumental ovaci\u00f3n, aclamando a una de las m\u00e1s rutilantes estrellas vivas del blues. Cuando entr\u00f3 en contacto con su teclado, con el ritmo incomparable de este selecto grupo de m\u00fasicos y con el calor del p\u00fablico, pareci\u00f3 transformarse y regresar a su mejor momento. Visto en su silla de ruedas, ayudado por un asistente, no parec\u00edamos estar ante la misma persona que subi\u00f3 al escenario.<\/p>\n<p>En el escenario le acompa\u00f1aban un gran elenco de artistas, eso s\u00ed, algo m\u00e1s j\u00f3venes que \u00e9l pero con mucha historia. <strong>Bob Margolin, Jerry Portnoy, Calvin &#8216;Fuzz&#8217; Jones, Willie &#8216;Big Eyes&#8217; Smith<\/strong> acompa\u00f1aron a ritmo de blues de Chicago a su compa\u00f1ero Pinetops, un concierto inmejorable y que daba la sensaci\u00f3n de que nos enfrent\u00e1bamos quiz\u00e1 a la mejor edici\u00f3n de BluesCazorla de su historia.<\/p>\n<p>Despu\u00e9s de poder disfrutar de este hist\u00f3rico concierto se sub\u00eda al escenario uno de los grandes, <strong>Magic Slim<\/strong>, acompa\u00f1ado de <strong>Big Time Sarah<\/strong> y del armonicista <strong>Billy Branch<\/strong>. Guitarra en mano, Magic Slim empez\u00f3 a derrochar blues al m\u00e1s puro estilo Chicago acompa\u00f1ada de la en\u00e9rgica voz de Big Time Sarah y del emblem\u00e1tico Billy Branch levantaron a todos los espectadores durante todo su concierto. Un largo y extendido aplauso desped\u00edan a estos tres artistas que dejaron el pabell\u00f3n bien alto para esta edici\u00f3n.<\/p>\n<p><strong>Popa Chubbi<\/strong>, o Ted Horowitz, que actu\u00f3 posteriormente, dej\u00f3 claro desde que entr\u00f3 por la puerta del back stage que viene del Bronx neoyorkino. Con su voluminoso f\u00edsico y sus tatuajes; con su forma de hablar y de andar; con su afabilidad hacia los fans, que adquir\u00eda en propiedad durante el tiempo que \u00e9l cre\u00eda oportuno; o con su actitud encontradiza y desafiante hacia los encargados de la seguridad cuando le solicitaron su acreditaci\u00f3n, que \u00e9l, como no pod\u00eda ser de otro modo, no portaba. Pero, sobre todo, por su forma de entender el blues al mando de su banda y de su guitarra, con un estilo inconfundible en un bluesman que pasa por su mejor momento. Blues, punk, rock, hip hop y R&amp;B se mezclan en un c\u00f3ctel demoledor para el que quiera disfrutarlo.<\/p>\n<p>La banda<strong> \u2018Down Home\u2019<\/strong> se encarg\u00f3 de cerrar la noche del viernes.<\/p>\n<p><strong>S\u00e1bado<\/strong><\/p>\n<p>Los primeros rayos de sol ya daban fuerte en el escenario de la Plaza de Santa Mar\u00eda y las ganas de los bluseros crec\u00edan expectantes de poder disfrutar de la reina del blues,<strong> Koko Taylor. Pepe Delgado y Colin<\/strong> empezaban con su blues en ac\u00fastico y a ritmos de buen swing el p\u00fablico se animaba.<strong> Felix Slim<\/strong> continuaba la marcha con su blues muy cercano al country que anima a bailar y a disfrutar de sonidos muy pegadizos.<\/p>\n<p>El viernes ma\u00f1anero se cerr\u00f3 con la actuaci\u00f3n de <strong>Malcolm y \u00d1aco<\/strong>, un dio muy intenso y que vino a la perfecci\u00f3n par culminar la ma\u00f1ana, la gente animosa no par\u00f3 de tararear canciones y de disfrutar con el buen rollo que transmit\u00eda la plaza.<\/p>\n<p>La banda <strong>\u2018Destilados\u2019<\/strong> daba el pistoletazo de salida a la tarde blusera del s\u00e1bado, con ritmos muy ca\u00f1eros rock, blues y R&amp;B para comenzar la tarde con buen pie.<\/p>\n<p>Los <strong>\u2018Travelling Brothers\u2019<\/strong> visitaron en esta edici\u00f3n el escenario del Auditorio del Cristo, una amplia banda con un blues muy en\u00e9rgico y el\u00e9ctrico que siempre anima al p\u00fablico. Una banda amiga de Cazorla que siempre da la talla.<\/p>\n<p><strong>Predicador Ramirez<\/strong>, cerr\u00f3 la tarde de un forma asombrosa con mucha intensidad y con su mejor versi\u00f3n blusera. Aplausos y agritos de \u00a1Otra, otra! Termin\u00f3 su concierto con una gran ovaci\u00f3n.<\/p>\n<p>La gente estaba ya expectante por ver a la diva del blues pero antes hab\u00eda que disfrutar de una gran guitarrista a la que se le esperaba un gran recorrido, <strong>Ana Popovic<\/strong>, esta joven guitarrista ya presume de haber tocado con artistas de la talla de Eric Burdon, Taj Majal, Buddy Miles o Double Trouble, y eso se not\u00f3 en el escenario, excelente con su guitarra se despidi\u00f3 con una gran ovaci\u00f3n.<\/p>\n<p>Ahora s\u00ed. <strong>Koko Taylor<\/strong> sub\u00eda al escenario de la Plaza de Toros, algunos espectadores se frotaban los ojos para ver si era realidad lo que estaban viendo. Agarr\u00f3 el micr\u00f3fono y como es normal en ella empez\u00f3 a sentir y a hacer lo que m\u00e1s le gusta, cantar blues, junto a su banda \u2018Her Blues Machine\u2019, con su voz \u00e1spera y potente y su estilo m\u00e1s cl\u00e1sico, Koko empez\u00f3 a cantar sus grandes canciones de gran parte de su discograf\u00eda como \u2018Force of Nature\u2019, \u2018From The Heart Of A Woman\u2019 y su \u00faltimo trabajo \u2018Old School\u2019. Entregada en el escenario se llev\u00f3 una gran ovaci\u00f3n y un extendido aplauso de agradecimiento por su entrega en el escenario y por dedicar toda una vida al blues.<\/p>\n<p>A\u00fan quedaban dos actuaciones para terminar. Le tocaba el turno a <strong>Rick Holmstrom<\/strong>, guitarrista de blues el\u00e9ctrico con inspiraciones en el Rhytmn &amp; Blues. Rick realiz\u00f3 un concierto vivo y con mucho ritmo, a su estilo y con ganas de cautivar al p\u00fablico, un fen\u00f3meno a la guitarra que dej\u00f3 con buen sabor de boca a todos los bluseros.<\/p>\n<p>Para cerrar, el show de<strong> \u00d1aco<\/strong>. La arm\u00f3nica es su pasi\u00f3n y eso se nota en el escenario, un excelente cierre de edici\u00f3n, con un cartel \u00fanico y un festival hist\u00f3rico.<\/p>\n<p>[\/et_pb_testimonial][\/et_pb_column_inner][\/et_pb_row_inner][\/et_pb_column][\/et_pb_section][et_pb_section bb_built=\u00bb1&#8243; fullwidth=\u00bbon\u00bb specialty=\u00bboff\u00bb prev_background_color=\u00bb#000000&#8243; next_background_color=\u00bb#000000&#8243;][et_pb_fullwidth_slider _builder_version=\u00bb3.2.2&#8243; saved_tabs=\u00bball\u00bb][et_pb_slide _builder_version=\u00bb3.2.2&#8243; button_link=\u00bbhttps:\/\/www.ticketmaster.es\/event\/bluescazorla-festival-entradas\/15663?eventId=15663&amp;track=DiscoveryAPI&amp;camefrom=GLS%7CRiff+Producciones&amp;brand=base_mb_es\u00bb heading=\u00bbNO TE QUEDES SIN TU ABONO \u00bb button_text=\u00bbCOMPRAR ENTRADAS\u00bb background_color=\u00bb#aeaea2&#8243; use_background_color_gradient=\u00bboff\u00bb background_color_gradient_start=\u00bb#2b87da\u00bb background_color_gradient_end=\u00bb#29c4a9&#8243; background_color_gradient_type=\u00bblinear\u00bb background_color_gradient_direction=\u00bb180deg\u00bb background_color_gradient_direction_radial=\u00bbcenter\u00bb background_color_gradient_start_position=\u00bb0%\u00bb background_color_gradient_end_position=\u00bb100%\u00bb background_color_gradient_overlays_image=\u00bboff\u00bb parallax=\u00bboff\u00bb parallax_method=\u00bbon\u00bb background_size=\u00bbcover\u00bb background_position=\u00bbcenter\u00bb background_repeat=\u00bbno-repeat\u00bb background_blend=\u00bbnormal\u00bb allow_player_pause=\u00bboff\u00bb background_video_pause_outside_viewport=\u00bbon\u00bb use_bg_overlay=\u00bboff\u00bb use_text_overlay=\u00bboff\u00bb text_border_radius=\u00bb3&#8243; alignment=\u00bbcenter\u00bb child_filter_hue_rotate=\u00bb0deg\u00bb child_filter_saturate=\u00bb100%\u00bb child_filter_brightness=\u00bb100%\u00bb child_filter_contrast=\u00bb100%\u00bb child_filter_invert=\u00bb0%\u00bb child_filter_sepia=\u00bb0%\u00bb child_filter_opacity=\u00bb100%\u00bb child_filter_blur=\u00bb0px\u00bb child_mix_blend_mode=\u00bbnormal\u00bb background_layout=\u00bbdark\u00bb text_shadow_style=\u00bbnone\u00bb header_text_shadow_style=\u00bbnone\u00bb body_text_shadow_style=\u00bbnone\u00bb custom_button=\u00bboff\u00bb button_bg_use_color_gradient=\u00bboff\u00bb button_bg_color_gradient_overlays_image=\u00bboff\u00bb button_use_icon=\u00bbon\u00bb button_on_hover=\u00bbon\u00bb button_text_shadow_style=\u00bbnone\u00bb box_shadow_style_button=\u00bbnone\u00bb text_shadow_horizontal_length=\u00bb0em\u00bb text_shadow_vertical_length=\u00bb0em\u00bb text_shadow_blur_strength=\u00bb0em\u00bb header_text_shadow_horizontal_length=\u00bb0em\u00bb header_text_shadow_vertical_length=\u00bb0em\u00bb header_text_shadow_blur_strength=\u00bb0em\u00bb body_text_shadow_horizontal_length=\u00bb0em\u00bb body_text_shadow_vertical_length=\u00bb0em\u00bb body_text_shadow_blur_strength=\u00bb0em\u00bb button_text_shadow_horizontal_length=\u00bb0em\u00bb button_text_shadow_vertical_length=\u00bb0em\u00bb button_text_shadow_blur_strength=\u00bb0em\u00bb \/][\/et_pb_fullwidth_slider][\/et_pb_section][et_pb_section bb_built=\u00bb1&#8243; fullwidth=\u00bbon\u00bb specialty=\u00bboff\u00bb prev_background_color=\u00bb#000000&#8243;][et_pb_fullwidth_image src=\u00bbhttps:\/\/www.cazorla.es\/bluescazorla06\/wp-content\/uploads\/2019\/06\/Inferior3_2019.png\u00bb _builder_version=\u00bb3.2.2&#8243; saved_tabs=\u00bball\u00bb]<\/p>\n<p>&nbsp;<\/p>\n<p>[\/et_pb_fullwidth_image][\/et_pb_section]<\/p>\n","protected":false},"excerpt":{"rendered":"<p>[et_pb_section bb_built=\u00bb1&#8243; next_background_color=\u00bb#000000&#8243;][et_pb_row][et_pb_column type=\u00bb4_4&#8243;][et_pb_post_title _builder_version=\u00bb3.2.2&#8243; meta=\u00bboff\u00bb featured_image=\u00bboff\u00bb text_orientation=\u00bbcenter\u00bb \/][\/et_pb_column][\/et_pb_row][\/et_pb_section][et_pb_section bb_built=\u00bb1&#8243; fullwidth=\u00bboff\u00bb specialty=\u00bbon\u00bb prev_background_color=\u00bb#000000&#8243; _builder_version=\u00bb3.2.2&#8243; next_background_color=\u00bb#000000&#8243;][et_pb_column type=\u00bb1_2&#8243;][et_pb_image _builder_version=\u00bb3.2.2&#8243; src=\u00bbhttps:\/\/cazorla.es\/wp-content\/uploads\/2015\/06\/2007.jpg\u00bb align=\u00bbcenter\u00bb max_width=\u00bb80%\u00bb \/][et_pb_blurb _builder_version=\u00bb3.2.2&#8243; title=\u00bbKoko Taylor\u00bb image=\u00bbhttps:\/\/cazorla.es\/wp-content\/uploads\/2015\/06\/descarga-112.jpg\u00bb text_orientation=\u00bbcenter\u00bb header_level=\u00bbh6&#8243; header_text_color=\u00bb#000000&#8243; body_font=\u00bb||on||||||\u00bb \/][et_pb_blurb _builder_version=\u00bb3.2.2&#8243; title=\u00bbPinetop Perkins\u00bb image=\u00bbhttps:\/\/cazorla.es\/wp-content\/uploads\/2015\/06\/descarga-210.jpg\u00bb text_orientation=\u00bbcenter\u00bb header_level=\u00bbh6&#8243; header_text_color=\u00bb#000000&#8243; body_font=\u00bb||on||||||\u00bb \/][et_pb_blurb _builder_version=\u00bb3.2.2&#8243; title=\u00bbMagic Slim\u00bb image=\u00bbhttps:\/\/cazorla.es\/wp-content\/uploads\/2015\/06\/images7.jpg\u00bb text_orientation=\u00bbcenter\u00bb header_level=\u00bbh6&#8243; header_text_color=\u00bb#000000&#8243; body_font=\u00bb||on||||||\u00bb \/][et_pb_blurb _builder_version=\u00bb3.2.2&#8243; title=\u00bbBilly Branch\u00bb image=\u00bbhttps:\/\/cazorla.es\/wp-content\/uploads\/2015\/06\/descarga-48.jpg\u00bb text_orientation=\u00bbcenter\u00bb header_level=\u00bbh6&#8243; header_text_color=\u00bb#000000&#8243; [&hellip;]<\/p>\n","protected":false},"author":2,"featured_media":0,"parent":0,"menu_order":0,"comment_status":"closed","ping_status":"closed","template":"","meta":{"_et_pb_use_builder":"on","_et_pb_old_content":"","_et_gb_content_width":"","footnotes":""},"_links":{"self":[{"href":"https:\/\/www.cazorla.es\/bluescazorla06\/wp-json\/wp\/v2\/pages\/3773"}],"collection":[{"href":"https:\/\/www.cazorla.es\/bluescazorla06\/wp-json\/wp\/v2\/pages"}],"about":[{"href":"https:\/\/www.cazorla.es\/bluescazorla06\/wp-json\/wp\/v2\/types\/page"}],"author":[{"embeddable":true,"href":"https:\/\/www.cazorla.es\/bluescazorla06\/wp-json\/wp\/v2\/users\/2"}],"replies":[{"embeddable":true,"href":"https:\/\/www.cazorla.es\/bluescazorla06\/wp-json\/wp\/v2\/comments?post=3773"}],"version-history":[{"count":7,"href":"https:\/\/www.cazorla.es\/bluescazorla06\/wp-json\/wp\/v2\/pages\/3773\/revisions"}],"predecessor-version":[{"id":4049,"href":"https:\/\/www.cazorla.es\/bluescazorla06\/wp-json\/wp\/v2\/pages\/3773\/revisions\/4049"}],"wp:attachment":[{"href":"https:\/\/www.cazorla.es\/bluescazorla06\/wp-json\/wp\/v2\/media?parent=3773"}],"curies":[{"name":"wp","href":"https:\/\/api.w.org\/{rel}","templated":true}]}}