{"id":3769,"date":"2019-07-08T06:31:41","date_gmt":"2019-07-08T06:31:41","guid":{"rendered":"http:\/\/www.cazorla.es\/bluescazorla06\/?page_id=3769"},"modified":"2019-07-11T07:55:32","modified_gmt":"2019-07-11T07:55:32","slug":"bluescazorla-festival-2005","status":"publish","type":"page","link":"https:\/\/www.cazorla.es\/bluescazorla06\/bluescazorla-festival-2005\/","title":{"rendered":"BluesCazorla Festival 2005"},"content":{"rendered":"<p>[et_pb_section bb_built=\u00bb1&#8243; next_background_color=\u00bb#000000&#8243;][et_pb_row][et_pb_column type=\u00bb4_4&#8243;][et_pb_post_title _builder_version=\u00bb3.2.2&#8243; meta=\u00bboff\u00bb featured_image=\u00bboff\u00bb text_orientation=\u00bbcenter\u00bb \/][\/et_pb_column][\/et_pb_row][\/et_pb_section][et_pb_section bb_built=\u00bb1&#8243; fullwidth=\u00bboff\u00bb specialty=\u00bbon\u00bb prev_background_color=\u00bb#000000&#8243; _builder_version=\u00bb3.2.2&#8243; next_background_color=\u00bb#000000&#8243;][et_pb_column type=\u00bb1_2&#8243;][et_pb_image _builder_version=\u00bb3.2.2&#8243; src=\u00bbhttps:\/\/cazorla.es\/wp-content\/uploads\/2015\/06\/2005.jpg\u00bb align=\u00bbcenter\u00bb \/][et_pb_blurb _builder_version=\u00bb3.2.2&#8243; title=\u00bbRobert Cray\u00bb image=\u00bbhttps:\/\/cazorla.es\/wp-content\/uploads\/2015\/06\/descarga16.jpg\u00bb text_orientation=\u00bbcenter\u00bb header_level=\u00bbh6&#8243; header_text_color=\u00bb#000000&#8243; body_font=\u00bb||on||||||\u00bb \/][et_pb_blurb _builder_version=\u00bb3.2.2&#8243; title=\u00bbMagic Slim &amp; The Teadrops\u00bb image=\u00bbhttps:\/\/cazorla.es\/wp-content\/uploads\/2015\/06\/descarga-113.jpg\u00bb text_orientation=\u00bbcenter\u00bb header_level=\u00bbh6&#8243; header_text_color=\u00bb#000000&#8243; body_font=\u00bb||on||||||\u00bb \/][et_pb_blurb _builder_version=\u00bb3.2.2&#8243; title=\u00bbMavis Staples\u00bb image=\u00bbhttps:\/\/cazorla.es\/wp-content\/uploads\/2015\/06\/descarga-312.jpg\u00bb text_orientation=\u00bbcenter\u00bb header_level=\u00bbh6&#8243; header_text_color=\u00bb#000000&#8243; body_font=\u00bb||on||||||\u00bb \/][et_pb_blurb _builder_version=\u00bb3.2.2&#8243; title=\u00bbThe Commiments\u00bb image=\u00bbhttps:\/\/cazorla.es\/wp-content\/uploads\/2015\/06\/500-The-Commitments_2011.jpg\u00bb text_orientation=\u00bbcenter\u00bb header_level=\u00bbh6&#8243; header_text_color=\u00bb#000000&#8243; body_font=\u00bb||on||||||\u00bb image_max_width=\u00bb60%\u00bb \/][et_pb_blurb _builder_version=\u00bb3.2.2&#8243; title=\u00bbLucky Peterson\u00bb image=\u00bbhttps:\/\/cazorla.es\/wp-content\/uploads\/2015\/06\/descarga-211.jpg\u00bb text_orientation=\u00bbcenter\u00bb header_level=\u00bbh6&#8243; header_text_color=\u00bb#000000&#8243; body_font=\u00bb||on||||||\u00bb \/][\/et_pb_column][et_pb_column type=\u00bb1_2&#8243; specialty_columns=\u00bb2&#8243;][et_pb_row_inner admin_label=\u00bbFila\u00bb][et_pb_column_inner type=\u00bb4_4&#8243; saved_specialty_column_type=\u00bb1_2&#8243;][et_pb_testimonial _builder_version=\u00bb3.2.2&#8243; quote_icon_background_color=\u00bb#f5f5f5&#8243;]<\/p>\n<h1><strong>Un Robert Cray estelar brill\u00f3 en la und\u00e9cima edici\u00f3n de BluesCazorla<\/strong><\/h1>\n<p><strong><em>Magic Slim, The Commiements y Mavis Staples pusieron la guinda al pastel en un festival en crecimiento.<\/em><\/strong><\/p>\n<p>BluesCazorla segu\u00eda creciendo y lo hac\u00eda a un ritmo fren\u00e9tico. Para la und\u00e9cima edici\u00f3n un plantel de artistas inigualable con la figura de <strong>Robert Cray<\/strong> como artista destacado y acompa\u00f1ado de artistas de la talla d<strong>e Magic Slim, Mavis Staples, Jerry Portnoy y The Commiments<\/strong>. Una muestra del potencial que cada a\u00f1o quer\u00eda ir ofreciendo BluesCazorla.<\/p>\n<p>Para empezar la noche del jueves, algo peculiar, la fiesta de la Terrera con artistas invitados como<strong> Otis Grand<\/strong> y <strong>Guitar Ray<\/strong>, un ambiente distinto y muy blusero para abrir las puertas a BluesCazorla 2005.<\/p>\n<p>Ya el viernes, el escenario del audit\u00f3rium del Cristo empezaba a desprender los primeros sonidos con <strong>Conan Carmona Blues Band, Blues Session, Malcom Scarpa y Osi Martinez y El Trio del Saco<\/strong>. Cuatro buenos conciertos en cuatro horas que serv\u00edan para abrir boca un bonito festival.<\/p>\n<p>El escenario de la plaza de Toros ya brillaba con su espectacular puesta en escena de sonido e iluminaci\u00f3n. En el escenario en ese momento sub\u00eda <strong>Jerry Portnoy<\/strong>, virtuoso de la arm\u00f3nica y muy cercano al p\u00fablico empez\u00f3 a desprender blues y a animar al p\u00fablico. Una actuaci\u00f3n perfecta para empezar la edici\u00f3n.<\/p>\n<p>La cosa pintaba fuerte para la noche del viernes. Y es que nada m\u00e1s bajarse Portnoy del escenario sub\u00eda el plato fuerte de la noche, <strong>Magic Slim<\/strong> y su banda The Teadrops. Guitarrista y especialista en el blues m\u00e1s puro de Chicago, un concierto que estilos que encanta en los espectadores.<\/p>\n<p>Tras el conciertazo de Magic. Llegaba el ritmo a escena y las ganas de bailar de la mano de<strong> \u2018The Commiments\u2019<\/strong>. En el concierto se podr\u00e1n escuchar canciones como &#8216;Mustang sally&#8217;, &#8216;Try a little tenderness&#8217;, &#8216;Mr.Pitiful&#8217;, &#8216;Destination anywhere&#8217;, &#8216;Chains of fools&#8217;, &#8216;Take me to the river&#8217; o &#8216;In the midnight hour&#8217;, entre otras. Entre los miembros del reparto se encuentran varios cantantes de los Commitments originales, como el guitarra Kenneth McCluskey (Derek \u00abThe Meatman\u00bb Scully) y el bater\u00eda Dick Massey (Billy \u00abThe Animal\u00bb Mooney).<\/p>\n<p>Un concierto con mucho ritmo y mucho baile.<\/p>\n<p>Continuaba la noche con la actuaci\u00f3n de una m\u00e1gica del violin. <strong>Liza Haley &amp; The Zidecats<\/strong> con su violin azul en mano y sus sonidos en forma de jazz, R&amp;B y celtas empez\u00f3 a mover a la gente y a animar la noche de una forma \u00fanica. Sin duda la revelaci\u00f3n de la noche.<\/p>\n<p>Para cerrar.<strong> \u2018Mr Hurricane Band\u2019<\/strong>, que puso el colof\u00f3n a la noche con buena m\u00fasica.<\/p>\n<p><strong>S\u00e1bado<\/strong><\/p>\n<p>Tras una noche del viernes asombrosa. Tocaba darlo todo en el escenario de la plaza de Santa Mar\u00eda, desde bien temprano. De la mano de F<strong>ede Aguado y Nanos Blues Band<\/strong> la ma\u00f1ana iba cogiendo forma con buena m\u00fasica y buenos ritmos bluseros, este emblem\u00e1tico escenario empezaba a mostrar a los organizadores el buen ambiente que transmit\u00ed, de ah\u00ed, la firme apuesta por ir mejorando este espacio que hoy en d\u00eda nos deja horas y horas de buen blues y a coste cero.<\/p>\n<p>Por la tarde, en el escenario Senheiser, abr\u00eda fuego<strong> Sun Street Band<\/strong>, le segu\u00eda <strong>Black Cat, Tres O\u2019clock<\/strong> y para cerrar, <strong>Los fastuosos de la Ribera<\/strong>. Una jornada de tarde muy intensa con buena m\u00fasica y mejor ambiente para ir a por la jornada de noche.<\/p>\n<p>La noche no se hac\u00eda mucho esperar y los espectadores iban ocupando su lugar en la plaza y en las gradas para ver a una diva del g\u00f3spel y el soul, <strong>Mavis Staples<\/strong>, una voz \u00fanica aunque su estilo se pega m\u00e1s al g\u00f3spel y al soul se acerc\u00f3 al blues m\u00e1s puro de Chicago con algunas de sus canciones, sin duda una actuaci\u00f3n para recordar.<\/p>\n<p>Era el turno del cabeza de cartel de esta edici\u00f3n, <strong>Robert Cray<\/strong>. Un concierto a su estilo con mucho blues y con toques de jazz, Robert, demostr\u00f3 porque es uno de los principales guitarristas del panorama blusero, no es para menos cuando te has codeado con los grandes como BB King, Eric Clapton o Stevie Ray Vaughan. Todo un conciertazo. A\u00fan quedaba mucha noche. Y para subirse al escenario el carism\u00e1tico<strong> Lucky Peterson<\/strong>, piano, guitarra y mucho blues del contempor\u00e1neo, le encanta tambi\u00e9n el g\u00f3spel por eso se anima con todo, interact\u00faa como nadie con el p\u00fablico por lo que hizo de su actuaci\u00f3n, una actuaci\u00f3n de diez. Para cerrar esta edici\u00f3n,<strong> Lazy Jumpers<\/strong>, una buena banda de blues para soplar las velas de los 11 a\u00f1os de blues en Cazorla.<\/p>\n<p>[\/et_pb_testimonial][\/et_pb_column_inner][\/et_pb_row_inner][et_pb_row_inner admin_label=\u00bbFila\u00bb][et_pb_column_inner type=\u00bb4_4&#8243; saved_specialty_column_type=\u00bb1_2&#8243;][\/et_pb_column_inner][\/et_pb_row_inner][\/et_pb_column][\/et_pb_section][et_pb_section bb_built=\u00bb1&#8243; fullwidth=\u00bbon\u00bb specialty=\u00bboff\u00bb prev_background_color=\u00bb#000000&#8243; next_background_color=\u00bb#000000&#8243;][et_pb_fullwidth_slider _builder_version=\u00bb3.2.2&#8243; saved_tabs=\u00bball\u00bb][et_pb_slide _builder_version=\u00bb3.2.2&#8243; button_link=\u00bbhttps:\/\/www.ticketmaster.es\/event\/bluescazorla-festival-entradas\/15663?eventId=15663&amp;track=DiscoveryAPI&amp;camefrom=GLS%7CRiff+Producciones&amp;brand=base_mb_es\u00bb heading=\u00bbNO TE QUEDES SIN TU ABONO \u00bb button_text=\u00bbCOMPRAR ENTRADAS\u00bb background_color=\u00bb#aeaea2&#8243; use_background_color_gradient=\u00bboff\u00bb background_color_gradient_start=\u00bb#2b87da\u00bb background_color_gradient_end=\u00bb#29c4a9&#8243; background_color_gradient_type=\u00bblinear\u00bb background_color_gradient_direction=\u00bb180deg\u00bb background_color_gradient_direction_radial=\u00bbcenter\u00bb background_color_gradient_start_position=\u00bb0%\u00bb background_color_gradient_end_position=\u00bb100%\u00bb background_color_gradient_overlays_image=\u00bboff\u00bb parallax=\u00bboff\u00bb parallax_method=\u00bbon\u00bb background_size=\u00bbcover\u00bb background_position=\u00bbcenter\u00bb background_repeat=\u00bbno-repeat\u00bb background_blend=\u00bbnormal\u00bb allow_player_pause=\u00bboff\u00bb background_video_pause_outside_viewport=\u00bbon\u00bb use_bg_overlay=\u00bboff\u00bb use_text_overlay=\u00bboff\u00bb text_border_radius=\u00bb3&#8243; alignment=\u00bbcenter\u00bb child_filter_hue_rotate=\u00bb0deg\u00bb child_filter_saturate=\u00bb100%\u00bb child_filter_brightness=\u00bb100%\u00bb child_filter_contrast=\u00bb100%\u00bb child_filter_invert=\u00bb0%\u00bb child_filter_sepia=\u00bb0%\u00bb child_filter_opacity=\u00bb100%\u00bb child_filter_blur=\u00bb0px\u00bb child_mix_blend_mode=\u00bbnormal\u00bb background_layout=\u00bbdark\u00bb text_shadow_style=\u00bbnone\u00bb header_text_shadow_style=\u00bbnone\u00bb body_text_shadow_style=\u00bbnone\u00bb custom_button=\u00bboff\u00bb button_bg_use_color_gradient=\u00bboff\u00bb button_bg_color_gradient_overlays_image=\u00bboff\u00bb button_use_icon=\u00bbon\u00bb button_on_hover=\u00bbon\u00bb button_text_shadow_style=\u00bbnone\u00bb box_shadow_style_button=\u00bbnone\u00bb text_shadow_horizontal_length=\u00bb0em\u00bb text_shadow_vertical_length=\u00bb0em\u00bb text_shadow_blur_strength=\u00bb0em\u00bb header_text_shadow_horizontal_length=\u00bb0em\u00bb header_text_shadow_vertical_length=\u00bb0em\u00bb header_text_shadow_blur_strength=\u00bb0em\u00bb body_text_shadow_horizontal_length=\u00bb0em\u00bb body_text_shadow_vertical_length=\u00bb0em\u00bb body_text_shadow_blur_strength=\u00bb0em\u00bb button_text_shadow_horizontal_length=\u00bb0em\u00bb button_text_shadow_vertical_length=\u00bb0em\u00bb button_text_shadow_blur_strength=\u00bb0em\u00bb \/][\/et_pb_fullwidth_slider][\/et_pb_section][et_pb_section bb_built=\u00bb1&#8243; fullwidth=\u00bbon\u00bb specialty=\u00bboff\u00bb prev_background_color=\u00bb#000000&#8243;][et_pb_fullwidth_image src=\u00bbhttps:\/\/www.cazorla.es\/bluescazorla06\/wp-content\/uploads\/2019\/06\/Inferior3_2019.png\u00bb _builder_version=\u00bb3.2.2&#8243; saved_tabs=\u00bball\u00bb]<\/p>\n<p>&nbsp;<\/p>\n<p>[\/et_pb_fullwidth_image][\/et_pb_section]<\/p>\n","protected":false},"excerpt":{"rendered":"<p>[et_pb_section bb_built=\u00bb1&#8243; next_background_color=\u00bb#000000&#8243;][et_pb_row][et_pb_column type=\u00bb4_4&#8243;][et_pb_post_title _builder_version=\u00bb3.2.2&#8243; meta=\u00bboff\u00bb featured_image=\u00bboff\u00bb text_orientation=\u00bbcenter\u00bb \/][\/et_pb_column][\/et_pb_row][\/et_pb_section][et_pb_section bb_built=\u00bb1&#8243; fullwidth=\u00bboff\u00bb specialty=\u00bbon\u00bb prev_background_color=\u00bb#000000&#8243; _builder_version=\u00bb3.2.2&#8243; next_background_color=\u00bb#000000&#8243;][et_pb_column type=\u00bb1_2&#8243;][et_pb_image _builder_version=\u00bb3.2.2&#8243; src=\u00bbhttps:\/\/cazorla.es\/wp-content\/uploads\/2015\/06\/2005.jpg\u00bb align=\u00bbcenter\u00bb \/][et_pb_blurb _builder_version=\u00bb3.2.2&#8243; title=\u00bbRobert Cray\u00bb image=\u00bbhttps:\/\/cazorla.es\/wp-content\/uploads\/2015\/06\/descarga16.jpg\u00bb text_orientation=\u00bbcenter\u00bb header_level=\u00bbh6&#8243; header_text_color=\u00bb#000000&#8243; body_font=\u00bb||on||||||\u00bb \/][et_pb_blurb _builder_version=\u00bb3.2.2&#8243; title=\u00bbMagic Slim &amp; The Teadrops\u00bb image=\u00bbhttps:\/\/cazorla.es\/wp-content\/uploads\/2015\/06\/descarga-113.jpg\u00bb text_orientation=\u00bbcenter\u00bb header_level=\u00bbh6&#8243; header_text_color=\u00bb#000000&#8243; body_font=\u00bb||on||||||\u00bb \/][et_pb_blurb _builder_version=\u00bb3.2.2&#8243; title=\u00bbMavis Staples\u00bb image=\u00bbhttps:\/\/cazorla.es\/wp-content\/uploads\/2015\/06\/descarga-312.jpg\u00bb text_orientation=\u00bbcenter\u00bb header_level=\u00bbh6&#8243; header_text_color=\u00bb#000000&#8243; body_font=\u00bb||on||||||\u00bb \/][et_pb_blurb _builder_version=\u00bb3.2.2&#8243; title=\u00bbThe Commiments\u00bb image=\u00bbhttps:\/\/cazorla.es\/wp-content\/uploads\/2015\/06\/500-The-Commitments_2011.jpg\u00bb text_orientation=\u00bbcenter\u00bb [&hellip;]<\/p>\n","protected":false},"author":2,"featured_media":0,"parent":0,"menu_order":0,"comment_status":"closed","ping_status":"closed","template":"","meta":{"_et_pb_use_builder":"on","_et_pb_old_content":"","_et_gb_content_width":"","footnotes":""},"_links":{"self":[{"href":"https:\/\/www.cazorla.es\/bluescazorla06\/wp-json\/wp\/v2\/pages\/3769"}],"collection":[{"href":"https:\/\/www.cazorla.es\/bluescazorla06\/wp-json\/wp\/v2\/pages"}],"about":[{"href":"https:\/\/www.cazorla.es\/bluescazorla06\/wp-json\/wp\/v2\/types\/page"}],"author":[{"embeddable":true,"href":"https:\/\/www.cazorla.es\/bluescazorla06\/wp-json\/wp\/v2\/users\/2"}],"replies":[{"embeddable":true,"href":"https:\/\/www.cazorla.es\/bluescazorla06\/wp-json\/wp\/v2\/comments?post=3769"}],"version-history":[{"count":7,"href":"https:\/\/www.cazorla.es\/bluescazorla06\/wp-json\/wp\/v2\/pages\/3769\/revisions"}],"predecessor-version":[{"id":4051,"href":"https:\/\/www.cazorla.es\/bluescazorla06\/wp-json\/wp\/v2\/pages\/3769\/revisions\/4051"}],"wp:attachment":[{"href":"https:\/\/www.cazorla.es\/bluescazorla06\/wp-json\/wp\/v2\/media?parent=3769"}],"curies":[{"name":"wp","href":"https:\/\/api.w.org\/{rel}","templated":true}]}}