{"id":3767,"date":"2019-07-08T06:30:57","date_gmt":"2019-07-08T06:30:57","guid":{"rendered":"http:\/\/www.cazorla.es\/bluescazorla06\/?page_id=3767"},"modified":"2019-07-11T07:57:02","modified_gmt":"2019-07-11T07:57:02","slug":"bluescazorla-festival-2004","status":"publish","type":"page","link":"https:\/\/www.cazorla.es\/bluescazorla06\/bluescazorla-festival-2004\/","title":{"rendered":"BluesCazorla Festival 2004"},"content":{"rendered":"<p>[et_pb_section bb_built=\u00bb1&#8243; next_background_color=\u00bb#000000&#8243;][et_pb_row][et_pb_column type=\u00bb4_4&#8243;][et_pb_post_title _builder_version=\u00bb3.2.2&#8243; meta=\u00bboff\u00bb featured_image=\u00bboff\u00bb text_orientation=\u00bbcenter\u00bb \/][\/et_pb_column][\/et_pb_row][\/et_pb_section][et_pb_section bb_built=\u00bb1&#8243; fullwidth=\u00bboff\u00bb specialty=\u00bbon\u00bb prev_background_color=\u00bb#000000&#8243; _builder_version=\u00bb3.2.2&#8243; next_background_color=\u00bb#000000&#8243;][et_pb_column type=\u00bb1_2&#8243;][et_pb_image _builder_version=\u00bb3.2.2&#8243; src=\u00bbhttps:\/\/cazorla.es\/wp-content\/uploads\/2015\/06\/cartelbluesalta.jpg\u00bb align=\u00bbcenter\u00bb max_width=\u00bb92%\u00bb \/][et_pb_blurb _builder_version=\u00bb3.2.2&#8243; title=\u00bbBuddy Guy\u00bb image=\u00bbhttps:\/\/cazorla.es\/wp-content\/uploads\/2015\/06\/buddy.jpg\u00bb text_orientation=\u00bbcenter\u00bb header_level=\u00bbh6&#8243; header_text_color=\u00bb#000000&#8243; body_font=\u00bb||on||||||\u00bb image_max_width=\u00bb56%\u00bb \/][et_pb_blurb _builder_version=\u00bb3.2.2&#8243; title=\u00bbJohn Mayall &amp; Bluesbreakers\u00bb image=\u00bbhttps:\/\/cazorla.es\/wp-content\/uploads\/2015\/06\/descarga-114.jpg\u00bb text_orientation=\u00bbcenter\u00bb header_level=\u00bbh6&#8243; header_text_color=\u00bb#000000&#8243; body_font=\u00bb||on||||||\u00bb \/][et_pb_blurb _builder_version=\u00bb3.2.2&#8243; title=\u00bbRod Piazza &amp; The Mighty Flyers\u00bb image=\u00bbhttps:\/\/cazorla.es\/wp-content\/uploads\/2015\/06\/descarga-212.jpg\u00bb text_orientation=\u00bbcenter\u00bb header_level=\u00bbh6&#8243; header_text_color=\u00bb#000000&#8243; body_font=\u00bb||on||||||\u00bb \/][et_pb_blurb _builder_version=\u00bb3.2.2&#8243; title=\u00bbSista Monica\u00bb image=\u00bbhttps:\/\/cazorla.es\/wp-content\/uploads\/2015\/06\/201005191997.jpg\u00bb text_orientation=\u00bbcenter\u00bb header_level=\u00bbh6&#8243; header_text_color=\u00bb#000000&#8243; body_font=\u00bb||on||||||\u00bb image_max_width=\u00bb54%\u00bb \/][et_pb_blurb _builder_version=\u00bb3.2.2&#8243; title=\u00bbOtis Grand\u00bb image=\u00bbhttps:\/\/cazorla.es\/wp-content\/uploads\/2015\/06\/descarga-313.jpg\u00bb text_orientation=\u00bbcenter\u00bb header_level=\u00bbh6&#8243; header_text_color=\u00bb#000000&#8243; body_font=\u00bb||on||||||\u00bb \/][\/et_pb_column][et_pb_column type=\u00bb1_2&#8243; specialty_columns=\u00bb2&#8243;][et_pb_row_inner admin_label=\u00bbFila\u00bb][et_pb_column_inner type=\u00bb4_4&#8243; saved_specialty_column_type=\u00bb1_2&#8243;][et_pb_testimonial _builder_version=\u00bb3.2.2&#8243; quote_icon_background_color=\u00bb#f5f5f5&#8243;]<\/p>\n<h1><strong>Buddy Guy, John Mayall y tres nuevos escenarios para celebrar el decimo aniversario de BluesCazorla<\/strong><\/h1>\n<p><strong><em>BluesCazorla 2004 signific\u00f3 el salto de calidad de un festival que se han convertido en uno de los mejores festivales de blues del mundo.<\/em><\/strong><\/p>\n<p>Era el a\u00f1o de un salto de gigante. La apuesta del Ayuntamiento de Cazorla de crear un festival de renombre con un salto de calidad empezaba a realizarse.<\/p>\n<p>En esta edici\u00f3n, tres nuevos escenarios con actuaciones gratuitas para todos los p\u00fablicos y un plantel de artistas en un mega escenario principal que mostraba la calidad musical con la que quer\u00eda seguir trabajando BluesCazorla.<\/p>\n<p>Como artistas principales en esta edici\u00f3n, algo in\u00e9dito casi en Espa\u00f1a fue posible en Cazorla, juntar en un mismo escenario a artistas de la talla de <strong>Buddy Guy, John Mayall, Otis Grand, Rod Piazza, Sista Monica o Carvin Jones<\/strong>.<\/p>\n<p>Algo nuevo y bueno se estaba gestando en BluesCazorla. La tarde del viernes con conciertos gratuitos y un homenaje al blues hispano con las bandas <strong>Tota Blues Band, Lema Blues Band y Bluesfalos<\/strong>, la primera oleada de conciertos gratuitos en el audit\u00f3rium del Cristo que encant\u00f3 a los espectadores.<\/p>\n<p>La gente estaba impaciente de ver como hab\u00eda quedado el espectacular recinto de la plaza de Toros con un escenario alucinante y un plantel de artistas en el escenario que asombraba. Para empezar,<strong> Danni Boy &amp; The Jumpers<\/strong> inauguraba el escenario de una manera muy potente, dando a conocer que este festival iba a recordarse para siempre como uno de los mejores de la historia del blues en Espa\u00f1a.<\/p>\n<p>Era el turno de un gigante del blues y de la m\u00fasica en general, <strong>John Mayall<\/strong> y su banda los<strong> Bluesbreakers<\/strong>, precursor del blues brit\u00e1nico, instrumentista y guitarrista que dej\u00f3 boquiabiertos al p\u00fablico, un concierto para recordar con buen blues y unos solos de guitarra de uno de los artistas mejor valorados del panorama musical por su trayectoria.<\/p>\n<p>Ya se iba deslumbrando el potencial de este festival. Al finalizar Mayall, la rampa del escenario empezaba a sonar con los pasos de <strong>Otis Grand<\/strong>, que volv\u00eda a Cazorla para dar lo mejor de s\u00ed, no par\u00f3 de tocar, encantado con el p\u00fablico se dej\u00f3 la piel en el escenario como pocas veces lo ha hecho. Un concierto el que nos dej\u00f3 el gran Otis.<\/p>\n<p>Para cerrar el viernes, y con muchas ganas de visitar Cazorla tras no poder viajar la pasada edici\u00f3n. <strong>Carvin Jones<\/strong>, dio todo un recital de guitarra y blues el\u00e9ctrico, interactuando con el p\u00fablico de una manera sorprendente se subi\u00f3 a las gradas de la plaza de Toros agradeciendo al p\u00fablico su presencia y entregado en su concierto despidi\u00f3 la noche del viernes por todo lo alto.<\/p>\n<p><strong>S\u00e1bado<\/strong><\/p>\n<p>El s\u00e1bado se presentaba como una jornada muy intensa, era la primera vez que este festival pon\u00eda a disposici\u00f3n de la gente conciertos desde bien entrada la ma\u00f1ana hasta las \u00faltimas horas de la madrugada.<\/p>\n<p>Un escenario m\u00e1s cercano y m\u00e1s anecdotico esra la apuesta por los organizadores. A las faldas de las Ruinas de Santa Mar\u00eda pudieron dsifrutar los aficionados al blues de dos conciertos de la mano de <strong>Basin Strett Caf\u00e9 y Vladi Olmos y David Garc\u00eda<\/strong>.<\/p>\n<p>Por la tarde, m\u00e1s ca\u00f1era si cabe abr\u00edan los <strong>\u2018Travellin Brothers\u2019<\/strong>, seguidamente <strong>Mingo &amp; The Blues Intruder<\/strong>s y<strong> \u2018Tres Hombres\u2019<\/strong> para echar el cierre a un experimento que encant\u00f3 y que ha ido creciendo con el paso de los a\u00f1os.<\/p>\n<p>Por la noche, tocaba darlo todo. Cinco conciertos y empezando por la gran voz del blues y el g\u00f3spel, <strong>Sista Monica<\/strong>, \u00a0la primera blueswoman que visitaba Cazorla demostrando lo especial que es escuchar una gran voz femenina.<\/p>\n<p>Le sigui\u00f3, la estrella de la edici\u00f3n. Y es que era muy dif\u00edcil por aquel entonces disfrutar de un concierto del gran <strong>Buddy Guy,<\/strong> traje y guitarra de lunares en el escenario. Buddy demostr\u00f3 porque es uno de los mejores guitarristas de la historia. Ya lo dec\u00eda Sonny Buy Williamson, \u201cBuddy tiene la incre\u00edble capacidad de ir de un espectro a otro. Puede tocar con el silencio m\u00e1s silencioso que jam\u00e1s hayas o\u00eddo \u00a1y tambi\u00e9n puede tocar de la forma m\u00e1s ruidosa que jam\u00e1s hayas o\u00eddo! Yo acostumbro a tocar fuerte, la mayor\u00eda de las veces, pero los tonos de Buddy son sencillamente incre\u00edbles&#8230; \u00a1el puede ponerle tanta emoci\u00f3n usando tan poco volumen!\u201d. Y as\u00ed lo hizo en Cazorla, bajado al ruedo con su guitarra disfrut\u00f3 con el p\u00fablico lleg\u00e1ndose a salir hasta fuera del recinto en una imagen que qued\u00f3 reflejada en la memoria de los bluseros.<\/p>\n<p>Con la piel de gallina tras disfrutar del concierto de Buddy Guy, llegaba el turno de otro grande del blues, esta vez de la armonica, <strong>Rod Piazza &amp; The Mighty Flyers<\/strong>, un concierto muy vivo y con mucho swing que hizo bailar a todo el p\u00fablico.<\/p>\n<p>La edici\u00f3n se cerr\u00f3 con los amigos de la <strong>\u2018Blues Band de Granada\u2019<\/strong> y una jam sesssi\u00f3n de los <strong>\u2018Reyes del KO\u2019<\/strong>.<\/p>\n<p>&nbsp;<\/p>\n<p>[\/et_pb_testimonial][\/et_pb_column_inner][\/et_pb_row_inner][et_pb_row_inner admin_label=\u00bbFila\u00bb][et_pb_column_inner type=\u00bb4_4&#8243; saved_specialty_column_type=\u00bb1_2&#8243;][et_pb_blurb _builder_version=\u00bb3.2.2&#8243; title=\u00bbCarvin Jones\u00bb image=\u00bbhttps:\/\/cazorla.es\/wp-content\/uploads\/2015\/06\/descarga-49.jpg\u00bb text_orientation=\u00bbcenter\u00bb header_level=\u00bbh6&#8243; header_text_color=\u00bb#000000&#8243; body_font=\u00bb||on||||||\u00bb \/][\/et_pb_column_inner][\/et_pb_row_inner][\/et_pb_column][\/et_pb_section][et_pb_section bb_built=\u00bb1&#8243; fullwidth=\u00bbon\u00bb specialty=\u00bboff\u00bb prev_background_color=\u00bb#000000&#8243; next_background_color=\u00bb#000000&#8243;][et_pb_fullwidth_slider _builder_version=\u00bb3.2.2&#8243; saved_tabs=\u00bball\u00bb][et_pb_slide _builder_version=\u00bb3.2.2&#8243; button_link=\u00bbhttps:\/\/www.ticketmaster.es\/event\/bluescazorla-festival-entradas\/15663?eventId=15663&amp;track=DiscoveryAPI&amp;camefrom=GLS%7CRiff+Producciones&amp;brand=base_mb_es\u00bb heading=\u00bbNO TE QUEDES SIN TU ABONO \u00bb button_text=\u00bbCOMPRAR ENTRADAS\u00bb background_color=\u00bb#aeaea2&#8243; use_background_color_gradient=\u00bboff\u00bb background_color_gradient_start=\u00bb#2b87da\u00bb background_color_gradient_end=\u00bb#29c4a9&#8243; background_color_gradient_type=\u00bblinear\u00bb background_color_gradient_direction=\u00bb180deg\u00bb background_color_gradient_direction_radial=\u00bbcenter\u00bb background_color_gradient_start_position=\u00bb0%\u00bb background_color_gradient_end_position=\u00bb100%\u00bb background_color_gradient_overlays_image=\u00bboff\u00bb parallax=\u00bboff\u00bb parallax_method=\u00bbon\u00bb background_size=\u00bbcover\u00bb background_position=\u00bbcenter\u00bb background_repeat=\u00bbno-repeat\u00bb background_blend=\u00bbnormal\u00bb allow_player_pause=\u00bboff\u00bb background_video_pause_outside_viewport=\u00bbon\u00bb use_bg_overlay=\u00bboff\u00bb use_text_overlay=\u00bboff\u00bb text_border_radius=\u00bb3&#8243; alignment=\u00bbcenter\u00bb child_filter_hue_rotate=\u00bb0deg\u00bb child_filter_saturate=\u00bb100%\u00bb child_filter_brightness=\u00bb100%\u00bb child_filter_contrast=\u00bb100%\u00bb child_filter_invert=\u00bb0%\u00bb child_filter_sepia=\u00bb0%\u00bb child_filter_opacity=\u00bb100%\u00bb child_filter_blur=\u00bb0px\u00bb child_mix_blend_mode=\u00bbnormal\u00bb background_layout=\u00bbdark\u00bb text_shadow_style=\u00bbnone\u00bb header_text_shadow_style=\u00bbnone\u00bb body_text_shadow_style=\u00bbnone\u00bb custom_button=\u00bboff\u00bb button_bg_use_color_gradient=\u00bboff\u00bb button_bg_color_gradient_overlays_image=\u00bboff\u00bb button_use_icon=\u00bbon\u00bb button_on_hover=\u00bbon\u00bb button_text_shadow_style=\u00bbnone\u00bb box_shadow_style_button=\u00bbnone\u00bb text_shadow_horizontal_length=\u00bb0em\u00bb text_shadow_vertical_length=\u00bb0em\u00bb text_shadow_blur_strength=\u00bb0em\u00bb header_text_shadow_horizontal_length=\u00bb0em\u00bb header_text_shadow_vertical_length=\u00bb0em\u00bb header_text_shadow_blur_strength=\u00bb0em\u00bb body_text_shadow_horizontal_length=\u00bb0em\u00bb body_text_shadow_vertical_length=\u00bb0em\u00bb body_text_shadow_blur_strength=\u00bb0em\u00bb button_text_shadow_horizontal_length=\u00bb0em\u00bb button_text_shadow_vertical_length=\u00bb0em\u00bb button_text_shadow_blur_strength=\u00bb0em\u00bb \/][\/et_pb_fullwidth_slider][\/et_pb_section][et_pb_section bb_built=\u00bb1&#8243; fullwidth=\u00bbon\u00bb specialty=\u00bboff\u00bb prev_background_color=\u00bb#000000&#8243;][et_pb_fullwidth_image src=\u00bbhttps:\/\/www.cazorla.es\/bluescazorla06\/wp-content\/uploads\/2019\/06\/Inferior3_2019.png\u00bb _builder_version=\u00bb3.2.2&#8243; saved_tabs=\u00bball\u00bb]<\/p>\n<p>&nbsp;<\/p>\n<p>[\/et_pb_fullwidth_image][\/et_pb_section]<\/p>\n","protected":false},"excerpt":{"rendered":"<p>[et_pb_section bb_built=\u00bb1&#8243; next_background_color=\u00bb#000000&#8243;][et_pb_row][et_pb_column type=\u00bb4_4&#8243;][et_pb_post_title _builder_version=\u00bb3.2.2&#8243; meta=\u00bboff\u00bb featured_image=\u00bboff\u00bb text_orientation=\u00bbcenter\u00bb \/][\/et_pb_column][\/et_pb_row][\/et_pb_section][et_pb_section bb_built=\u00bb1&#8243; fullwidth=\u00bboff\u00bb specialty=\u00bbon\u00bb prev_background_color=\u00bb#000000&#8243; _builder_version=\u00bb3.2.2&#8243; next_background_color=\u00bb#000000&#8243;][et_pb_column type=\u00bb1_2&#8243;][et_pb_image _builder_version=\u00bb3.2.2&#8243; src=\u00bbhttps:\/\/cazorla.es\/wp-content\/uploads\/2015\/06\/cartelbluesalta.jpg\u00bb align=\u00bbcenter\u00bb max_width=\u00bb92%\u00bb \/][et_pb_blurb _builder_version=\u00bb3.2.2&#8243; title=\u00bbBuddy Guy\u00bb image=\u00bbhttps:\/\/cazorla.es\/wp-content\/uploads\/2015\/06\/buddy.jpg\u00bb text_orientation=\u00bbcenter\u00bb header_level=\u00bbh6&#8243; header_text_color=\u00bb#000000&#8243; body_font=\u00bb||on||||||\u00bb image_max_width=\u00bb56%\u00bb \/][et_pb_blurb _builder_version=\u00bb3.2.2&#8243; title=\u00bbJohn Mayall &amp; Bluesbreakers\u00bb image=\u00bbhttps:\/\/cazorla.es\/wp-content\/uploads\/2015\/06\/descarga-114.jpg\u00bb text_orientation=\u00bbcenter\u00bb header_level=\u00bbh6&#8243; header_text_color=\u00bb#000000&#8243; body_font=\u00bb||on||||||\u00bb \/][et_pb_blurb _builder_version=\u00bb3.2.2&#8243; title=\u00bbRod Piazza &amp; The Mighty Flyers\u00bb image=\u00bbhttps:\/\/cazorla.es\/wp-content\/uploads\/2015\/06\/descarga-212.jpg\u00bb text_orientation=\u00bbcenter\u00bb header_level=\u00bbh6&#8243; header_text_color=\u00bb#000000&#8243; body_font=\u00bb||on||||||\u00bb \/][et_pb_blurb [&hellip;]<\/p>\n","protected":false},"author":2,"featured_media":0,"parent":0,"menu_order":0,"comment_status":"closed","ping_status":"closed","template":"","meta":{"_et_pb_use_builder":"on","_et_pb_old_content":"","_et_gb_content_width":"","footnotes":""},"_links":{"self":[{"href":"https:\/\/www.cazorla.es\/bluescazorla06\/wp-json\/wp\/v2\/pages\/3767"}],"collection":[{"href":"https:\/\/www.cazorla.es\/bluescazorla06\/wp-json\/wp\/v2\/pages"}],"about":[{"href":"https:\/\/www.cazorla.es\/bluescazorla06\/wp-json\/wp\/v2\/types\/page"}],"author":[{"embeddable":true,"href":"https:\/\/www.cazorla.es\/bluescazorla06\/wp-json\/wp\/v2\/users\/2"}],"replies":[{"embeddable":true,"href":"https:\/\/www.cazorla.es\/bluescazorla06\/wp-json\/wp\/v2\/comments?post=3767"}],"version-history":[{"count":10,"href":"https:\/\/www.cazorla.es\/bluescazorla06\/wp-json\/wp\/v2\/pages\/3767\/revisions"}],"predecessor-version":[{"id":4052,"href":"https:\/\/www.cazorla.es\/bluescazorla06\/wp-json\/wp\/v2\/pages\/3767\/revisions\/4052"}],"wp:attachment":[{"href":"https:\/\/www.cazorla.es\/bluescazorla06\/wp-json\/wp\/v2\/media?parent=3767"}],"curies":[{"name":"wp","href":"https:\/\/api.w.org\/{rel}","templated":true}]}}