{"id":3757,"date":"2019-07-08T06:24:31","date_gmt":"2019-07-08T06:24:31","guid":{"rendered":"http:\/\/www.cazorla.es\/bluescazorla06\/?page_id=3757"},"modified":"2019-07-11T08:04:56","modified_gmt":"2019-07-11T08:04:56","slug":"bluescazorla-festival-1999","status":"publish","type":"page","link":"https:\/\/www.cazorla.es\/bluescazorla06\/bluescazorla-festival-1999\/","title":{"rendered":"BluesCazorla Festival 1999"},"content":{"rendered":"<p>[et_pb_section bb_built=\u00bb1&#8243; next_background_color=\u00bb#000000&#8243;][et_pb_row][et_pb_column type=\u00bb4_4&#8243;][et_pb_post_title _builder_version=\u00bb3.2.2&#8243; meta=\u00bboff\u00bb featured_image=\u00bboff\u00bb text_orientation=\u00bbcenter\u00bb \/][\/et_pb_column][\/et_pb_row][\/et_pb_section][et_pb_section bb_built=\u00bb1&#8243; fullwidth=\u00bboff\u00bb specialty=\u00bbon\u00bb prev_background_color=\u00bb#000000&#8243; _builder_version=\u00bb3.2.2&#8243; next_background_color=\u00bb#000000&#8243;][et_pb_column type=\u00bb1_2&#8243;][et_pb_image _builder_version=\u00bb3.2.2&#8243; src=\u00bbhttps:\/\/cazorla.es\/wp-content\/uploads\/2015\/07\/1999.jpg\u00bb align=\u00bbcenter\u00bb \/][et_pb_blurb _builder_version=\u00bb3.2.2&#8243; title=\u00bbMick Taylor\u00bb image=\u00bbhttps:\/\/cazorla.es\/wp-content\/uploads\/2015\/06\/MickTaylor-2.jpg\u00bb text_orientation=\u00bbcenter\u00bb header_level=\u00bbh6&#8243; header_text_color=\u00bb#000000&#8243; body_font=\u00bb||on||||||\u00bb image_max_width=\u00bb90%\u00bb \/][\/et_pb_column][et_pb_column type=\u00bb1_2&#8243; specialty_columns=\u00bb2&#8243;][et_pb_row_inner admin_label=\u00bbFila\u00bb][et_pb_column_inner type=\u00bb4_4&#8243; saved_specialty_column_type=\u00bb1_2&#8243;][et_pb_testimonial _builder_version=\u00bb3.2.2&#8243; quote_icon_background_color=\u00bb#f5f5f5&#8243;]<\/p>\n<h1><strong>Un Ex Rolling Stones visita Cazorla<\/strong><\/h1>\n<p><strong><em>Mick Taylor se convirti\u00f3 en la primera estrella que visitaba Cazorla como impulso a un festival que quer\u00eda hacer historia.<\/em><\/strong><\/p>\n<p>Que los primeros aficionados que ya conoc\u00edan el festival BluesCazorla, vecinos de la comarca y residentes cazorle\u00f1os pudieran disfrutar de un gran guitarrista y un ex miembro de uno de los grupos de rock m\u00e1s grandes de la historia internacional se presentaba muy interesante.<\/p>\n<p>Por ello, el escenario modesto del audit\u00f3rium del Cristo se llen\u00f3 hasta la bandera para ver a un grande de la m\u00fasica en solitario, grandes canciones de artistas que han tocado con el como Bob Dylan, Ron Wood o Jack Bruce sin dejar alg\u00fan tema de los Rolling Stones y sus temas propios como \u2018Ventilator Blues\u2019.<\/p>\n<p>Pero Mick, no era el \u00fanico artista que compon\u00eda el cartel del quinto BluesCazorla. <strong>Graham Foster<\/strong> o <strong>David Gwyn<\/strong> le daban un toque m\u00e1s de calidad a la edici\u00f3n.<\/p>\n<p>Guitarrista y bajista con muchos a\u00f1os en el mundo del blues. Un artista que ha tenido el gusto de tocar con \u2018La Vargas Blues Band\u2019, M-Clan y Kiko Veneno. Un buen concierto de complemento al festival. Adem\u00e1s de Foster y Gwyn tambi\u00e9n se pudo disfrutar de las actuaciones de<strong> \u2018El Combo de la Casilla\u2019, \u2018Tonky Bues Band\u2019 y \u2018Fede Aguado D\u00fao\u2019<\/strong>.<\/p>\n<p>[\/et_pb_testimonial][et_pb_blurb _builder_version=\u00bb3.2.2&#8243; title=\u00bbGraham Foster\u00bb image=\u00bbhttps:\/\/www.cazorla.es\/bluescazorla06\/wp-content\/uploads\/2019\/07\/graham.jpg\u00bb text_orientation=\u00bbcenter\u00bb header_level=\u00bbh6&#8243; header_text_color=\u00bb#000000&#8243; body_font=\u00bb||on||||||\u00bb image_max_width=\u00bb60%\u00bb \/][\/et_pb_column_inner][\/et_pb_row_inner][\/et_pb_column][\/et_pb_section][et_pb_section bb_built=\u00bb1&#8243; fullwidth=\u00bbon\u00bb specialty=\u00bboff\u00bb prev_background_color=\u00bb#000000&#8243; next_background_color=\u00bb#000000&#8243;][et_pb_fullwidth_slider _builder_version=\u00bb3.2.2&#8243; saved_tabs=\u00bball\u00bb][et_pb_slide _builder_version=\u00bb3.2.2&#8243; button_link=\u00bbhttps:\/\/www.ticketmaster.es\/event\/bluescazorla-festival-entradas\/15663?eventId=15663&amp;track=DiscoveryAPI&amp;camefrom=GLS%7CRiff+Producciones&amp;brand=base_mb_es\u00bb heading=\u00bbNO TE QUEDES SIN TU ABONO \u00bb button_text=\u00bbCOMPRAR ENTRADAS\u00bb background_color=\u00bb#aeaea2&#8243; use_background_color_gradient=\u00bboff\u00bb background_color_gradient_start=\u00bb#2b87da\u00bb background_color_gradient_end=\u00bb#29c4a9&#8243; background_color_gradient_type=\u00bblinear\u00bb background_color_gradient_direction=\u00bb180deg\u00bb background_color_gradient_direction_radial=\u00bbcenter\u00bb background_color_gradient_start_position=\u00bb0%\u00bb background_color_gradient_end_position=\u00bb100%\u00bb background_color_gradient_overlays_image=\u00bboff\u00bb parallax=\u00bboff\u00bb parallax_method=\u00bbon\u00bb background_size=\u00bbcover\u00bb background_position=\u00bbcenter\u00bb background_repeat=\u00bbno-repeat\u00bb background_blend=\u00bbnormal\u00bb allow_player_pause=\u00bboff\u00bb background_video_pause_outside_viewport=\u00bbon\u00bb use_bg_overlay=\u00bboff\u00bb use_text_overlay=\u00bboff\u00bb text_border_radius=\u00bb3&#8243; alignment=\u00bbcenter\u00bb child_filter_hue_rotate=\u00bb0deg\u00bb child_filter_saturate=\u00bb100%\u00bb child_filter_brightness=\u00bb100%\u00bb child_filter_contrast=\u00bb100%\u00bb child_filter_invert=\u00bb0%\u00bb child_filter_sepia=\u00bb0%\u00bb child_filter_opacity=\u00bb100%\u00bb child_filter_blur=\u00bb0px\u00bb child_mix_blend_mode=\u00bbnormal\u00bb background_layout=\u00bbdark\u00bb text_shadow_style=\u00bbnone\u00bb header_text_shadow_style=\u00bbnone\u00bb body_text_shadow_style=\u00bbnone\u00bb custom_button=\u00bboff\u00bb button_bg_use_color_gradient=\u00bboff\u00bb button_bg_color_gradient_overlays_image=\u00bboff\u00bb button_use_icon=\u00bbon\u00bb button_on_hover=\u00bbon\u00bb button_text_shadow_style=\u00bbnone\u00bb box_shadow_style_button=\u00bbnone\u00bb text_shadow_horizontal_length=\u00bb0em\u00bb text_shadow_vertical_length=\u00bb0em\u00bb text_shadow_blur_strength=\u00bb0em\u00bb header_text_shadow_horizontal_length=\u00bb0em\u00bb header_text_shadow_vertical_length=\u00bb0em\u00bb header_text_shadow_blur_strength=\u00bb0em\u00bb body_text_shadow_horizontal_length=\u00bb0em\u00bb body_text_shadow_vertical_length=\u00bb0em\u00bb body_text_shadow_blur_strength=\u00bb0em\u00bb button_text_shadow_horizontal_length=\u00bb0em\u00bb button_text_shadow_vertical_length=\u00bb0em\u00bb button_text_shadow_blur_strength=\u00bb0em\u00bb \/][\/et_pb_fullwidth_slider][\/et_pb_section][et_pb_section bb_built=\u00bb1&#8243; fullwidth=\u00bbon\u00bb specialty=\u00bboff\u00bb prev_background_color=\u00bb#000000&#8243;][et_pb_fullwidth_image src=\u00bbhttps:\/\/www.cazorla.es\/bluescazorla06\/wp-content\/uploads\/2019\/06\/Inferior3_2019.png\u00bb _builder_version=\u00bb3.2.2&#8243; saved_tabs=\u00bball\u00bb]<\/p>\n<p>&nbsp;<\/p>\n<p>[\/et_pb_fullwidth_image][\/et_pb_section]<\/p>\n","protected":false},"excerpt":{"rendered":"<p>[et_pb_section bb_built=\u00bb1&#8243; next_background_color=\u00bb#000000&#8243;][et_pb_row][et_pb_column type=\u00bb4_4&#8243;][et_pb_post_title _builder_version=\u00bb3.2.2&#8243; meta=\u00bboff\u00bb featured_image=\u00bboff\u00bb text_orientation=\u00bbcenter\u00bb \/][\/et_pb_column][\/et_pb_row][\/et_pb_section][et_pb_section bb_built=\u00bb1&#8243; fullwidth=\u00bboff\u00bb specialty=\u00bbon\u00bb prev_background_color=\u00bb#000000&#8243; _builder_version=\u00bb3.2.2&#8243; next_background_color=\u00bb#000000&#8243;][et_pb_column type=\u00bb1_2&#8243;][et_pb_image _builder_version=\u00bb3.2.2&#8243; src=\u00bbhttps:\/\/cazorla.es\/wp-content\/uploads\/2015\/07\/1999.jpg\u00bb align=\u00bbcenter\u00bb \/][et_pb_blurb _builder_version=\u00bb3.2.2&#8243; title=\u00bbMick Taylor\u00bb image=\u00bbhttps:\/\/cazorla.es\/wp-content\/uploads\/2015\/06\/MickTaylor-2.jpg\u00bb text_orientation=\u00bbcenter\u00bb header_level=\u00bbh6&#8243; header_text_color=\u00bb#000000&#8243; body_font=\u00bb||on||||||\u00bb image_max_width=\u00bb90%\u00bb \/][\/et_pb_column][et_pb_column type=\u00bb1_2&#8243; specialty_columns=\u00bb2&#8243;][et_pb_row_inner admin_label=\u00bbFila\u00bb][et_pb_column_inner type=\u00bb4_4&#8243; saved_specialty_column_type=\u00bb1_2&#8243;][et_pb_testimonial _builder_version=\u00bb3.2.2&#8243; quote_icon_background_color=\u00bb#f5f5f5&#8243;] Un Ex Rolling Stones visita Cazorla Mick Taylor se convirti\u00f3 en la primera estrella que visitaba Cazorla como [&hellip;]<\/p>\n","protected":false},"author":2,"featured_media":0,"parent":0,"menu_order":0,"comment_status":"closed","ping_status":"closed","template":"","meta":{"_et_pb_use_builder":"on","_et_pb_old_content":"","_et_gb_content_width":"","footnotes":""},"_links":{"self":[{"href":"https:\/\/www.cazorla.es\/bluescazorla06\/wp-json\/wp\/v2\/pages\/3757"}],"collection":[{"href":"https:\/\/www.cazorla.es\/bluescazorla06\/wp-json\/wp\/v2\/pages"}],"about":[{"href":"https:\/\/www.cazorla.es\/bluescazorla06\/wp-json\/wp\/v2\/types\/page"}],"author":[{"embeddable":true,"href":"https:\/\/www.cazorla.es\/bluescazorla06\/wp-json\/wp\/v2\/users\/2"}],"replies":[{"embeddable":true,"href":"https:\/\/www.cazorla.es\/bluescazorla06\/wp-json\/wp\/v2\/comments?post=3757"}],"version-history":[{"count":9,"href":"https:\/\/www.cazorla.es\/bluescazorla06\/wp-json\/wp\/v2\/pages\/3757\/revisions"}],"predecessor-version":[{"id":4057,"href":"https:\/\/www.cazorla.es\/bluescazorla06\/wp-json\/wp\/v2\/pages\/3757\/revisions\/4057"}],"wp:attachment":[{"href":"https:\/\/www.cazorla.es\/bluescazorla06\/wp-json\/wp\/v2\/media?parent=3757"}],"curies":[{"name":"wp","href":"https:\/\/api.w.org\/{rel}","templated":true}]}}