{"id":3753,"date":"2019-07-08T06:22:47","date_gmt":"2019-07-08T06:22:47","guid":{"rendered":"http:\/\/www.cazorla.es\/bluescazorla06\/?page_id=3753"},"modified":"2019-07-11T08:28:26","modified_gmt":"2019-07-11T08:28:26","slug":"bluescazorla-festival-1997","status":"publish","type":"page","link":"https:\/\/www.cazorla.es\/bluescazorla06\/bluescazorla-festival-1997\/","title":{"rendered":"BluesCazorla Festival 1997"},"content":{"rendered":"<p>[et_pb_section bb_built=\u00bb1&#8243; next_background_color=\u00bb#000000&#8243;][et_pb_row][et_pb_column type=\u00bb4_4&#8243;][et_pb_post_title _builder_version=\u00bb3.2.2&#8243; meta=\u00bboff\u00bb featured_image=\u00bboff\u00bb text_orientation=\u00bbcenter\u00bb \/][\/et_pb_column][\/et_pb_row][\/et_pb_section][et_pb_section bb_built=\u00bb1&#8243; fullwidth=\u00bboff\u00bb specialty=\u00bbon\u00bb prev_background_color=\u00bb#000000&#8243; _builder_version=\u00bb3.2.2&#8243; next_background_color=\u00bb#000000&#8243;][et_pb_column type=\u00bb1_2&#8243;][et_pb_image _builder_version=\u00bb3.2.2&#8243; src=\u00bbhttps:\/\/cazorla.es\/wp-content\/uploads\/2015\/07\/1997.jpg\u00bb align=\u00bbcenter\u00bb \/][et_pb_blurb _builder_version=\u00bb3.2.2&#8243; title=\u00bbGraham Foster\u00bb image=\u00bbhttps:\/\/cazorla.es\/wp-content\/uploads\/2015\/06\/graham-foster-bluescazorla.jpg\u00bb text_orientation=\u00bbcenter\u00bb header_level=\u00bbh6&#8243; header_text_color=\u00bb#000000&#8243; body_font=\u00bb||on||||||\u00bb \/][\/et_pb_column][et_pb_column type=\u00bb1_2&#8243; specialty_columns=\u00bb2&#8243;][et_pb_row_inner admin_label=\u00bbFila\u00bb][et_pb_column_inner type=\u00bb4_4&#8243; saved_specialty_column_type=\u00bb1_2&#8243;][et_pb_testimonial _builder_version=\u00bb3.2.2&#8243; quote_icon_background_color=\u00bb#f5f5f5&#8243;]<\/p>\n<h1><strong>El festival comienza a coger car\u00e1cter internacional con la visita de Graham Foster<\/strong><\/h1>\n<p><strong><em>La Blues Band de Granada, Los Lagartos, La Estaci\u00f3n y una Jam Sesi\u00f3n completaban el cartel.<\/em><\/strong><\/p>\n<p>BluesCazorla empezaba a gestarse como festival internacional y esa era la idea para que siguiera creciendo y forj\u00e1ndose como un festival de renombre.<\/p>\n<p>En esta edici\u00f3n, con un presupuesto reducido se hizo el esfuerzo de traer a un buen artistas de blues como es <strong>Graham Foster<\/strong> y acompa\u00f1arlo con tres buenas bandas nacionales como son <strong>\u2018La Blues Band de Granada\u2019, \u2018La Estaci\u00f3n\u2019 y \u2018Los Lagartos\u2019<\/strong>.<\/p>\n<p>En la noche de septiembre previa a la feria los primeros bluseros y rockeros iban acerc\u00e1ndose al audit\u00f3rium del Cristo con ganas de disfrutar de una buena noche de m\u00fasica con Graham Foster a la guitarra.<\/p>\n<p>As\u00ed fue, y hasta bien entrada la madrugada los cientos de personas que ese a\u00f1o acudieron al festival bailaron y sintieron la m\u00fasica con \u2018La Blues Band de Granada\u2019, \u2018La Estaci\u00f3n\u2019 y \u2018Los Lagartos.<\/p>\n<p>[\/et_pb_testimonial][\/et_pb_column_inner][\/et_pb_row_inner][\/et_pb_column][\/et_pb_section][et_pb_section bb_built=\u00bb1&#8243; fullwidth=\u00bbon\u00bb specialty=\u00bboff\u00bb prev_background_color=\u00bb#000000&#8243; next_background_color=\u00bb#000000&#8243;][et_pb_fullwidth_slider _builder_version=\u00bb3.2.2&#8243; saved_tabs=\u00bball\u00bb][et_pb_slide _builder_version=\u00bb3.2.2&#8243; button_link=\u00bbhttps:\/\/www.ticketmaster.es\/event\/bluescazorla-festival-entradas\/15663?eventId=15663&amp;track=DiscoveryAPI&amp;camefrom=GLS%7CRiff+Producciones&amp;brand=base_mb_es\u00bb heading=\u00bbNO TE QUEDES SIN TU ABONO \u00bb button_text=\u00bbCOMPRAR ENTRADAS\u00bb background_color=\u00bb#aeaea2&#8243; use_background_color_gradient=\u00bboff\u00bb background_color_gradient_start=\u00bb#2b87da\u00bb background_color_gradient_end=\u00bb#29c4a9&#8243; background_color_gradient_type=\u00bblinear\u00bb background_color_gradient_direction=\u00bb180deg\u00bb background_color_gradient_direction_radial=\u00bbcenter\u00bb background_color_gradient_start_position=\u00bb0%\u00bb background_color_gradient_end_position=\u00bb100%\u00bb background_color_gradient_overlays_image=\u00bboff\u00bb parallax=\u00bboff\u00bb parallax_method=\u00bbon\u00bb background_size=\u00bbcover\u00bb background_position=\u00bbcenter\u00bb background_repeat=\u00bbno-repeat\u00bb background_blend=\u00bbnormal\u00bb allow_player_pause=\u00bboff\u00bb background_video_pause_outside_viewport=\u00bbon\u00bb use_bg_overlay=\u00bboff\u00bb use_text_overlay=\u00bboff\u00bb text_border_radius=\u00bb3&#8243; alignment=\u00bbcenter\u00bb child_filter_hue_rotate=\u00bb0deg\u00bb child_filter_saturate=\u00bb100%\u00bb child_filter_brightness=\u00bb100%\u00bb child_filter_contrast=\u00bb100%\u00bb child_filter_invert=\u00bb0%\u00bb child_filter_sepia=\u00bb0%\u00bb child_filter_opacity=\u00bb100%\u00bb child_filter_blur=\u00bb0px\u00bb child_mix_blend_mode=\u00bbnormal\u00bb background_layout=\u00bbdark\u00bb text_shadow_style=\u00bbnone\u00bb header_text_shadow_style=\u00bbnone\u00bb body_text_shadow_style=\u00bbnone\u00bb custom_button=\u00bboff\u00bb button_bg_use_color_gradient=\u00bboff\u00bb button_bg_color_gradient_overlays_image=\u00bboff\u00bb button_use_icon=\u00bbon\u00bb button_on_hover=\u00bbon\u00bb button_text_shadow_style=\u00bbnone\u00bb box_shadow_style_button=\u00bbnone\u00bb text_shadow_horizontal_length=\u00bb0em\u00bb text_shadow_vertical_length=\u00bb0em\u00bb text_shadow_blur_strength=\u00bb0em\u00bb header_text_shadow_horizontal_length=\u00bb0em\u00bb header_text_shadow_vertical_length=\u00bb0em\u00bb header_text_shadow_blur_strength=\u00bb0em\u00bb body_text_shadow_horizontal_length=\u00bb0em\u00bb body_text_shadow_vertical_length=\u00bb0em\u00bb body_text_shadow_blur_strength=\u00bb0em\u00bb button_text_shadow_horizontal_length=\u00bb0em\u00bb button_text_shadow_vertical_length=\u00bb0em\u00bb button_text_shadow_blur_strength=\u00bb0em\u00bb \/][\/et_pb_fullwidth_slider][\/et_pb_section][et_pb_section bb_built=\u00bb1&#8243; fullwidth=\u00bbon\u00bb specialty=\u00bboff\u00bb prev_background_color=\u00bb#000000&#8243;][et_pb_fullwidth_image src=\u00bbhttps:\/\/www.cazorla.es\/bluescazorla06\/wp-content\/uploads\/2019\/06\/Inferior3_2019.png\u00bb _builder_version=\u00bb3.2.2&#8243; saved_tabs=\u00bball\u00bb]<\/p>\n<p>&nbsp;<\/p>\n<p>[\/et_pb_fullwidth_image][\/et_pb_section]<\/p>\n","protected":false},"excerpt":{"rendered":"<p>[et_pb_section bb_built=\u00bb1&#8243; next_background_color=\u00bb#000000&#8243;][et_pb_row][et_pb_column type=\u00bb4_4&#8243;][et_pb_post_title _builder_version=\u00bb3.2.2&#8243; meta=\u00bboff\u00bb featured_image=\u00bboff\u00bb text_orientation=\u00bbcenter\u00bb \/][\/et_pb_column][\/et_pb_row][\/et_pb_section][et_pb_section bb_built=\u00bb1&#8243; fullwidth=\u00bboff\u00bb specialty=\u00bbon\u00bb prev_background_color=\u00bb#000000&#8243; _builder_version=\u00bb3.2.2&#8243; next_background_color=\u00bb#000000&#8243;][et_pb_column type=\u00bb1_2&#8243;][et_pb_image _builder_version=\u00bb3.2.2&#8243; src=\u00bbhttps:\/\/cazorla.es\/wp-content\/uploads\/2015\/07\/1997.jpg\u00bb align=\u00bbcenter\u00bb \/][et_pb_blurb _builder_version=\u00bb3.2.2&#8243; title=\u00bbGraham Foster\u00bb image=\u00bbhttps:\/\/cazorla.es\/wp-content\/uploads\/2015\/06\/graham-foster-bluescazorla.jpg\u00bb text_orientation=\u00bbcenter\u00bb header_level=\u00bbh6&#8243; header_text_color=\u00bb#000000&#8243; body_font=\u00bb||on||||||\u00bb \/][\/et_pb_column][et_pb_column type=\u00bb1_2&#8243; specialty_columns=\u00bb2&#8243;][et_pb_row_inner admin_label=\u00bbFila\u00bb][et_pb_column_inner type=\u00bb4_4&#8243; saved_specialty_column_type=\u00bb1_2&#8243;][et_pb_testimonial _builder_version=\u00bb3.2.2&#8243; quote_icon_background_color=\u00bb#f5f5f5&#8243;] El festival comienza a coger car\u00e1cter internacional con la visita de Graham Foster La Blues Band de Granada, Los [&hellip;]<\/p>\n","protected":false},"author":2,"featured_media":0,"parent":0,"menu_order":0,"comment_status":"closed","ping_status":"closed","template":"","meta":{"_et_pb_use_builder":"on","_et_pb_old_content":"","_et_gb_content_width":"","footnotes":""},"_links":{"self":[{"href":"https:\/\/www.cazorla.es\/bluescazorla06\/wp-json\/wp\/v2\/pages\/3753"}],"collection":[{"href":"https:\/\/www.cazorla.es\/bluescazorla06\/wp-json\/wp\/v2\/pages"}],"about":[{"href":"https:\/\/www.cazorla.es\/bluescazorla06\/wp-json\/wp\/v2\/types\/page"}],"author":[{"embeddable":true,"href":"https:\/\/www.cazorla.es\/bluescazorla06\/wp-json\/wp\/v2\/users\/2"}],"replies":[{"embeddable":true,"href":"https:\/\/www.cazorla.es\/bluescazorla06\/wp-json\/wp\/v2\/comments?post=3753"}],"version-history":[{"count":6,"href":"https:\/\/www.cazorla.es\/bluescazorla06\/wp-json\/wp\/v2\/pages\/3753\/revisions"}],"predecessor-version":[{"id":4059,"href":"https:\/\/www.cazorla.es\/bluescazorla06\/wp-json\/wp\/v2\/pages\/3753\/revisions\/4059"}],"wp:attachment":[{"href":"https:\/\/www.cazorla.es\/bluescazorla06\/wp-json\/wp\/v2\/media?parent=3753"}],"curies":[{"name":"wp","href":"https:\/\/api.w.org\/{rel}","templated":true}]}}