{"id":3546,"date":"2019-07-02T17:09:37","date_gmt":"2019-07-02T17:09:37","guid":{"rendered":"http:\/\/www.cazorla.es\/bluescazorla06\/?page_id=3546"},"modified":"2019-07-03T11:53:21","modified_gmt":"2019-07-03T11:53:21","slug":"lucky-dados","status":"publish","type":"page","link":"https:\/\/www.cazorla.es\/bluescazorla06\/lucky-dados\/","title":{"rendered":"Lucky Dados"},"content":{"rendered":"<p>[et_pb_section bb_built=\u00bb1&#8243; next_background_color=\u00bb#000000&#8243;][et_pb_row][et_pb_column type=\u00bb1_2&#8243;][et_pb_blurb _builder_version=\u00bb3.2.2&#8243; title=\u00bbLucky Dados\u00bb]<\/p>\n<p>Lucky Dados se formo en 1997 a partir de 3 m\u00fasicos que ven\u00edan de diferentes bandas: Pedro Herrero (guitarra y voz), Carlos L\u00f3pez (contrabajo y coros) y Carlos Mirat (bater\u00eda).<\/p>\n<p>Desde el principio su objetivo es hacer una m\u00fasica que a\u00fane el rockabilly y pun-krock con sonidos tan diferentes como el country y el m\u00e1s puro swing de los 40s y 50s. Tras un periodo de conciertos donde primaban las versiones mas que los temas propios, estos \u00faltimos empiezan a ser m\u00e1s numerosos y deciden que es el momento de pasar por el estudio.<\/p>\n<p>Tras la grabaci\u00f3n de una demo de 2 canciones y buscar por diferentes compa\u00f1\u00edas sacar su primer \u00e1lbum, llamado \u201cStruck The Nerve\u201d, con la discogr\u00e1fica japonesa Revel Yell Music, que les dar\u00e1 a conocer a lo largo de Jap\u00f3n a trav\u00e9s de radios y revistas. Este \u00e1lbum es girado por diferentes lugares hasta que les sugieren sacar un CD de 4 temas, \u201cMissing Revolution\u201d, que ser\u00e1 como un puente hacia su siguiente larga duraci\u00f3n. En \u201cMissing Revolution\u201d se puede apreciar un acercamiento hacia los sonidos mas duros que ser\u00e1 madurado hasta la llegada a principios del 2007 de su nuevo larga duraci\u00f3n \u201cCrash \u2018Em Down\u201d. Tr\u00e1s girar a lo largo de Espa\u00f1a, finalizan contrato con el sello japon\u00e9s.<\/p>\n<p>En 2010, firman con Subterfuge Records y al mismo tiempo inician una nueva aventura junto a Vinila Von Bismark que dara como fruto el album \u201cThe Secret Carnival\u201d, present\u00e1ndolo por toda la geograf\u00eda espa\u00f1ola. Subterfuge Records reedita para Espa\u00f1a su album \u201cCrash \u2018Em Down\u201d y tras un breve periodo de tiempo deciden abandonar dicha compa\u00f1\u00eda e inician la composici\u00f3n de lo que ser\u00e1 su pr\u00f3ximo \u00e1lbum.<\/p>\n<p>[\/et_pb_blurb][\/et_pb_column][et_pb_column type=\u00bb1_2&#8243;][et_pb_image _builder_version=\u00bb3.2.2&#8243; src=\u00bbhttps:\/\/www.cazorla.es\/bluescazorla06\/wp-content\/uploads\/2019\/07\/3-12824&#215;1-crinm.jpg\u00bb \/][et_pb_code _builder_version=\u00bb3.2.2&#8243;]&lt;iframe width=\u00bb560&#8243; height=\u00bb315&#8243; src=\u00bbhttps:\/\/www.youtube.com\/embed\/XjSEDn0JdnI\u00bb frameborder=\u00bb0&#8243; allow=\u00bbaccelerometer; autoplay; encrypted-media; gyroscope; picture-in-picture\u00bb allowfullscreen&gt;&lt;\/iframe&gt;[\/et_pb_code][et_pb_social_media_follow _builder_version=\u00bb3.2.2&#8243;][et_pb_social_media_follow_network _builder_version=\u00bb3.2.2&#8243; social_network=\u00bbfacebook\u00bb skype_action=\u00bbcall\u00bb url=\u00bbhttps:\/\/www.facebook.com\/oficialluckydados.luckydados\/\u00bb background_color=\u00bb#3b5998&#8243; use_background_color_gradient=\u00bboff\u00bb background_color_gradient_start=\u00bb#2b87da\u00bb background_color_gradient_end=\u00bb#29c4a9&#8243; background_color_gradient_type=\u00bblinear\u00bb background_color_gradient_direction=\u00bb180deg\u00bb background_color_gradient_direction_radial=\u00bbcenter\u00bb background_color_gradient_start_position=\u00bb0%\u00bb background_color_gradient_end_position=\u00bb100%\u00bb background_color_gradient_overlays_image=\u00bboff\u00bb parallax=\u00bboff\u00bb parallax_method=\u00bbon\u00bb background_size=\u00bbcover\u00bb background_position=\u00bbcenter\u00bb background_repeat=\u00bbno-repeat\u00bb background_blend=\u00bbnormal\u00bb allow_player_pause=\u00bboff\u00bb background_video_pause_outside_viewport=\u00bbon\u00bb box_shadow_style=\u00bbnone\u00bb] Facebook [\/et_pb_social_media_follow_network][et_pb_social_media_follow_network _builder_version=\u00bb3.2.2&#8243; social_network=\u00bbyoutube\u00bb skype_action=\u00bbcall\u00bb url=\u00bbhttps:\/\/www.youtube.com\/channel\/UCw4eKpF47557NFf8cuh8Gow\u00bb background_color=\u00bb#a82400&#8243; use_background_color_gradient=\u00bboff\u00bb background_color_gradient_start=\u00bb#2b87da\u00bb background_color_gradient_end=\u00bb#29c4a9&#8243; background_color_gradient_type=\u00bblinear\u00bb background_color_gradient_direction=\u00bb180deg\u00bb background_color_gradient_direction_radial=\u00bbcenter\u00bb background_color_gradient_start_position=\u00bb0%\u00bb background_color_gradient_end_position=\u00bb100%\u00bb background_color_gradient_overlays_image=\u00bboff\u00bb parallax=\u00bboff\u00bb parallax_method=\u00bbon\u00bb background_size=\u00bbcover\u00bb background_position=\u00bbcenter\u00bb background_repeat=\u00bbno-repeat\u00bb background_blend=\u00bbnormal\u00bb allow_player_pause=\u00bboff\u00bb background_video_pause_outside_viewport=\u00bbon\u00bb box_shadow_style=\u00bbnone\u00bb] Youtube [\/et_pb_social_media_follow_network][\/et_pb_social_media_follow][\/et_pb_column][\/et_pb_row][\/et_pb_section][et_pb_section bb_built=\u00bb1&#8243; fullwidth=\u00bbon\u00bb specialty=\u00bboff\u00bb prev_background_color=\u00bb#000000&#8243; next_background_color=\u00bb#000000&#8243;][et_pb_fullwidth_slider _builder_version=\u00bb3.2.2&#8243; saved_tabs=\u00bball\u00bb][et_pb_slide _builder_version=\u00bb3.2.2&#8243; button_link=\u00bbhttps:\/\/www.ticketmaster.es\/event\/bluescazorla-festival-entradas\/15663?eventId=15663&amp;track=DiscoveryAPI&amp;camefrom=GLS%7CRiff+Producciones&amp;brand=base_mb_es\u00bb heading=\u00bbNO TE QUEDES SIN TU ABONO \u00bb button_text=\u00bbCOMPRAR ENTRADAS\u00bb background_color=\u00bb#aeaea2&#8243; use_background_color_gradient=\u00bboff\u00bb background_color_gradient_start=\u00bb#2b87da\u00bb background_color_gradient_end=\u00bb#29c4a9&#8243; background_color_gradient_type=\u00bblinear\u00bb background_color_gradient_direction=\u00bb180deg\u00bb background_color_gradient_direction_radial=\u00bbcenter\u00bb background_color_gradient_start_position=\u00bb0%\u00bb background_color_gradient_end_position=\u00bb100%\u00bb background_color_gradient_overlays_image=\u00bboff\u00bb parallax=\u00bboff\u00bb parallax_method=\u00bbon\u00bb background_size=\u00bbcover\u00bb background_position=\u00bbcenter\u00bb background_repeat=\u00bbno-repeat\u00bb background_blend=\u00bbnormal\u00bb allow_player_pause=\u00bboff\u00bb background_video_pause_outside_viewport=\u00bbon\u00bb use_bg_overlay=\u00bboff\u00bb use_text_overlay=\u00bboff\u00bb text_border_radius=\u00bb3&#8243; alignment=\u00bbcenter\u00bb child_filter_hue_rotate=\u00bb0deg\u00bb child_filter_saturate=\u00bb100%\u00bb child_filter_brightness=\u00bb100%\u00bb child_filter_contrast=\u00bb100%\u00bb child_filter_invert=\u00bb0%\u00bb child_filter_sepia=\u00bb0%\u00bb child_filter_opacity=\u00bb100%\u00bb child_filter_blur=\u00bb0px\u00bb child_mix_blend_mode=\u00bbnormal\u00bb background_layout=\u00bbdark\u00bb text_shadow_style=\u00bbnone\u00bb header_text_shadow_style=\u00bbnone\u00bb body_text_shadow_style=\u00bbnone\u00bb custom_button=\u00bboff\u00bb button_bg_use_color_gradient=\u00bboff\u00bb button_bg_color_gradient_overlays_image=\u00bboff\u00bb button_use_icon=\u00bbon\u00bb button_on_hover=\u00bbon\u00bb button_text_shadow_style=\u00bbnone\u00bb box_shadow_style_button=\u00bbnone\u00bb text_shadow_horizontal_length=\u00bb0em\u00bb text_shadow_vertical_length=\u00bb0em\u00bb text_shadow_blur_strength=\u00bb0em\u00bb header_text_shadow_horizontal_length=\u00bb0em\u00bb header_text_shadow_vertical_length=\u00bb0em\u00bb header_text_shadow_blur_strength=\u00bb0em\u00bb body_text_shadow_horizontal_length=\u00bb0em\u00bb body_text_shadow_vertical_length=\u00bb0em\u00bb body_text_shadow_blur_strength=\u00bb0em\u00bb button_text_shadow_horizontal_length=\u00bb0em\u00bb button_text_shadow_vertical_length=\u00bb0em\u00bb button_text_shadow_blur_strength=\u00bb0em\u00bb \/][\/et_pb_fullwidth_slider][\/et_pb_section][et_pb_section bb_built=\u00bb1&#8243; fullwidth=\u00bbon\u00bb specialty=\u00bboff\u00bb prev_background_color=\u00bb#000000&#8243;][et_pb_fullwidth_image _builder_version=\u00bb3.2.2&#8243; src=\u00bbhttps:\/\/www.cazorla.es\/bluescazorla06\/wp-content\/uploads\/2019\/06\/Inferior3_2019.png\u00bb \/][\/et_pb_section]<\/p>\n","protected":false},"excerpt":{"rendered":"<p>[et_pb_section bb_built=\u00bb1&#8243; next_background_color=\u00bb#000000&#8243;][et_pb_row][et_pb_column type=\u00bb1_2&#8243;][et_pb_blurb _builder_version=\u00bb3.2.2&#8243; title=\u00bbLucky Dados\u00bb] Lucky Dados se formo en 1997 a partir de 3 m\u00fasicos que ven\u00edan de diferentes bandas: Pedro Herrero (guitarra y voz), Carlos L\u00f3pez (contrabajo y coros) y Carlos Mirat (bater\u00eda). Desde el principio su objetivo es hacer una m\u00fasica que a\u00fane el rockabilly y pun-krock con sonidos tan [&hellip;]<\/p>\n","protected":false},"author":2,"featured_media":0,"parent":0,"menu_order":0,"comment_status":"closed","ping_status":"closed","template":"","meta":{"_et_pb_use_builder":"on","_et_pb_old_content":"","_et_gb_content_width":"","footnotes":""},"_links":{"self":[{"href":"https:\/\/www.cazorla.es\/bluescazorla06\/wp-json\/wp\/v2\/pages\/3546"}],"collection":[{"href":"https:\/\/www.cazorla.es\/bluescazorla06\/wp-json\/wp\/v2\/pages"}],"about":[{"href":"https:\/\/www.cazorla.es\/bluescazorla06\/wp-json\/wp\/v2\/types\/page"}],"author":[{"embeddable":true,"href":"https:\/\/www.cazorla.es\/bluescazorla06\/wp-json\/wp\/v2\/users\/2"}],"replies":[{"embeddable":true,"href":"https:\/\/www.cazorla.es\/bluescazorla06\/wp-json\/wp\/v2\/comments?post=3546"}],"version-history":[{"count":3,"href":"https:\/\/www.cazorla.es\/bluescazorla06\/wp-json\/wp\/v2\/pages\/3546\/revisions"}],"predecessor-version":[{"id":3597,"href":"https:\/\/www.cazorla.es\/bluescazorla06\/wp-json\/wp\/v2\/pages\/3546\/revisions\/3597"}],"wp:attachment":[{"href":"https:\/\/www.cazorla.es\/bluescazorla06\/wp-json\/wp\/v2\/media?parent=3546"}],"curies":[{"name":"wp","href":"https:\/\/api.w.org\/{rel}","templated":true}]}}