{"id":3036,"date":"2019-06-06T06:39:45","date_gmt":"2019-06-06T06:39:45","guid":{"rendered":"http:\/\/www.cazorla.es\/bluescazorla06\/?page_id=3036"},"modified":"2019-07-04T08:04:44","modified_gmt":"2019-07-04T08:04:44","slug":"eric-bibb","status":"publish","type":"page","link":"https:\/\/www.cazorla.es\/bluescazorla06\/eric-bibb\/","title":{"rendered":"Eric Bibb"},"content":{"rendered":"<p>[et_pb_section fb_built=\u00bb1&#8243; _builder_version=\u00bb3.0.47&#8243;][et_pb_row _builder_version=\u00bb3.0.47&#8243; background_size=\u00bbinitial\u00bb background_position=\u00bbtop_left\u00bb background_repeat=\u00bbrepeat\u00bb][et_pb_column type=\u00bb1_2&#8243; _builder_version=\u00bb3.0.47&#8243; parallax=\u00bboff\u00bb parallax_method=\u00bbon\u00bb][et_pb_blurb title=\u00bb Eric Bibb\u00bb _builder_version=\u00bb3.2.2&#8243; text_orientation=\u00bbjustified\u00bb]<\/p>\n<p>\u00bfC\u00f3mo se mide la vida de una persona? Hay muchas m\u00e9tricas; \u00c9xito, premios, riqueza, por nombrar algunos. Pero hay otras formas de dejar un legado. No siempre tiene la respuesta correcta para cada ocasi\u00f3n. \u00bfQu\u00e9 pasa si evaluamos nuestras vidas no por las respuestas que damos, sino por nuestras preguntas? Las cosas profundas nos preguntamos si somos lo suficientemente valientes como para intentarlo. Eric Bibb pone esas preguntas a la m\u00fasica, cantando: \u00ab\u00bfSoy el cambio que anhelo ver?\u00bb<\/p>\n<p> Es f\u00e1cil se\u00f1alar los logros de Eric. Una carrera de cinco d\u00e9cadas grabando con folk y la realeza del blues. Dos nominaciones a los Grammy y m\u00faltiples premios de la Blues Foundation. Un seguimiento que no solo cruza fronteras, si no que cruza continentes. Pero lo que Eric Bibb busca es mucho, mucho m\u00e1s grande que eso.<br \/> Conocer a Eric debe ser golpeado tanto por su humildad como por su calidez. No hay pretensi\u00f3n en \u00e9l. Est\u00e1 notablemente centrado, sus convicciones se basan en los valores del movimiento de derechos civiles de los a\u00f1os sesenta.<\/p>\n<p>La m\u00fasica de Eric funciona al servicio de ese sue\u00f1o, con la esperanza de un mundo nuevo. \u00c9l nos desaf\u00eda a hacerlo mejor, a llegar m\u00e1s alto y esforzarnos m\u00e1s. Al igual que Mavis y Pops Staples, \u00e9l quiere llevarnos all\u00ed.<br \/> Eric lleva este manto honestamente. Su padre, el difunto Leon Bibb, fue un activista, actor y cantante de folk que march\u00f3 en Selma con el Dr. Martin Luther King. La juventud de Eric se pas\u00f3 inmersa en la escena folcl\u00f3rica de Village. Nombres como Dylan, B\u00e1ez y Seeger fueron visitantes de su casa. Fue profundamente influenciado por Odetta, Richie Havens y Taj Mahal. Y \u00e9l ha sintetizado todo eso en su propio estilo.<br \/> Eric es un artista que conserva las mejores tradiciones del blues de antes de la guerra, incluso mientras expande su propia obra. El marketing lo etiqueta como un hombre de blues, pero el trovador es la palabra que mejor lo describe. Se desliza cuidadosamente entre g\u00e9neros mientras construye puentes con m\u00fasicos. Sus colaboraciones con Staffan Astner, Glen Scott, Michael Jerome Browne, JJ Milteau, Danny Thompson y Habib Koite han producido m\u00fasica a la vez ext\u00e1tica y exquisita.<\/p>\n<p> Afortunadamente para nosotros, Eric no muestra signos de desaceleraci\u00f3n. \u00daltimamente, ha estado de gira en un espect\u00e1culo teatral que desarroll\u00f3 titulado Cuentos de un hermano de blues. El programa entremezcla fotograf\u00edas y clips de pel\u00edculas con una apasionante historia oral y una canci\u00f3n arrebatadora, que rastrea el viaje personal de Eric a trav\u00e9s de los emocionantes d\u00edas de la m\u00fasica popular y los movimientos de derechos civiles de los a\u00f1os sesenta. En un momento se las arregla para entretener, educar y motivarnos. Eric proporciona una base en la verdad que necesitamos desesperadamente en estos d\u00edas de rencor. Una visi\u00f3n que necesitamos en un mundo de ret\u00f3rica divisiva y alusiones veladas al \u00abotro\u00bb.<br \/> Por supuesto, hay m\u00e1s para \u00e9l que incluso esos ideales loables. Orgulloso padre de seis hijos y esposo de Ulrika Bibb (una excelente cantante por derecho propio), Eric aporta humanidad y sentido del humor a su trabajo. Escuche el juguet\u00f3n \u00abShe Got Mine\u00bb o la simple alegr\u00eda de \u00abThe Happiest Man in the World\u00bb o el placer sublime de su articular selecci\u00f3n de dedos en cualquier n\u00famero de canciones. Aqu\u00ed hay tesoros para todos.<br \/> \u201cCuando pienso en mi viaje musical hasta ahora, estoy m\u00e1s que agradecido y sorprendido de d\u00f3nde y qui\u00e9n soy hoy. Tambi\u00e9n me doy cuenta de c\u00f3mo muchos de mis sue\u00f1os musicales se han hecho realidad. Al escuchar mis primeras grabaciones, me doy cuenta inmediatamente de c\u00f3mo ha evolucionado mi interpretaci\u00f3n de la voz y la guitarra. \u00abSigo acerc\u00e1ndome a la meta, a pesar de que los postes parecen moverse continuamente\u00bb, coment\u00f3 Eric recientemente.<br \/> Eric canta del tren de la libertad. \u00c9l lo cree. El lo vive \u00c9l quiere llevarnos en ese viaje. Me sub\u00ed al tren Bibb en 2008. Tal vez ya tenga su boleto. Pero si no lo has hecho, no te preocupes. Todav\u00eda hay tiempo para subir a bordo.<\/p>\n<p>[\/et_pb_blurb][\/et_pb_column][et_pb_column type=\u00bb1_2&#8243; _builder_version=\u00bb3.0.47&#8243; parallax=\u00bboff\u00bb parallax_method=\u00bbon\u00bb][et_pb_image src=\u00bbhttps:\/\/www.cazorla.es\/bluescazorla06\/wp-content\/uploads\/2019\/06\/eric-b.jpg\u00bb _builder_version=\u00bb3.2.2&#8243;][\/et_pb_image][et_pb_code _builder_version=\u00bb3.2.2&#8243;]&lt;iframe width=&quot;560&quot; height=&quot;315&quot; src=&quot;https:\/\/www.youtube.com\/embed\/5UBUpdpQHfM&quot; frameborder=&quot;0&quot; allow=&quot;accelerometer; autoplay; encrypted-media; gyroscope; picture-in-picture&quot; allowfullscreen&gt;&lt;\/iframe&gt;[\/et_pb_code][et_pb_social_media_follow _builder_version=\u00bb3.2.2&#8243;][et_pb_social_media_follow_network social_network=\u00bbfacebook\u00bb url=\u00bbhttps:\/\/www.facebook.com\/EricBibbMusic\/\u00bb _builder_version=\u00bb3.2.2&#8243; background_color=\u00bb#3b5998&#8243; follow_button=\u00bboff\u00bb url_new_window=\u00bbon\u00bb] Facebook [\/et_pb_social_media_follow_network][et_pb_social_media_follow_network social_network=\u00bbyoutube\u00bb url=\u00bbhttps:\/\/www.youtube.com\/channel\/UC_ffJQUuz5hNVs6GON_fFgg\u00bb _builder_version=\u00bb3.2.2&#8243; background_color=\u00bb#a82400&#8243; follow_button=\u00bboff\u00bb url_new_window=\u00bbon\u00bb] Youtube [\/et_pb_social_media_follow_network][\/et_pb_social_media_follow][\/et_pb_column][\/et_pb_row][\/et_pb_section][et_pb_section fb_built=\u00bb1&#8243; fullwidth=\u00bbon\u00bb _builder_version=\u00bb3.0.47&#8243;][et_pb_fullwidth_slider _builder_version=\u00bb3.2.2&#8243; saved_tabs=\u00bball\u00bb][et_pb_slide heading=\u00bbNO TE QUEDES SIN TU ABONO \u00bb button_text=\u00bbCOMPRAR ENTRADAS\u00bb button_link=\u00bbhttps:\/\/www.ticketmaster.es\/event\/bluescazorla-festival-entradas\/15663?eventId=15663&#038;track=DiscoveryAPI&#038;camefrom=GLS%7CRiff+Producciones&#038;brand=base_mb_es\u00bb use_bg_overlay=\u00bboff\u00bb use_text_overlay=\u00bboff\u00bb _builder_version=\u00bb3.2.2&#8243; background_color=\u00bb#aeaea2&#8243; button_on_hover=\u00bbon\u00bb][\/et_pb_slide][\/et_pb_fullwidth_slider][\/et_pb_section][et_pb_section fb_built=\u00bb1&#8243; fullwidth=\u00bbon\u00bb _builder_version=\u00bb3.0.47&#8243;][et_pb_fullwidth_image src=\u00bbhttps:\/\/www.cazorla.es\/bluescazorla06\/wp-content\/uploads\/2019\/06\/Inferior3_2019.png\u00bb _builder_version=\u00bb3.2.2&#8243; saved_tabs=\u00bball\u00bb]&nbsp;<br \/>\n[\/et_pb_fullwidth_image][\/et_pb_section]<\/p>\n","protected":false},"excerpt":{"rendered":"<p>[et_pb_section fb_built=\u00bb1&#8243; _builder_version=\u00bb3.0.47&#8243;][et_pb_row _builder_version=\u00bb3.0.47&#8243; background_size=\u00bbinitial\u00bb background_position=\u00bbtop_left\u00bb background_repeat=\u00bbrepeat\u00bb][et_pb_column type=\u00bb1_2&#8243; _builder_version=\u00bb3.0.47&#8243; parallax=\u00bboff\u00bb parallax_method=\u00bbon\u00bb][et_pb_blurb title=\u00bb Eric Bibb\u00bb _builder_version=\u00bb3.2.2&#8243; text_orientation=\u00bbjustified\u00bb] \u00bfC\u00f3mo se mide la vida de una persona? Hay muchas m\u00e9tricas; \u00c9xito, premios, riqueza, por nombrar algunos. Pero hay otras formas de dejar un legado. No siempre tiene la respuesta correcta para cada ocasi\u00f3n. \u00bfQu\u00e9 pasa si evaluamos nuestras [&hellip;]<\/p>\n","protected":false},"author":2,"featured_media":0,"parent":0,"menu_order":0,"comment_status":"closed","ping_status":"closed","template":"","meta":{"_et_pb_use_builder":"on","_et_pb_old_content":"","_et_gb_content_width":"","footnotes":""},"_links":{"self":[{"href":"https:\/\/www.cazorla.es\/bluescazorla06\/wp-json\/wp\/v2\/pages\/3036"}],"collection":[{"href":"https:\/\/www.cazorla.es\/bluescazorla06\/wp-json\/wp\/v2\/pages"}],"about":[{"href":"https:\/\/www.cazorla.es\/bluescazorla06\/wp-json\/wp\/v2\/types\/page"}],"author":[{"embeddable":true,"href":"https:\/\/www.cazorla.es\/bluescazorla06\/wp-json\/wp\/v2\/users\/2"}],"replies":[{"embeddable":true,"href":"https:\/\/www.cazorla.es\/bluescazorla06\/wp-json\/wp\/v2\/comments?post=3036"}],"version-history":[{"count":7,"href":"https:\/\/www.cazorla.es\/bluescazorla06\/wp-json\/wp\/v2\/pages\/3036\/revisions"}],"predecessor-version":[{"id":3638,"href":"https:\/\/www.cazorla.es\/bluescazorla06\/wp-json\/wp\/v2\/pages\/3036\/revisions\/3638"}],"wp:attachment":[{"href":"https:\/\/www.cazorla.es\/bluescazorla06\/wp-json\/wp\/v2\/media?parent=3036"}],"curies":[{"name":"wp","href":"https:\/\/api.w.org\/{rel}","templated":true}]}}