{"id":2824,"date":"2018-06-04T07:29:54","date_gmt":"2018-06-04T07:29:54","guid":{"rendered":"http:\/\/www.cazorla.es\/bluescazorla06\/?page_id=2824"},"modified":"2018-07-05T10:33:59","modified_gmt":"2018-07-05T10:33:59","slug":"joe-louis-walker","status":"publish","type":"page","link":"https:\/\/www.cazorla.es\/bluescazorla06\/joe-louis-walker\/","title":{"rendered":"Joe Louis Walker"},"content":{"rendered":"<p>[et_pb_section bb_built=\u00bb1&#8243; fullwidth=\u00bboff\u00bb specialty=\u00bboff\u00bb next_background_color=\u00bb#000000&#8243;][et_pb_row][et_pb_column type=\u00bb1_2&#8243;][et_pb_blurb _builder_version=\u00bb3.2.2&#8243; title=\u00bbJoe Louis Walker\u00bb text_orientation=\u00bbjustified\u00bb]<\/p>\n<div id=\"content-wrap\">\n<div id=\"content\">\n<div id=\"page-content-wrap\">\n<div class=\"zoogle-content block\" data-arrangement-id=\"1409019\">\n<div class=\"zoogle-columns zoogle-columns-2 zoogle-columns-50-50 default-section-style padding-none title-alignment-left block block-row layout_full zoogle-columns-first\" data-row-id=\"4928451\">\n<div class=\"zoogle-columns-inner site-wrap\">\n<div class=\"zoogle-column zoogle-column-1-of-2 col_1_of_2 block layout_half\" data-column-id=\"5661035\">\n<div class=\"zoogle-feature block layout_full\" data-block-id=\"5230921\">\n<section class=\"feature text_feature \" data-feature-id=\"1225095\">\n<div class=\"col sqs-col-6 span-6\">\n<div id=\"block-def6f30ca9b60bba36cc\" class=\"sqs-block html-block sqs-block-html\" data-block-type=\"2\">\n<div class=\"sqs-block-content\">\n<p><span class=\"notranslate\">Joe Louis Walker, un miembro del Sal\u00f3n de la Fama de Blues y cuatro veces ganador del Premio Blues Music, celebra una carrera que excede medio siglo.<\/span>\u00a0<span class=\"notranslate\">Su nuevo \u00e1lbum\u00a0<strong>Everybody Wants A Piece<\/strong>\u00a0consolida su legado como un portador de antorchas prol\u00edfico para el blues.<\/span><span class=\"notranslate\">Mirando hacia atr\u00e1s en su rica historia, Walker comparte: \u00abMe gustar\u00eda ser conocido por la credibilidad de toda una vida de ser fiel a mi m\u00fasica y el blues.<\/span>\u00a0<span class=\"notranslate\">A veces siento que he aprendido m\u00e1s de mis fracasos que de mi \u00e9xito.<\/span>\u00a0<span class=\"notranslate\">Pero eso me hizo m\u00e1s fuerte y m\u00e1s aventurero.<\/span>\u00a0<span class=\"notranslate\">Y me ayud\u00f3 a crear mi propio estilo.<\/span>\u00a0<span class=\"notranslate\">Me gustar\u00eda pensar que cuando alguien ponga uno de mis discos, sabr\u00e1 por las primeras notas: \u00abEse es Joe Louis Walker\u00bb.<\/span><\/p>\n<p>&nbsp;<\/p>\n<\/div>\n<\/div>\n<div id=\"block-yui_3_17_2_28_1485524141644_10611\" class=\"sqs-block html-block sqs-block-html\" data-block-type=\"2\">\n<div class=\"sqs-block-content\">\n<p><span class=\"notranslate\">Siempre un artista profundamente l\u00edrico y expresivo, Walker contin\u00faa escribiendo y cantando sobre temas que son universales.<\/span>\u00a0<span class=\"notranslate\">En \u00abBlack &amp; Blue\u00bb, habla de una historia de amor que se est\u00e1 desmoronando, pero hay un esfuerzo por mantenerla en marcha.<\/span>\u00a0<span class=\"notranslate\">\u00c9l ofrece, \u00abLa letra &#8216;Busquemos un lugar tranquilo, Un lugar fuera de la ciudad &#8230; Necesitamos hablar de esto, se honesto y verdadero&#8217; lo dice todo tratando de salvar la relaci\u00f3n\u00bb. Cita la canci\u00f3n principal como una composici\u00f3n eso podr\u00eda no tener un significado profundo, pero al presentar el pensamiento: \u00abTodo el mundo quiere una parte de tu amor\u00bb, ofrece un doble sentido que habla por s\u00ed mismo.<\/span>\u00a0<span class=\"notranslate\">Con una profunda historia y antecedentes en gospel, Walker mira hacia Wade in the Water \u00abcomo un instant\u00e1neo favorito de todos los tiempos.<\/span>\u00a0<span class=\"notranslate\">\u00c9l revela: \u00abLa letra inspiradora\u00bb El agua es profunda, el agua est\u00e1 fr\u00eda, me da escalofr\u00edos, PERO NO ES MI ALMA \u00abexpresa mi creencia de que lo espiritual lo har\u00e1 avanzar cuando lo f\u00edsico no pueda\u00bb.<\/span><\/p>\n<p><span class=\"notranslate\">Esta vez, Joe ha tra\u00eddo a Paul Nelson para producir su \u00e1lbum que fue grabado en su famoso estudio Chop Shop en la costa este.<\/span>\u00a0<span class=\"notranslate\">Nelson es un guitarrista \/ productor ganador de un Grammy que fue el guitarrista Johnny Winter de la leyenda del rock \/ blues, y que tambi\u00e9n aparece como guitarrista invitado en dos canciones en\u00a0<em>Everybody Wants A Piece.<\/em><\/span><\/p>\n<\/div>\n<\/div>\n<\/div>\n<div class=\"col sqs-col-6 span-6\">\n<div id=\"block-yui_3_17_2_1_1414001907657_7484\" class=\"sqs-block html-block sqs-block-html\" data-block-type=\"2\">\n<div class=\"sqs-block-content\">\n<p><span class=\"notranslate\">Un verdadero virtuoso de la guitarra, cantante \u00fanico y prol\u00edfico compositor de canciones, ha realizado numerosas giras a lo largo de su carrera, se ha presentado en los festivales de m\u00fasica m\u00e1s famosos del mundo y ha ganado una legi\u00f3n de entusiastas seguidores.<\/span>\u00a0<span class=\"notranslate\">El \u00e1lbum debut de Walker en 1986,\u00a0<em>Cold Is the Night<\/em>\u00a0en HighTone, anunci\u00f3 su llegada a la moda deslumbrante, y su producci\u00f3n posterior solo sirvi\u00f3 para establecer a\u00fan m\u00e1s a Walker como uno de los principales bluesmen en la escena.<\/span><\/p>\n<p><span class=\"notranslate\">Nacido el 25 de diciembre de 1949 en San Francisco, a la edad de 14 a\u00f1os, tom\u00f3 la guitarra.<\/span>\u00a0<span class=\"notranslate\">Solo dos a\u00f1os despu\u00e9s, era una cantidad conocida en la escena musical del \u00c1rea de la Bah\u00eda, tocando blues con una incursi\u00f3n ocasional en el rock psicod\u00e9lico.<\/span>\u00a0<span class=\"notranslate\">Durante un tiempo, comparti\u00f3 habitaci\u00f3n con Mike Bloomfield, quien le present\u00f3 a Jimi Hendrix y Grateful Dead.<\/span>\u00a0<span class=\"notranslate\">Walker incluso hizo una breve peregrinaci\u00f3n a Chicago para ver la escena de blues all\u00ed.<\/span><span class=\"notranslate\">En 1975, quemado en blues, Walker recurri\u00f3 a Dios, cantando durante la pr\u00f3xima d\u00e9cada con un grupo de evangelios, los Corintios espirituales.<\/span>\u00a0<span class=\"notranslate\">Cuando los Corinthians tocaron en el New Orleans Jazz &amp; Heritage Festival de 1985, Walker se inspir\u00f3 para abrazar nuevamente sus ra\u00edces de blues.<\/span>\u00a0<span class=\"notranslate\">Reuni\u00f3 a los Boss Talkers, y durante la d\u00e9cada de 1990 fusion\u00f3 muchas de sus influencias del gospel, el jazz, el soul, el funk y el rock con sus sensibilidades de blues caracter\u00edsticos en las grabaciones lanzadas por Polydor \/ Polygram.<\/span>\u00a0<span class=\"notranslate\">Estos \u00e1lbumes presentan las colaboraciones de Walker con un grupo diverso de artistas de primer nivel, entre ellos Branford Marsalis, James Cotton, Tower of Power, Bonnie Raitt, Buddy Guy, Taj Mahal, Ike Turner y Clarence \u00abGatemouth\u00bb Brown.<\/span>\u00a0<span class=\"notranslate\">Walker ha lanzado grabaciones constantemente desde el cambio de milenio, y recientemente firm\u00f3 con Provogue \/ Mascot Label Group.<\/span><\/p>\n<\/div>\n<\/div>\n<\/div>\n<\/section>\n<\/div>\n<\/div>\n<\/div>\n<\/div>\n<\/div>\n<\/div>\n<\/div>\n<\/div>\n<p>[\/et_pb_blurb][\/et_pb_column][et_pb_column type=\u00bb1_2&#8243;][et_pb_image _builder_version=\u00bb3.2.2&#8243; src=\u00bbhttps:\/\/www.cazorla.es\/bluescazorla06\/wp-content\/uploads\/2018\/06\/1438549249_805799_1438549502_noticia_normal.jpg\u00bb \/][et_pb_code _builder_version=\u00bb3.2.2&#8243;]&lt;iframe width=\u00bb560&#8243; height=\u00bb315&#8243; src=\u00bbhttps:\/\/www.youtube.com\/embed\/iHaGoVvxZ5Y\u00bb frameborder=\u00bb0&#8243; allow=\u00bbautoplay; encrypted-media\u00bb allowfullscreen&gt;&lt;\/iframe&gt;[\/et_pb_code][et_pb_social_media_follow _builder_version=\u00bb3.2.2&#8243;][et_pb_social_media_follow_network _builder_version=\u00bb3.2.2&#8243; social_network=\u00bbfacebook\u00bb skype_action=\u00bbcall\u00bb url=\u00bbhttps:\/\/www.facebook.com\/joelouiswalker\/\u00bb background_color=\u00bb#3b5998&#8243; use_background_color_gradient=\u00bboff\u00bb background_color_gradient_start=\u00bb#2b87da\u00bb background_color_gradient_end=\u00bb#29c4a9&#8243; background_color_gradient_type=\u00bblinear\u00bb background_color_gradient_direction=\u00bb180deg\u00bb background_color_gradient_direction_radial=\u00bbcenter\u00bb background_color_gradient_start_position=\u00bb0%\u00bb background_color_gradient_end_position=\u00bb100%\u00bb background_color_gradient_overlays_image=\u00bboff\u00bb parallax=\u00bboff\u00bb parallax_method=\u00bbon\u00bb background_size=\u00bbcover\u00bb background_position=\u00bbcenter\u00bb background_repeat=\u00bbno-repeat\u00bb background_blend=\u00bbnormal\u00bb allow_player_pause=\u00bboff\u00bb background_video_pause_outside_viewport=\u00bbon\u00bb box_shadow_style=\u00bbnone\u00bb] Facebook [\/et_pb_social_media_follow_network][et_pb_social_media_follow_network _builder_version=\u00bb3.2.2&#8243; social_network=\u00bbyoutube\u00bb skype_action=\u00bbcall\u00bb url=\u00bbhttps:\/\/www.youtube.com\/watch?v=iHaGoVvxZ5Y\u00bb background_color=\u00bb#a82400&#8243; use_background_color_gradient=\u00bboff\u00bb background_color_gradient_start=\u00bb#2b87da\u00bb background_color_gradient_end=\u00bb#29c4a9&#8243; background_color_gradient_type=\u00bblinear\u00bb background_color_gradient_direction=\u00bb180deg\u00bb background_color_gradient_direction_radial=\u00bbcenter\u00bb background_color_gradient_start_position=\u00bb0%\u00bb background_color_gradient_end_position=\u00bb100%\u00bb background_color_gradient_overlays_image=\u00bboff\u00bb parallax=\u00bboff\u00bb parallax_method=\u00bbon\u00bb background_size=\u00bbcover\u00bb background_position=\u00bbcenter\u00bb background_repeat=\u00bbno-repeat\u00bb background_blend=\u00bbnormal\u00bb allow_player_pause=\u00bboff\u00bb background_video_pause_outside_viewport=\u00bbon\u00bb box_shadow_style=\u00bbnone\u00bb] Youtube [\/et_pb_social_media_follow_network][\/et_pb_social_media_follow][\/et_pb_column][\/et_pb_row][\/et_pb_section][et_pb_section bb_built=\u00bb1&#8243; fullwidth=\u00bbon\u00bb specialty=\u00bboff\u00bb prev_background_color=\u00bb#000000&#8243; next_background_color=\u00bb#000000&#8243;][et_pb_fullwidth_slider _builder_version=\u00bb3.2.2&#8243;][et_pb_slide _builder_version=\u00bb3.2.2&#8243; button_link=\u00bbhttps:\/\/www.ticketmaster.es\/event\/bluescazorla-festival-2018-entradas\/6265&#8243; heading=\u00bbNO TE QUEDES SIN TU ABONO \u00bb button_text=\u00bbCOMPRAR ENTRADAS\u00bb background_color=\u00bb#aeaea2&#8243; use_background_color_gradient=\u00bboff\u00bb background_color_gradient_start=\u00bb#2b87da\u00bb background_color_gradient_end=\u00bb#29c4a9&#8243; background_color_gradient_type=\u00bblinear\u00bb background_color_gradient_direction=\u00bb180deg\u00bb background_color_gradient_direction_radial=\u00bbcenter\u00bb background_color_gradient_start_position=\u00bb0%\u00bb background_color_gradient_end_position=\u00bb100%\u00bb background_color_gradient_overlays_image=\u00bboff\u00bb parallax=\u00bboff\u00bb parallax_method=\u00bbon\u00bb background_size=\u00bbcover\u00bb background_position=\u00bbcenter\u00bb background_repeat=\u00bbno-repeat\u00bb background_blend=\u00bbnormal\u00bb allow_player_pause=\u00bboff\u00bb background_video_pause_outside_viewport=\u00bbon\u00bb use_bg_overlay=\u00bboff\u00bb use_text_overlay=\u00bboff\u00bb text_border_radius=\u00bb3&#8243; alignment=\u00bbcenter\u00bb child_filter_hue_rotate=\u00bb0deg\u00bb child_filter_saturate=\u00bb100%\u00bb child_filter_brightness=\u00bb100%\u00bb child_filter_contrast=\u00bb100%\u00bb child_filter_invert=\u00bb0%\u00bb child_filter_sepia=\u00bb0%\u00bb child_filter_opacity=\u00bb100%\u00bb child_filter_blur=\u00bb0px\u00bb child_mix_blend_mode=\u00bbnormal\u00bb background_layout=\u00bbdark\u00bb text_shadow_style=\u00bbnone\u00bb header_text_shadow_style=\u00bbnone\u00bb body_text_shadow_style=\u00bbnone\u00bb custom_button=\u00bboff\u00bb button_bg_use_color_gradient=\u00bboff\u00bb button_bg_color_gradient_overlays_image=\u00bboff\u00bb button_use_icon=\u00bbon\u00bb button_on_hover=\u00bbon\u00bb button_text_shadow_style=\u00bbnone\u00bb box_shadow_style_button=\u00bbnone\u00bb text_shadow_horizontal_length=\u00bb0em\u00bb text_shadow_vertical_length=\u00bb0em\u00bb text_shadow_blur_strength=\u00bb0em\u00bb header_text_shadow_horizontal_length=\u00bb0em\u00bb header_text_shadow_vertical_length=\u00bb0em\u00bb header_text_shadow_blur_strength=\u00bb0em\u00bb body_text_shadow_horizontal_length=\u00bb0em\u00bb body_text_shadow_vertical_length=\u00bb0em\u00bb body_text_shadow_blur_strength=\u00bb0em\u00bb button_text_shadow_horizontal_length=\u00bb0em\u00bb button_text_shadow_vertical_length=\u00bb0em\u00bb button_text_shadow_blur_strength=\u00bb0em\u00bb \/][\/et_pb_fullwidth_slider][\/et_pb_section][et_pb_section bb_built=\u00bb1&#8243; fullwidth=\u00bbon\u00bb specialty=\u00bboff\u00bb prev_background_color=\u00bb#000000&#8243;][et_pb_fullwidth_image _builder_version=\u00bb3.2.2&#8243; src=\u00bbhttps:\/\/www.cazorla.es\/bluescazorla06\/wp-content\/uploads\/2018\/07\/Inferior3.jpg\u00bb \/][\/et_pb_section]<\/p>\n","protected":false},"excerpt":{"rendered":"<p>[et_pb_section bb_built=\u00bb1&#8243; fullwidth=\u00bboff\u00bb specialty=\u00bboff\u00bb next_background_color=\u00bb#000000&#8243;][et_pb_row][et_pb_column type=\u00bb1_2&#8243;][et_pb_blurb _builder_version=\u00bb3.2.2&#8243; title=\u00bbJoe Louis Walker\u00bb text_orientation=\u00bbjustified\u00bb] Joe Louis Walker, un miembro del Sal\u00f3n de la Fama de Blues y cuatro veces ganador del Premio Blues Music, celebra una carrera que excede medio siglo.\u00a0Su nuevo \u00e1lbum\u00a0Everybody Wants A Piece\u00a0consolida su legado como un portador de antorchas prol\u00edfico para el blues.Mirando hacia [&hellip;]<\/p>\n","protected":false},"author":2,"featured_media":0,"parent":0,"menu_order":0,"comment_status":"closed","ping_status":"closed","template":"","meta":{"_et_pb_use_builder":"on","_et_pb_old_content":"","_et_gb_content_width":"","footnotes":""},"_links":{"self":[{"href":"https:\/\/www.cazorla.es\/bluescazorla06\/wp-json\/wp\/v2\/pages\/2824"}],"collection":[{"href":"https:\/\/www.cazorla.es\/bluescazorla06\/wp-json\/wp\/v2\/pages"}],"about":[{"href":"https:\/\/www.cazorla.es\/bluescazorla06\/wp-json\/wp\/v2\/types\/page"}],"author":[{"embeddable":true,"href":"https:\/\/www.cazorla.es\/bluescazorla06\/wp-json\/wp\/v2\/users\/2"}],"replies":[{"embeddable":true,"href":"https:\/\/www.cazorla.es\/bluescazorla06\/wp-json\/wp\/v2\/comments?post=2824"}],"version-history":[{"count":4,"href":"https:\/\/www.cazorla.es\/bluescazorla06\/wp-json\/wp\/v2\/pages\/2824\/revisions"}],"predecessor-version":[{"id":2932,"href":"https:\/\/www.cazorla.es\/bluescazorla06\/wp-json\/wp\/v2\/pages\/2824\/revisions\/2932"}],"wp:attachment":[{"href":"https:\/\/www.cazorla.es\/bluescazorla06\/wp-json\/wp\/v2\/media?parent=2824"}],"curies":[{"name":"wp","href":"https:\/\/api.w.org\/{rel}","templated":true}]}}