{"id":2722,"date":"2018-05-23T11:28:15","date_gmt":"2018-05-23T11:28:15","guid":{"rendered":"http:\/\/www.cazorla.es\/bluescazorla06\/?page_id=2722"},"modified":"2018-05-23T11:28:15","modified_gmt":"2018-05-23T11:28:15","slug":"politica-de-cookies","status":"publish","type":"page","link":"https:\/\/www.cazorla.es\/bluescazorla06\/politica-de-cookies\/","title":{"rendered":"Pol\u00edtica de Cookies"},"content":{"rendered":"<p>[et_pb_section bb_built=\u00bb1&#8243;][et_pb_row][et_pb_column type=\u00bb4_4&#8243;][et_pb_blurb _builder_version=\u00bb3.2.2&#8243; title=\u00bbPol\u00edtica de Cookies\u00bb]<\/p>\n<p><span style=\"color: #024f67;\">AYUNTAMIENTO DE CAZORLA puede recopilar informaci\u00f3n sobre los h\u00e1bitos de b\u00fasqueda de los usuarios del website por medio de cookies o archivos de registro. No se utilizar\u00e1n las cookies para recoger informaci\u00f3n de car\u00e1cter personal. Solamente se instalar\u00e1n si el Usuario permanece y contin\u00faa navegando en nuestra p\u00e1gina web, entendiendo que consiente su uso e instalaci\u00f3n. A continuaci\u00f3n proporcionamos informaci\u00f3n detallada sobre qu\u00e9 es una cookie, para qu\u00e9 sirve, qu\u00e9 tipos de cookies utilizamos, cu\u00e1les son sus finalidades y c\u00f3mo puede configurarlas o deshabilitarlas si as\u00ed lo desea.<\/span><\/p>\n<h3><span style=\"color: #024f67;\">\u00bfQU\u00c9 ES UNA COOKIE Y PARA QU\u00c9 SIRVE?<\/span><\/h3>\n<p><span style=\"color: #024f67;\">Una \u00abCookie\u00bb es un peque\u00f1o archivo que se almacena en el ordenador del usuario, tablet, smartphone o cualquier otro dispositivo con informaci\u00f3n sobre la navegaci\u00f3n.<\/span><\/p>\n<p><span style=\"color: #024f67;\">El conjunto de \u00abcookies\u00bb de todos nuestros usuarios nos ayuda a mejorar la calidad de nuestra web, permiti\u00e9ndonos controlar qu\u00e9 p\u00e1ginas son \u00fatiles, cu\u00e1les no y cu\u00e1les son susceptibles de mejora.<\/span><\/p>\n<p><span style=\"color: #024f67;\">Las cookies son esenciales para el funcionamiento de Internet, aportando innumerables ventajas en la prestaci\u00f3n de servicios interactivos, facilit\u00e1ndole la navegaci\u00f3n y usabilidad de nuestro website.<\/span><\/p>\n<p><span style=\"color: #024f67;\">En ning\u00fan caso las cookies podr\u00edan da\u00f1ar su equipo. Por contra, el que est\u00e9n activas nos ayuda a identificar y resolver los errores.<\/span><\/p>\n<h3><span style=\"color: #024f67;\">\u00bfQU\u00c9 TIPOS DE COOKIES UTILIZAMOS?<\/span><\/h3>\n<p><span style=\"color: #024f67;\"><strong>Seg\u00fan la entidad que la gestiona:<\/strong><\/span><\/p>\n<ul>\n<li><span style=\"color: #024f67;\"><strong>Cookies propias<\/strong>: Son aquellas que se env\u00edan a su equipo desde nuestros propios equipos o dominios y desde el que prestamos el servicio que nos solicita.<\/span><\/li>\n<li><span style=\"color: #024f67;\"><strong>Cookies de terceros<\/strong>: Son aquellas que se env\u00edan a su equipo desde un equipo o dominio que no es gestionado por nosotros, sino por otra entidad colaboradora. Como por ejemplo, las usadas por redes sociales, o por contenido externo como Google Maps.<\/span><\/li>\n<\/ul>\n<p><span style=\"color: #024f67;\"><strong>Seg\u00fan el plazo de tiempo que permanecen activadas:<\/strong><\/span><\/p>\n<ul>\n<li><span style=\"color: #024f67;\"><strong>Cookies de sesi\u00f3n<\/strong>: Son cookies temporales que permanecen en el archivo de cookies de su navegador hasta que el Usuario abandona la p\u00e1gina web, por lo que ninguna queda registrada en el disco duro de su ordenador. La informaci\u00f3n obtenida por medio de estas cookies, sirven para analizar pautas de tr\u00e1fico en el website. A la larga, esto nos permite proporcionar una mejor experiencia para mejorar el contenido y facilitar su uso.<\/span><\/li>\n<li><span style=\"color: #024f67;\"><strong>Cookies persistentes<\/strong>: son almacenadas en el disco duro y nuestra web las lee cada vez que el Usuario realiza una nueva visita. Una cookie permanente posee una fecha de expiraci\u00f3n determinada. La cookie dejar\u00e1 de funcionar despu\u00e9s de esa fecha. Estas cookies las utilizamos, generalmente, para facilitar los servicios de compra y registro.<\/span><\/li>\n<\/ul>\n<p><span style=\"color: #024f67;\"><strong>Seg\u00fan su finalidad:<\/strong><\/span><\/p>\n<ul>\n<li><span style=\"color: #024f67;\"><strong>Cookies t\u00e9cnicas<\/strong>: Son aquellas necesarias para la navegaci\u00f3n y el buen funcionamiento de nuestro website. Permiten por ejemplo, controlar el tr\u00e1fico y la comunicaci\u00f3n de datos, acceder a partes de acceso restringido, realizar el proceso de compra de un pedido, utilizar elementos de seguridad, almacenar contenidos para poder difundir v\u00eddeos o compartir contenidos a trav\u00e9s de redes sociales.<\/span><\/li>\n<li><span style=\"color: #024f67;\"><strong>Cookies de personalizaci\u00f3n<\/strong>: Son aqu\u00e9llas que permiten al Usuario acceder al servicio con unas caracter\u00edsticas predefinidas en funci\u00f3n de una serie de criterios, como por ejemplo el idioma, el tipo de navegador a trav\u00e9s del cual se accede al servicio, la configuraci\u00f3n regional desde donde se accede al servicio, etc.<\/span><\/li>\n<li><span style=\"color: #024f67;\"><strong>Cookies de an\u00e1lisis<\/strong>: Son aqu\u00e9llas que nos permiten cuantificar el n\u00famero de usuarios y as\u00ed realizar la medici\u00f3n y an\u00e1lisis estad\u00edstico de la utilizaci\u00f3n que hacen los usuarios de los servicios prestados. Para ello se analiza su navegaci\u00f3n en nuestro website con el fin de mejorar la oferta de productos y servicios que ofrecemos.<\/span><\/li>\n<li><span style=\"color: #024f67;\"><strong>Cookies publicitarias<\/strong>: Son aqu\u00e9llas que permiten la gesti\u00f3n, de la forma m\u00e1s eficaz posible, de los espacios publicitarios que se pudieran incluir en nuestro website.<\/span><\/li>\n<li><span style=\"color: #024f67;\"><strong>Cookies de publicidad comportamental<\/strong>: Estas cookies almacenan informaci\u00f3n del comportamiento de los usuarios obtenida a trav\u00e9s de la \u2028observaci\u00f3n continuada. Gracias a ellas, podr\u00edamos conocer los h\u00e1bitos de navegaci\u00f3n en Internet y mostrarle publicidad relacionada con su perfil de navegaci\u00f3n.<\/span><\/li>\n<\/ul>\n<p><span style=\"color: #024f67;\"><strong>Finalidad de cada una de las cookies utilizadas:<\/strong><\/span><\/p>\n<p><span style=\"color: #024f67;\">A continuaci\u00f3n detallamos las cookies utilizadas en nuestra web y el proveedor al que pertenecen. Cookies propias son las que pertenecen a nuestro dominio y cookies de terceros son las que pertenecen a otros dominios seg\u00fan la tabla siguiente:<\/span><\/p>\n<table class=\"blue-table\">\n<thead>\n<tr>\n<th><span style=\"color: #024f67;\">Cookie<\/span><\/th>\n<th><span style=\"color: #024f67;\">Nombre<\/span><\/th>\n<th><span style=\"color: #024f67;\">Tipo<\/span><\/th>\n<th><span style=\"color: #024f67;\">Prop\u00f3sito<\/span><\/th>\n<th><span style=\"color: #024f67;\">M\u00e1s informaci\u00f3n<\/span><\/th>\n<\/tr>\n<\/thead>\n<tbody>\n<tr>\n<td><span style=\"color: #024f67;\">Google Analytics<\/span><\/td>\n<td><span style=\"color: #024f67;\">__utma<\/span><br \/>\n<span style=\"color: #024f67;\">__utmb<\/span><br \/>\n<span style=\"color: #024f67;\">__utmc<\/span><br \/>\n<span style=\"color: #024f67;\">__utmz<\/span><\/td>\n<td><span style=\"color: #024f67;\">De terceros, anl\u00edticas y cookies permanentes<\/span><\/td>\n<td class=\"text-justify\"><span style=\"color: #024f67;\">Recoger informaci\u00f3n sobre la navegaci\u00f3n de los usuarios por el sitio con el fin de conocer el origen de las visitas y otros datos similares a nivel estad\u00edstico. No obtiene datos de los nombres o apellidos de los usuarios ni de la direcci\u00f3n postal concreta desde donde se conectan.<\/span><\/td>\n<td><span style=\"color: #024f67;\">Google Analytics Centro de privacidad de Google.<\/span><\/td>\n<\/tr>\n<\/tbody>\n<\/table>\n<p>&nbsp;<\/p>\n<h3><span style=\"color: #024f67;\">\u00bfC\u00d3MO PUEDE EL USUARIO CONFIGURAR O DESHABILITAR LAS COOKIES?<\/span><\/h3>\n<p><span style=\"color: #024f67;\">Puede\u00a0<strong>permitir, bloquear o eliminar las cookies instaladas en su equipo<\/strong>\u00a0mediante la configuraci\u00f3n de las opciones de su navegador de Internet. En caso de que no permita la instalaci\u00f3n de cookies en su navegador es posible que no pueda acceder a algunos de los servicios y que su experiencia en el website pueda resultar menos satisfactoria.<\/span><\/p>\n<ul>\n<li><span style=\"color: #024f67;\">Firefox:\u00a0<a style=\"color: #024f67;\" href=\"http:\/\/support.mozilla.org\/es\/kb\/habilitar-y-deshabilitar-cookies-que-los-sitios-we\" target=\"_blank\" rel=\"noopener\">http:\/\/support.mozilla.org\/es\/kb\/habilitar-y-deshabilitar-cookies-que-los-sitios-we<\/a><\/span><\/li>\n<li><span style=\"color: #024f67;\">Chrome:\u00a0<a style=\"color: #024f67;\" href=\"http:\/\/support.google.com\/chrome\/bin\/answer.py?hl=es&amp;answer=95647\" target=\"_blank\" rel=\"noopener\">http:\/\/support.google.com\/chrome\/bin\/answer.py?hl=es&amp;answer=95647<\/a><\/span><\/li>\n<li><span style=\"color: #024f67;\">Internet Explorer:\u00a0<a style=\"color: #024f67;\" href=\"https:\/\/support.microsoft.com\/es-es\/help\/17442\" target=\"_blank\" rel=\"noopener\">https:\/\/support.microsoft.com\/es-es\/help\/17442<\/a><\/span><\/li>\n<li><span style=\"color: #024f67;\">Safari:\u00a0<a style=\"color: #024f67;\" href=\"https:\/\/support.apple.com\/kb\/PH21411?viewlocale=es_ES&amp;locale=es_ES\" target=\"_blank\" rel=\"noopener\">https:\/\/support.apple.com\/kb\/PH21411?viewlocale=es_ES&amp;locale=es_ES<\/a><\/span><\/li>\n<li><span style=\"color: #024f67;\">Opera:\u00a0<a style=\"color: #024f67;\" href=\"http:\/\/help.opera.com\/Windows\/11.50\/es-ES\/cookies.html\" target=\"_blank\" rel=\"noopener\">http:\/\/help.opera.com\/Windows\/11.50\/es-ES\/cookies.html<\/a><\/span><\/li>\n<li><span style=\"color: #024f67;\">Otros navegadores: consulte la documentaci\u00f3n del navegador que tenga instalado<\/span><\/li>\n<\/ul>\n<h3><span style=\"color: #024f67;\">ENLACES<\/span><\/h3>\n<p><span style=\"color: #024f67;\">Si quieres obtener una mayor informaci\u00f3n sobre esta materia referida a las cookies, te adjuntamos el siguiente enlace:<\/span><\/p>\n<p><span style=\"color: #024f67;\">\u00ab<a style=\"color: #024f67;\" href=\"http:\/\/www.agpd.es\/portalwebAGPD\/canaldocumentacion\/cookies\/index-ides-idphp.php\" target=\"_blank\" rel=\"noopener\">Cookies<\/a>\u00bb publicada en el sitio Web de la Agencia Espa\u00f1ola de Protecci\u00f3n de Datos.<\/span><\/p>\n<p>[\/et_pb_blurb][\/et_pb_column][\/et_pb_row][\/et_pb_section]<\/p>\n","protected":false},"excerpt":{"rendered":"<p>[et_pb_section bb_built=\u00bb1&#8243;][et_pb_row][et_pb_column type=\u00bb4_4&#8243;][et_pb_blurb _builder_version=\u00bb3.2.2&#8243; title=\u00bbPol\u00edtica de Cookies\u00bb] AYUNTAMIENTO DE CAZORLA puede recopilar informaci\u00f3n sobre los h\u00e1bitos de b\u00fasqueda de los usuarios del website por medio de cookies o archivos de registro. No se utilizar\u00e1n las cookies para recoger informaci\u00f3n de car\u00e1cter personal. Solamente se instalar\u00e1n si el Usuario permanece y contin\u00faa navegando en nuestra p\u00e1gina [&hellip;]<\/p>\n","protected":false},"author":2,"featured_media":0,"parent":0,"menu_order":0,"comment_status":"closed","ping_status":"closed","template":"","meta":{"_et_pb_use_builder":"on","_et_pb_old_content":"","_et_gb_content_width":"","footnotes":""},"_links":{"self":[{"href":"https:\/\/www.cazorla.es\/bluescazorla06\/wp-json\/wp\/v2\/pages\/2722"}],"collection":[{"href":"https:\/\/www.cazorla.es\/bluescazorla06\/wp-json\/wp\/v2\/pages"}],"about":[{"href":"https:\/\/www.cazorla.es\/bluescazorla06\/wp-json\/wp\/v2\/types\/page"}],"author":[{"embeddable":true,"href":"https:\/\/www.cazorla.es\/bluescazorla06\/wp-json\/wp\/v2\/users\/2"}],"replies":[{"embeddable":true,"href":"https:\/\/www.cazorla.es\/bluescazorla06\/wp-json\/wp\/v2\/comments?post=2722"}],"version-history":[{"count":1,"href":"https:\/\/www.cazorla.es\/bluescazorla06\/wp-json\/wp\/v2\/pages\/2722\/revisions"}],"predecessor-version":[{"id":2723,"href":"https:\/\/www.cazorla.es\/bluescazorla06\/wp-json\/wp\/v2\/pages\/2722\/revisions\/2723"}],"wp:attachment":[{"href":"https:\/\/www.cazorla.es\/bluescazorla06\/wp-json\/wp\/v2\/media?parent=2722"}],"curies":[{"name":"wp","href":"https:\/\/api.w.org\/{rel}","templated":true}]}}