{"id":2720,"date":"2018-05-23T11:26:16","date_gmt":"2018-05-23T11:26:16","guid":{"rendered":"http:\/\/www.cazorla.es\/bluescazorla06\/?page_id=2720"},"modified":"2018-05-23T11:26:16","modified_gmt":"2018-05-23T11:26:16","slug":"politica-de-privacidad","status":"publish","type":"page","link":"https:\/\/www.cazorla.es\/bluescazorla06\/politica-de-privacidad\/","title":{"rendered":"Pol\u00edtica de Privacidad"},"content":{"rendered":"<p>[et_pb_section bb_built=\u00bb1&#8243;][et_pb_row][et_pb_column type=\u00bb4_4&#8243;][et_pb_blurb _builder_version=\u00bb3.2.2&#8243; title=\u00bbPol\u00edtica de Privacidad\u00bb]<\/p>\n<p><span style=\"color: #024f67;\">De conformidad con el vigente Reglamento (UE) 2016\/679, informamos que los datos de car\u00e1cter personal de los Usuarios del sitio web se tratar\u00e1n para la actividad de tratamiento de comunicaciones comerciales, resoluci\u00f3n de consultas relativas al Festival y\/o servicios ofrecidos por terceros en relaci\u00f3n al Festival. Dicho tratamiento de sus datos estar\u00e1 amparado en su propio consentimiento. Al pulsar el bot\u00f3n \u201cENVIAR\u201d, el Usuario consiente el tratamiento de sus datos por parte de la empresa.<\/span><\/p>\n<p><span style=\"color: #024f67;\">Asimismo, le informamos que, salvo obligaci\u00f3n legal o consentimiento expreso por su parte, no cederemos sus datos a terceros.<\/span><\/p>\n<p><span style=\"color: #024f67;\">Igualmente, se informa al Usuario que en cualquier momento puede ejercitar los derechos de acceso, rectificaci\u00f3n o supresi\u00f3n de datos, as\u00ed como disponer de otros derechos reconocidos en el presente documento y regulados en el Reglamento (UE) 2016\/679, notific\u00e1ndolo a Ayuntamiento de Cazorla con CIF: P2302800D y domicilio social en: C\/ PLAZA FRANCISCO MART\u00cdNEZ, 1 &#8211; 23470 CAZORLA (JA\u00c9N).\u00a0<\/span><\/p>\n<p>[\/et_pb_blurb][\/et_pb_column][\/et_pb_row][\/et_pb_section]<\/p>\n","protected":false},"excerpt":{"rendered":"<p>[et_pb_section bb_built=\u00bb1&#8243;][et_pb_row][et_pb_column type=\u00bb4_4&#8243;][et_pb_blurb _builder_version=\u00bb3.2.2&#8243; title=\u00bbPol\u00edtica de Privacidad\u00bb] De conformidad con el vigente Reglamento (UE) 2016\/679, informamos que los datos de car\u00e1cter personal de los Usuarios del sitio web se tratar\u00e1n para la actividad de tratamiento de comunicaciones comerciales, resoluci\u00f3n de consultas relativas al Festival y\/o servicios ofrecidos por terceros en relaci\u00f3n al Festival. Dicho tratamiento [&hellip;]<\/p>\n","protected":false},"author":2,"featured_media":0,"parent":0,"menu_order":0,"comment_status":"closed","ping_status":"closed","template":"","meta":{"_et_pb_use_builder":"on","_et_pb_old_content":"","_et_gb_content_width":"","footnotes":""},"_links":{"self":[{"href":"https:\/\/www.cazorla.es\/bluescazorla06\/wp-json\/wp\/v2\/pages\/2720"}],"collection":[{"href":"https:\/\/www.cazorla.es\/bluescazorla06\/wp-json\/wp\/v2\/pages"}],"about":[{"href":"https:\/\/www.cazorla.es\/bluescazorla06\/wp-json\/wp\/v2\/types\/page"}],"author":[{"embeddable":true,"href":"https:\/\/www.cazorla.es\/bluescazorla06\/wp-json\/wp\/v2\/users\/2"}],"replies":[{"embeddable":true,"href":"https:\/\/www.cazorla.es\/bluescazorla06\/wp-json\/wp\/v2\/comments?post=2720"}],"version-history":[{"count":1,"href":"https:\/\/www.cazorla.es\/bluescazorla06\/wp-json\/wp\/v2\/pages\/2720\/revisions"}],"predecessor-version":[{"id":2721,"href":"https:\/\/www.cazorla.es\/bluescazorla06\/wp-json\/wp\/v2\/pages\/2720\/revisions\/2721"}],"wp:attachment":[{"href":"https:\/\/www.cazorla.es\/bluescazorla06\/wp-json\/wp\/v2\/media?parent=2720"}],"curies":[{"name":"wp","href":"https:\/\/api.w.org\/{rel}","templated":true}]}}