{"id":2610,"date":"2018-05-21T07:56:41","date_gmt":"2018-05-21T07:56:41","guid":{"rendered":"http:\/\/www.cazorla.es\/bluescazorla06\/?page_id=2610"},"modified":"2018-07-05T10:39:59","modified_gmt":"2018-07-05T10:39:59","slug":"nat-simons","status":"publish","type":"page","link":"https:\/\/www.cazorla.es\/bluescazorla06\/nat-simons\/","title":{"rendered":"Nat Simons"},"content":{"rendered":"<p>[et_pb_section bb_built=\u00bb1&#8243; fullwidth=\u00bboff\u00bb specialty=\u00bboff\u00bb next_background_color=\u00bb#000000&#8243;][et_pb_row][et_pb_column type=\u00bb1_2&#8243;][et_pb_blurb _builder_version=\u00bb3.2.2&#8243; title=\u00bbNat Simons\u00bb text_orientation=\u00bbjustified\u00bb]<\/p>\n<div id=\"content-wrap\">\n<div id=\"content\">\n<div id=\"page-content-wrap\">\n<div class=\"zoogle-content block\" data-arrangement-id=\"1409019\">\n<div class=\"zoogle-columns zoogle-columns-2 zoogle-columns-50-50 default-section-style padding-none title-alignment-left block block-row layout_full zoogle-columns-first\" data-row-id=\"4928451\">\n<div class=\"zoogle-columns-inner site-wrap\">\n<div class=\"zoogle-column zoogle-column-1-of-2 col_1_of_2 block layout_half\" data-column-id=\"5661035\">\n<div class=\"zoogle-feature block layout_full\" data-block-id=\"5230921\">\n<section class=\"feature text_feature \" data-feature-id=\"1225095\">\n<div class=\"paragraph\">\n<p><span style=\"color: #034f67;\">Nat Simons,\u00a0cantante y compositora espa\u00f1ola, es a d\u00eda de hoy uno de los mayores referentes de la americana music en Espa\u00f1a. Nat Simons comenz\u00f3 su carrera gracias a Bob Dylan, quien la inspir\u00f3 en sus primeras composiciones. En estos a\u00f1os de carrera Nat Simons ha seguido evolucionando y su sonido se acerca m\u00e1s a artistas actuales como Ryan Adams, Nikki Lane, Israel Nash, First Aid Kit o Brandi Carlile. Su \u00faltimo trabajo grabado en Carolina del Norte se ha realizado bajo la producci\u00f3n de\u00a0Gary Louris\u00a0(l\u00edder de los Jayhawks) y con una banda excepcional a las espaldas (Hiss Golden Messenger) entre otros m\u00fasicos como Django Haskins a la guitarra (The Old ceremony, Au Pair),\u00a0Greg Readling al pedal steel (Chatham Country line)\u00a0o el mismo Gary Louris a la guitarra y voces.<\/span><\/p>\n<p><span style=\"color: #034f67;\">Nat Simons, \u00a0tras su \u00e1lbum debut\u00a0\u2018\u2019Home on high\u2019\u2019\u00a0(2014) y su EP\u00a0\u2018\u2019Trouble man\u2019\u2019\u00a0(2015), ambos trabajos con una amplia aceptaci\u00f3n por la cr\u00edtica y p\u00fablico, fue reconocida como \u2018\u2019Mejor Artista Espan\u0303ol\u2019\u2019 por los oyentes del programa de radio Toma Uno de Radio 3, programa especializado en americana music. Adema\u0301s \u201cHome on high\u201d ha sido distinguido entre los mejores discos del 2014 y su single \u2018\u2019Another coffee and cigarette day\u2019\u2019 supera ya la cifra de 2 millones y medio de reproducciones en Spotify.<\/span><\/p>\n<p><span style=\"color: #034f67;\">Estos reconocimientos le han llevado a trabajar en proyectos tan interesantes como la BSO de la \u00faltima pel\u00edcula de V\u00edctor Matellano\u00a0\u2018\u2019Stop Over in Hell\u2019\u2019\u00a0(2017) y a componer varios temas para la exposici\u00f3n del artista y comisario Miguel \u00c1ngel Blanco\u00a0\u2018\u2019La ilusi\u00f3n del Lejano Oeste\u2019\u2019para el museo Thyssen de Madrid.<\/span><\/p>\n<p><span style=\"color: #034f67;\">Tras compartir cartel con artistas de la talla de Emmylou Harris and Rodney Crowell en la localidad Segoviana de Riaza \u00a0en el Huercasa Country Festival, Nat Simons viaj\u00f3 hasta Barcelona para abrir el concierto de The Jayhawks en la sala Barts. Fue all\u00ed donde Gary Louris descubri\u00f3 a Nat Simons y m\u00e1s tarde le propuso viajar a EEUU para grabar su \u00faltimo \u00e1lbum. Ella a su vez estaba en el momento perfecto donde buscaba ampliar horizontes y experimentar en el sonido. Este viaje que seg\u00fan ella misma \u2018\u2019le ha cambiado la vida\u2019\u2019, ha dado fruto a un disco\u00a0\u2018\u2019Lights\u2019\u2019\u00a0que promete ser el paso definitivo en la carrera y el estilo de Nat Simons.<\/span><\/p>\n<\/div>\n<div>\n<div><span style=\"color: #034f67;\">\u00a0\u00a0<\/span><\/div>\n<\/div>\n<\/section>\n<\/div>\n<\/div>\n<\/div>\n<\/div>\n<\/div>\n<\/div>\n<\/div>\n<\/div>\n<p>[\/et_pb_blurb][\/et_pb_column][et_pb_column type=\u00bb1_2&#8243;][et_pb_image _builder_version=\u00bb3.2.2&#8243; src=\u00bbhttps:\/\/www.cazorla.es\/bluescazorla06\/wp-content\/uploads\/2018\/05\/nat-simons01.jpg\u00bb \/][et_pb_code _builder_version=\u00bb3.2.2&#8243;]&lt;iframe width=\u00bb560&#8243; height=\u00bb315&#8243; src=\u00bbhttps:\/\/www.youtube.com\/embed\/rW_tKhTcAok\u00bb frameborder=\u00bb0&#8243; allow=\u00bbautoplay; encrypted-media\u00bb allowfullscreen&gt;&lt;\/iframe&gt;[\/et_pb_code][et_pb_social_media_follow _builder_version=\u00bb3.2.2&#8243;][et_pb_social_media_follow_network _builder_version=\u00bb3.2.2&#8243; social_network=\u00bbfacebook\u00bb skype_action=\u00bbcall\u00bb url=\u00bbhttps:\/\/www.facebook.com\/natsimonsmusic\/\u00bb background_color=\u00bb#3b5998&#8243; use_background_color_gradient=\u00bboff\u00bb background_color_gradient_start=\u00bb#2b87da\u00bb background_color_gradient_end=\u00bb#29c4a9&#8243; background_color_gradient_type=\u00bblinear\u00bb background_color_gradient_direction=\u00bb180deg\u00bb background_color_gradient_direction_radial=\u00bbcenter\u00bb background_color_gradient_start_position=\u00bb0%\u00bb background_color_gradient_end_position=\u00bb100%\u00bb background_color_gradient_overlays_image=\u00bboff\u00bb parallax=\u00bboff\u00bb parallax_method=\u00bbon\u00bb background_size=\u00bbcover\u00bb background_position=\u00bbcenter\u00bb background_repeat=\u00bbno-repeat\u00bb background_blend=\u00bbnormal\u00bb allow_player_pause=\u00bboff\u00bb background_video_pause_outside_viewport=\u00bbon\u00bb box_shadow_style=\u00bbnone\u00bb] Facebook [\/et_pb_social_media_follow_network][et_pb_social_media_follow_network _builder_version=\u00bb3.2.2&#8243; social_network=\u00bbyoutube\u00bb skype_action=\u00bbcall\u00bb url=\u00bbhttps:\/\/www.youtube.com\/channel\/UCUXwEY4VnaMWk41Anrj4gZg\u00bb background_color=\u00bb#a82400&#8243; use_background_color_gradient=\u00bboff\u00bb background_color_gradient_start=\u00bb#2b87da\u00bb background_color_gradient_end=\u00bb#29c4a9&#8243; background_color_gradient_type=\u00bblinear\u00bb background_color_gradient_direction=\u00bb180deg\u00bb background_color_gradient_direction_radial=\u00bbcenter\u00bb background_color_gradient_start_position=\u00bb0%\u00bb background_color_gradient_end_position=\u00bb100%\u00bb background_color_gradient_overlays_image=\u00bboff\u00bb parallax=\u00bboff\u00bb parallax_method=\u00bbon\u00bb background_size=\u00bbcover\u00bb background_position=\u00bbcenter\u00bb background_repeat=\u00bbno-repeat\u00bb background_blend=\u00bbnormal\u00bb allow_player_pause=\u00bboff\u00bb background_video_pause_outside_viewport=\u00bbon\u00bb box_shadow_style=\u00bbnone\u00bb] Youtube [\/et_pb_social_media_follow_network][\/et_pb_social_media_follow][\/et_pb_column][\/et_pb_row][\/et_pb_section][et_pb_section bb_built=\u00bb1&#8243; fullwidth=\u00bbon\u00bb specialty=\u00bboff\u00bb prev_background_color=\u00bb#000000&#8243; next_background_color=\u00bb#000000&#8243;][et_pb_fullwidth_slider _builder_version=\u00bb3.2.2&#8243;][et_pb_slide _builder_version=\u00bb3.2.2&#8243; button_link=\u00bbhttps:\/\/www.ticketmaster.es\/event\/bluescazorla-festival-2018-entradas\/6265&#8243; heading=\u00bbNO TE QUEDES SIN TU ABONO \u00bb button_text=\u00bbCOMPRAR ENTRADAS\u00bb background_color=\u00bb#aeaea2&#8243; use_background_color_gradient=\u00bboff\u00bb background_color_gradient_start=\u00bb#2b87da\u00bb background_color_gradient_end=\u00bb#29c4a9&#8243; background_color_gradient_type=\u00bblinear\u00bb background_color_gradient_direction=\u00bb180deg\u00bb background_color_gradient_direction_radial=\u00bbcenter\u00bb background_color_gradient_start_position=\u00bb0%\u00bb background_color_gradient_end_position=\u00bb100%\u00bb background_color_gradient_overlays_image=\u00bboff\u00bb parallax=\u00bboff\u00bb parallax_method=\u00bbon\u00bb background_size=\u00bbcover\u00bb background_position=\u00bbcenter\u00bb background_repeat=\u00bbno-repeat\u00bb background_blend=\u00bbnormal\u00bb allow_player_pause=\u00bboff\u00bb background_video_pause_outside_viewport=\u00bbon\u00bb use_bg_overlay=\u00bboff\u00bb use_text_overlay=\u00bboff\u00bb text_border_radius=\u00bb3&#8243; alignment=\u00bbcenter\u00bb child_filter_hue_rotate=\u00bb0deg\u00bb child_filter_saturate=\u00bb100%\u00bb child_filter_brightness=\u00bb100%\u00bb child_filter_contrast=\u00bb100%\u00bb child_filter_invert=\u00bb0%\u00bb child_filter_sepia=\u00bb0%\u00bb child_filter_opacity=\u00bb100%\u00bb child_filter_blur=\u00bb0px\u00bb child_mix_blend_mode=\u00bbnormal\u00bb background_layout=\u00bbdark\u00bb text_shadow_style=\u00bbnone\u00bb header_text_shadow_style=\u00bbnone\u00bb body_text_shadow_style=\u00bbnone\u00bb custom_button=\u00bboff\u00bb button_bg_use_color_gradient=\u00bboff\u00bb button_bg_color_gradient_overlays_image=\u00bboff\u00bb button_use_icon=\u00bbon\u00bb button_on_hover=\u00bbon\u00bb button_text_shadow_style=\u00bbnone\u00bb box_shadow_style_button=\u00bbnone\u00bb text_shadow_horizontal_length=\u00bb0em\u00bb text_shadow_vertical_length=\u00bb0em\u00bb text_shadow_blur_strength=\u00bb0em\u00bb header_text_shadow_horizontal_length=\u00bb0em\u00bb header_text_shadow_vertical_length=\u00bb0em\u00bb header_text_shadow_blur_strength=\u00bb0em\u00bb body_text_shadow_horizontal_length=\u00bb0em\u00bb body_text_shadow_vertical_length=\u00bb0em\u00bb body_text_shadow_blur_strength=\u00bb0em\u00bb button_text_shadow_horizontal_length=\u00bb0em\u00bb button_text_shadow_vertical_length=\u00bb0em\u00bb button_text_shadow_blur_strength=\u00bb0em\u00bb \/][\/et_pb_fullwidth_slider][\/et_pb_section][et_pb_section bb_built=\u00bb1&#8243; fullwidth=\u00bbon\u00bb specialty=\u00bboff\u00bb prev_background_color=\u00bb#000000&#8243;][et_pb_fullwidth_image _builder_version=\u00bb3.2.2&#8243; src=\u00bbhttps:\/\/www.cazorla.es\/bluescazorla06\/wp-content\/uploads\/2018\/07\/Inferior3.jpg\u00bb \/][\/et_pb_section]<\/p>\n","protected":false},"excerpt":{"rendered":"<p>[et_pb_section bb_built=\u00bb1&#8243; fullwidth=\u00bboff\u00bb specialty=\u00bboff\u00bb next_background_color=\u00bb#000000&#8243;][et_pb_row][et_pb_column type=\u00bb1_2&#8243;][et_pb_blurb _builder_version=\u00bb3.2.2&#8243; title=\u00bbNat Simons\u00bb text_orientation=\u00bbjustified\u00bb] Nat Simons,\u00a0cantante y compositora espa\u00f1ola, es a d\u00eda de hoy uno de los mayores referentes de la americana music en Espa\u00f1a. Nat Simons comenz\u00f3 su carrera gracias a Bob Dylan, quien la inspir\u00f3 en sus primeras composiciones. En estos a\u00f1os de carrera Nat Simons ha [&hellip;]<\/p>\n","protected":false},"author":2,"featured_media":0,"parent":0,"menu_order":0,"comment_status":"closed","ping_status":"closed","template":"","meta":{"_et_pb_use_builder":"on","_et_pb_old_content":"","_et_gb_content_width":"","footnotes":""},"_links":{"self":[{"href":"https:\/\/www.cazorla.es\/bluescazorla06\/wp-json\/wp\/v2\/pages\/2610"}],"collection":[{"href":"https:\/\/www.cazorla.es\/bluescazorla06\/wp-json\/wp\/v2\/pages"}],"about":[{"href":"https:\/\/www.cazorla.es\/bluescazorla06\/wp-json\/wp\/v2\/types\/page"}],"author":[{"embeddable":true,"href":"https:\/\/www.cazorla.es\/bluescazorla06\/wp-json\/wp\/v2\/users\/2"}],"replies":[{"embeddable":true,"href":"https:\/\/www.cazorla.es\/bluescazorla06\/wp-json\/wp\/v2\/comments?post=2610"}],"version-history":[{"count":3,"href":"https:\/\/www.cazorla.es\/bluescazorla06\/wp-json\/wp\/v2\/pages\/2610\/revisions"}],"predecessor-version":[{"id":2939,"href":"https:\/\/www.cazorla.es\/bluescazorla06\/wp-json\/wp\/v2\/pages\/2610\/revisions\/2939"}],"wp:attachment":[{"href":"https:\/\/www.cazorla.es\/bluescazorla06\/wp-json\/wp\/v2\/media?parent=2610"}],"curies":[{"name":"wp","href":"https:\/\/api.w.org\/{rel}","templated":true}]}}