{"id":2301,"date":"2024-03-05T09:02:23","date_gmt":"2024-03-05T09:02:23","guid":{"rendered":"http:\/\/www.cazorla.es\/bluescazorla06\/?page_id=2301"},"modified":"2025-07-03T08:28:10","modified_gmt":"2025-07-03T08:28:10","slug":"bluescazorla-blues-battle-2018","status":"publish","type":"page","link":"https:\/\/www.cazorla.es\/bluescazorla06\/","title":{"rendered":"BluesCarzola 2025"},"content":{"rendered":"\n<div class=\"wp-block-buttons is-content-justification-center is-layout-flex wp-container-core-buttons-is-layout-1 wp-block-buttons-is-layout-flex\">\n<div class=\"wp-block-button\"><a class=\"wp-block-button__link has-text-align-center wp-element-button\" href=\"https:\/\/www.enterticket.es\/eventos\/bluescazorla-2025-499506\">Comprar entradas y abonos para el BluesCazorla 205<\/a><\/div>\n<\/div>\n\n\n\n<figure class=\"wp-block-image size-large\"><img loading=\"lazy\" decoding=\"async\" width=\"724\" height=\"1024\" src=\"https:\/\/www.cazorla.es\/bluescazorla06\/wp-content\/uploads\/2025\/07\/01-Cartel-Blues-Cazorla-2025-724x1024.jpg\" alt=\"\" class=\"wp-image-4543\"\/><\/figure>\n\n\n<div class=\"wp-block-image\">\n<figure class=\"aligncenter size-large is-resized\"><img loading=\"lazy\" decoding=\"async\" width=\"724\" height=\"1024\" src=\"https:\/\/www.cazorla.es\/bluescazorla06\/wp-content\/uploads\/2025\/06\/WhatsApp-Image-2025-06-20-at-13.32.14-724x1024.jpeg\" alt=\"\" class=\"wp-image-4538\" style=\"width:598px;height:auto\"\/><\/figure><\/div>\n\n\n<p><strong>BLUESCAZORLA 2025 &#8211; CARTEL COMPLETO PLAZA DE TOROS Y HORARIOS<\/strong><\/p>\n\n\n<div class=\"wp-block-image\">\n<figure class=\"aligncenter size-large is-resized\"><img loading=\"lazy\" decoding=\"async\" width=\"724\" height=\"1024\" src=\"https:\/\/www.cazorla.es\/bluescazorla06\/wp-content\/uploads\/2025\/06\/CARTEL-BC-2025-A4-724x1024.jpg\" alt=\"\" class=\"wp-image-4535\" style=\"width:709px;height:auto\"\/><\/figure><\/div>\n\n\n<p><strong>BluesCarzola 2025 incorpora a su cartel a Bobby Rush, Chicago Blues Summer Tour, Deltonos y Robbin Kapsalis and the Giles Robson<\/strong><\/p>\n\n\n\n<p><strong>EL FESTIVAL DE BLUES TENDR\u00c1 LUGAR LOS D\u00cdAS 3, 4 Y 5 DE JULIO EN CAZORLA (JA\u00c9N)<\/strong><\/p>\n\n\n\n<p><strong>Los abonos ya se pueden adquirir en bluescazorla.es, enterticket.es y riffmusic.es&nbsp;<\/strong><\/p>\n\n\n\n<div class=\"wp-block-buttons is-content-justification-center is-layout-flex wp-container-core-buttons-is-layout-2 wp-block-buttons-is-layout-flex\">\n<div class=\"wp-block-button\"><a class=\"wp-block-button__link has-text-align-center wp-element-button\" href=\"https:\/\/www.enterticket.es\/eventos\/bluescazorla-2025-499506\">Comprar abono BluesCazorla<\/a><\/div>\n<\/div>\n\n\n<div class=\"wp-block-image\">\n<figure class=\"aligncenter size-large is-resized\"><img loading=\"lazy\" decoding=\"async\" width=\"819\" height=\"1024\" src=\"https:\/\/www.cazorla.es\/bluescazorla06\/wp-content\/uploads\/2025\/06\/CARTEL-BC-2025-1080x1350-enterticket-819x1024.jpg\" alt=\"BluesCazorla Cartel 2025\" class=\"wp-image-4530\" style=\"width:568px;height:auto\"\/><\/figure><\/div>\n\n\n<h2 class=\"wp-block-heading\"><strong>Devon Allman, Diunna Greenleaf, Nikki Hill y The Cinelli Brothers junto con North Mississippi Allstars son los primeros artistas confirmados del BluesCarzola 2025.<\/strong><\/h2>\n\n\n\n<p><strong>EL FESTIVAL DE BLUES TENDR\u00c1 LUGAR LOS D\u00cdAS 3, 4 Y 5 DE JULIO EN CAZORLA (JA\u00c9N<\/strong>)<\/p>\n\n\n\n<p><strong>Cazorla<\/strong> acoger\u00e1, un a\u00f1o m\u00e1s, uno de los festivales de blues m\u00e1s importantes del mundo. Tras el anuncio de <strong>North Mississippi Allstar<\/strong> como primer confirmado se unen al cartel, <strong>Devon Allman<\/strong>, un artista que lleva el blues y rock en su ADN. Con un sonido distintivo ha dado forma a su m\u00fasica desde que empez\u00f3 a tocar la guitarra de adolescente, hasta sus recientes \u00e1lbumes con la Allman Betts Band. La gran <strong>Diunna Greenleaf<\/strong> aterriza en <strong>BluesCazorla<\/strong> por primera vez. L\u00edder de Blue Marcy, es nativa de Texas, con una formaci\u00f3n impregnada en m\u00fasica g\u00f3spel. Influenciada por artistas como Koko Taylor, Aretha Franklin, Rosetta Thorpe, Sam Cooke, Charles Brown y sus propios padres Ben &amp; Mary Ella Greenleaf, ha desarrollado su propio estilo siguiendo la tradici\u00f3n de otros tantos grandes del blues tejano. Combina pinceladas de jazz, g\u00f3spel y soul para crear un blues amable que nos lleva a una monta\u00f1a rusa emocional. <strong>Nikki Hill<\/strong> no necesita presentaciones, vieja conocida del festival vuelve para revolucionar al p\u00fablico y presentar parte de su nuevo trabajo en el que lleva trabajando los \u00faltimos meses. Nikki siempre es garant\u00eda de \u00e9xito. Los \u00faltimos primeros artistas confirmamos son <strong>The Cinelli Brothers<\/strong>, una banda que no pudieron asistir en 2023 pero que esta vez vienen con m\u00e1s fuerza que nunca para saldar la deuda pendiente.<\/p>\n\n\n\n<figure class=\"wp-block-pullquote\"><blockquote><p><strong>VII BLUESCAZORLA BLUES BATTLE (INSCRIPCIONES HASTA EL 16 DE MARZO)<\/strong><\/p><cite>\u00a1Te lo vas a perder!<\/cite><\/blockquote><\/figure>\n\n\n\n<p class=\"has-text-align-center\"><strong>Publicadas las Bases del VII Concurso Bluescazorla Blues Batlle 202<\/strong>4<br><br>\u00bfTienes una banda y sue\u00f1as con actuar en la pr\u00f3xima edici\u00f3n del Festival Bluescazorla?<br><br>Vuelve La Batalla de Bandas 2025. Con 1.500 euros en premios.<br>1.000 euros para el Ganador + actuaci\u00f3n en Bluescazorla.<br>500 euros para el Segundo Clasificado + actuaci\u00f3n en Bluescazorla.<br><\/p>\n\n\n\n<p class=\"has-text-align-center\"><strong>Formulario de inscripci\u00f3n:<\/strong> <a href=\"https:\/\/docs.google.com\/forms\/d\/e\/1FAIpQLSdWsnNnoALTRYyaYeQCeNTAsIHydCp1pAV1qa0st-VCntLIwQ\/viewform?usp=sharing\">https:\/\/docs.google.com\/forms\/d\/e\/1FAIpQLSdWsnNnoALTRYyaYeQCeNTAsIHydCp1pAV1qa0st-VCntLIwQ\/viewform?usp=sharing<\/a><\/p>\n\n\n\n<p class=\"has-text-align-center\"><strong>Bases del concurso: <\/strong><a href=\"https:\/\/drive.google.com\/file\/d\/1L5RpQtWuDC4RTxefJCRRPtTt9O7m283d\/view?fbclid=IwY2xjawI1GQVleHRuA2FlbQIxMAABHYCCzf7JBaWmC2RSabQrHakhEU7CcogAv7gh1iyXrHE2Y3rIiO6OfS76FA_aem_npqyoVk_TZ7Cgj3qlWc4TA\">https:\/\/drive.google.com\/file\/d\/1L5RpQtWuDC4RTxefJCRRPtTt9O7m283d\/view?fbclid=IwY2xjawI1GQVleHRuA2FlbQIxMAABHYCCzf7JBaWmC2RSabQrHakhEU7CcogAv7gh1iyXrHE2Y3rIiO6OfS76FA_aem_npqyoVk_TZ7Cgj3qlWc4TA<\/a><\/p>\n\n\n<div class=\"wp-block-image\">\n<figure class=\"aligncenter size-large\"><img loading=\"lazy\" decoding=\"async\" width=\"724\" height=\"1024\" src=\"https:\/\/www.cazorla.es\/bluescazorla06\/wp-content\/uploads\/2025\/03\/VII-Bluescazorla-Blues-Battle-Logotipos-724x1024.jpg\" alt=\"\" class=\"wp-image-4508\"\/><\/figure><\/div>\n\n\n<h1 class=\"wp-block-heading\">NORTH MISSISSIPPI ALLSTARS PRIMEROS CONFIRMADOS EN EL BLUESCAZORLA 2025<\/h1>\n\n\n\n<h2 class=\"wp-block-heading\"><strong>EL FESTIVAL DE BLUES MAS PRESTIGIOSOS DEL PA\u00cdS SE CELEBRAR\u00c1 LOS D\u00cdAS 3, 4 Y 5 DE JULIO EN LAS CALLES DE CAZORLA (JA\u00c9N)<\/strong>.<\/h2>\n\n\n<div class=\"wp-block-image\">\n<figure class=\"aligncenter size-large is-resized\"><img loading=\"lazy\" decoding=\"async\" width=\"1024\" height=\"538\" src=\"https:\/\/www.cazorla.es\/bluescazorla06\/wp-content\/uploads\/2025\/02\/5cazorla1200x630-1024x538.jpg\" alt=\"\" class=\"wp-image-4501\" style=\"width:842px;height:auto\" srcset=\"https:\/\/www.cazorla.es\/bluescazorla06\/wp-content\/uploads\/2025\/02\/5cazorla1200x630-1024x538.jpg 1024w, https:\/\/www.cazorla.es\/bluescazorla06\/wp-content\/uploads\/2025\/02\/5cazorla1200x630-980x515.jpg 980w, https:\/\/www.cazorla.es\/bluescazorla06\/wp-content\/uploads\/2025\/02\/5cazorla1200x630-480x252.jpg 480w\" sizes=\"(min-width: 0px) and (max-width: 480px) 480px, (min-width: 481px) and (max-width: 980px) 980px, (min-width: 981px) 1024px, 100vw\" \/><\/figure><\/div>\n\n\n<p><\/p>\n\n\n\n<p>Los flamantes&nbsp;<strong>North Mississippi Allstars<\/strong>&nbsp;son los primeros artistas confirmados de la vig\u00e9simo octava edici\u00f3n del Festival de Blues de Cazorla. El festival, enmarcado en un paraje \u00fanico como es la sierra de Cazorla acoger\u00e1 un nuevo a\u00f1o a las estrellas m\u00e1s importante y prestigiosas del blues del mundo.&nbsp; Los d\u00edas&nbsp;<strong>3, 4 y 5 de julio<\/strong>, las calles&nbsp;<strong>de Cazorla (Ja\u00e9n)<\/strong>, se volver\u00e1n a te\u00f1ir de m\u00fasica en uno de los acontecimientos m\u00e1s importantes del mundo.&nbsp;<\/p>\n\n\n\n<p>Despu\u00e9s de 25 a\u00f1os, doce \u00e1lbumes, cinco nominaciones a los premios GRAMMY\u00ae y conciertos con entradas agotadas en todas partes,&nbsp;<strong>North Mississippi Allstars<\/strong>&nbsp;viene a presentar su decimotercer \u00e1lbum, \u201c<em>Set Sail<\/em>\u201d.&nbsp;<\/p>\n\n\n\n<p>Seg\u00fan cuenta la leyenda,&nbsp;<strong>Luther y Cody Dickinson<\/strong>&nbsp;fundaron la banda en 1996 como un colectivo de m\u00fasicos de segunda generaci\u00f3n con ideas afines que compart\u00edan un repertorio local y un estilo regional.&nbsp;<\/p>\n\n\n\n<p>A lo largo de los a\u00f1os, la formaci\u00f3n fue cambiando, y cada disco posterior ofrec\u00eda una combinaci\u00f3n diferente de colaboradores. En esta ocasi\u00f3n, contaron con el talento de&nbsp;<strong>Jesse Williams<\/strong>&nbsp;al bajo y&nbsp;<strong>Lamar Williams, JR<\/strong>. a la voz. Durante el&nbsp;<strong>Allman Betts Band Family Revival<\/strong>, los Dickinson se unieron por primera vez a Lamar, hijo del bajista de los Allman Brothers, Lamar Williams, Sr., haci\u00e9ndose amigos y colaboradores r\u00e1pidamente y, finalmente, allanando el camino para Set Sail.<\/p>\n\n\n\n<p>Los hermanos Dickinson han grabado y girado con&nbsp;<strong>Mavis Staples, Charlie Musslewhite, John Hiatt, Robert Plant y Patty Griffin, G Love, Jon Spencer, la Tedeschi Trucks Band, Los Lobos y los Black Crowes<\/strong>. Mientras tanto, su disco debut,&nbsp;<em>Shake hands with Shorty<\/em>&nbsp;(2000), le vali\u00f3 a la banda&nbsp;la primera de cinco nominaciones a los GRAMMY\u00ae, y cambi\u00f3 la vida de los hermanos Dickinson para siempre.<\/p>\n\n\n\n<p><\/p>\n\n\n\n<h1 class=\"wp-block-heading\"><strong>CARTEL COMPLETO Y HORARIOS<\/strong>.<\/h1>\n\n\n\n<div class=\"wp-block-buttons is-content-justification-center is-layout-flex wp-container-core-buttons-is-layout-3 wp-block-buttons-is-layout-flex\">\n<div class=\"wp-block-button is-style-outline\"><a class=\"wp-block-button__link has-vivid-red-color has-white-background-color has-text-color has-background wp-element-button\" href=\"https:\/\/www.enterticket.es\/eventos\/bluescazorla-2024-538961\" target=\"_blank\" rel=\"noreferrer noopener\"><strong>Compra aqu\u00ed tu abono del BluesCazorla 2024<\/strong><\/a><\/div>\n<\/div>\n\n\n<div class=\"wp-block-image\">\n<figure class=\"aligncenter size-large\"><img loading=\"lazy\" decoding=\"async\" width=\"819\" height=\"1024\" src=\"https:\/\/www.cazorla.es\/bluescazorla06\/wp-content\/uploads\/2024\/07\/cartel-BANDAS-redes-1080x1350-TODOS-1-819x1024.jpg\" alt=\"\" class=\"wp-image-4490\"\/><\/figure><\/div>\n\n\n<h1 class=\"wp-block-heading\"><strong>BILLY BRANCH, ANA POPOVIC, KENNY \u201cBLUES BOSS\u201d WAYNE, LOS REYES DEL KO Y THE SOUL JACKET SE UNEN A LA PROGRAMACION DEL BLUESCAZORLA 2024<\/strong>.<\/h1>\n\n\n\n<div class=\"wp-block-buttons is-content-justification-center is-layout-flex wp-container-core-buttons-is-layout-4 wp-block-buttons-is-layout-flex\">\n<div class=\"wp-block-button is-style-outline\"><a class=\"wp-block-button__link has-vivid-red-color has-white-background-color has-text-color has-background wp-element-button\" href=\"https:\/\/www.enterticket.es\/eventos\/bluescazorla-2024-538961\" target=\"_blank\" rel=\"noreferrer noopener\"><strong>Compra aqu\u00ed tu abono del BluesCazorla 2024<\/strong><\/a><\/div>\n<\/div>\n\n\n<div class=\"wp-block-image\">\n<figure class=\"aligncenter size-large\"><img loading=\"lazy\" decoding=\"async\" width=\"819\" height=\"1024\" src=\"https:\/\/www.cazorla.es\/bluescazorla06\/wp-content\/uploads\/2024\/07\/cartel-BANDAS-redes-1080x1350-1-819x1024.jpg\" alt=\"\" class=\"wp-image-4491\"\/><\/figure><\/div>\n\n\n<p>Con la confirmaci\u00f3n de estos nuevos artistas se completa la programaci\u00f3n en el escenario de la plaza de toros. Pronto se dar\u00e1n a conocer el resto de nombres que actuar\u00e1n durante los 3 d\u00edas del festival en los diferentes escenarios repartidos por&nbsp;<strong>Cazorla<\/strong>&nbsp;(Ja\u00e9n) y que inundar\u00e1n de m\u00fasica todas sus calles trayendo congregando a los artistas m\u00e1s importantes y relevantes de del panorama actual convirtiendo a Cazorla en&nbsp;<strong>la ciudad por excelencia del Blues<\/strong>.<\/p>\n\n\n\n<p><strong>Billy Branch And Sons of Blues<\/strong>&nbsp;llega a Cazorla por primera vez con su banda americana. Es ganador de un&nbsp;premio Emmy,&nbsp;tres veces nominado a los premios Grammy&nbsp;y gobernador retirado de los Grammy. Ha ganado m\u00faltiples&nbsp;<strong>Blues Keeping the Blues Alive Awards<\/strong>&nbsp;por sus programas Blues in Schools. Adem\u00e1s, Branch forma parte del Consejo de Administraci\u00f3n de la Sons of Blues Foundation y de la Little Walter Foundation. Branch tambi\u00e9n ha recibido tambi\u00e9n ha recibido un&nbsp;<strong>premio Addy<\/strong>, que es como un Oscar de la publicidad televisiva, por su trabajo en anuncios de TV.<\/p>\n\n\n\n<p>Lleva casi cincuenta a\u00f1os presentando la rica herencia cultural del blues estadounidense a p\u00fablicos de todo el mundo. Es uno de los \u00faltimos bluesmen vivos que ha tenido como mentores a los gigantes del blues, como&nbsp;<strong>Willie Dixon<\/strong>,&nbsp;<strong>Junior Wells<\/strong>,&nbsp;<strong>James Cotton,<\/strong>&nbsp;etc. Ha grabado m\u00e1s de 300 discos, quince de ellos con su propio nombre.<\/p>\n\n\n\n<p><strong>Ana Popovic<\/strong>&nbsp;es una galardonada guitarrista de gira combina el funk el\u00e9ctrico y la guitarra slide, instrumentales jazz\u00edsticos y un ritmo de blues muy marcado con una voz femenina y conmovedora. A ello se a\u00f1ade su incre\u00edble presencia esc\u00e9nica, que la convierte en una fuerza irresistible en el mundo de la m\u00fasica blues contempor\u00e1nea. Popovic forma parte de un selecto grupo de excelentes guitarristas de blues modernos. En esta ocasi\u00f3n&nbsp;viene acompa\u00f1ada de su secci\u00f3n de vientos&nbsp;algo que potenciar\u00e1 sin duda su espectacular puesta en escena.<\/p>\n\n\n\n<p>La composici\u00f3n art\u00edstica de&nbsp;<strong>Kenny \u00abBlues Boss\u00bb Wayne<\/strong>, resulta evidente y abarca un impresionante abanico de talentos y conocimientos. Una rara combinaci\u00f3n de habilidades entrelazadas y, de hecho, bien perfeccionadas que pintan el cuadro de un artista completo y no tan f\u00e1cil de definir, a pesar de su \u00abdirecto\u00bb y apropiado apodo \u00abBlues Boss\u00bb.<\/p>\n\n\n\n<p>Wayne se convirti\u00f3 en uno de los faros de la escena del blues canadiense hace un par de d\u00e9cadas. Su forma de tocar el piano, suave pero robusta, y su voz fresca y conmovedora se inyectan en un canon de melod\u00edas originales que pueden llevar a su p\u00fablico por todo un viaje.<\/p>\n\n\n\n<p>La escena del blues nacional y europeo no se puede entender sin figuras com<strong>o Los Reyes de KO<\/strong>. Banda formada por&nbsp;<strong>Adri\u00e1n Costa<\/strong>,&nbsp;<strong>Marcos Coll, Javier Vacas<\/strong>&nbsp;y&nbsp;<strong>Antonio \u00c1lvarez \u201cPax\u201d<\/strong>. Con base en Berl\u00edn, son una de las bandas m\u00e1s activas y se han convertido en una gran referencia e los \u00faltimos a\u00f1os.<\/p>\n\n\n\n<p>El cartel lo completan T<strong>he Soul Jacket<\/strong>, que vienen a presentar su \u00faltimo disco Kick Radio, su primer trabajo conceptual, un ejercicio de versatilidad, eclecticismo y por momentos mimetismo, simplemente apabullante y ciertamente desconcertante. En su anterior trabajo Let me Stand hab\u00eda ya muestras de esta salida salvaje por la tangente, pero lo de K.I.C.K Radio es de traca. The Soul Jacket proponen un viaje sonoro por las ondas de una pretendida estaci\u00f3n de radio USA en la \u00e9poca dorada de la radiodifusi\u00f3n musical de finales de los 60, como si de muchos artistas distintos se tratase.<\/p>\n\n\n\n<h1 class=\"wp-block-heading\"><strong>FANTASTIC NEGRITO, MIKE FARRIS &amp; THE FORTUNATE FEW, MR. SIPP, THE STEEPWATER BAND, RAY COLLINS HOT CLUB, ERIC JOHANSON Y EDDY SMITH &amp; THE 507 SON LAS PRIMERAS CONFIRMACIONES DE LA VIG\u00c9SIMO OCTAVA EDICI\u00d3N DE BLUESCAZORLA<br><br>EL FESTIVAL DE BLUES DE CAZORLA SE CELEBRAR\u00c1 LOS D\u00cdAS 4, 5 Y 6 DE JULIO EN CAZORLA (JA\u00c9N) Y ACOGER\u00c1 A LOS ARTISTAS MAS IMPORTANTES DEL PANORAMA ACTUAL.<\/strong><\/h1>\n\n\n\n<div class=\"wp-block-buttons is-content-justification-center is-layout-flex wp-container-core-buttons-is-layout-5 wp-block-buttons-is-layout-flex\">\n<div class=\"wp-block-button is-style-outline\"><a class=\"wp-block-button__link has-vivid-red-color has-white-background-color has-text-color has-background wp-element-button\" href=\"https:\/\/www.enterticket.es\/eventos\/bluescazorla-2024-538961\" target=\"_blank\" rel=\"noreferrer noopener\"><strong>Compra aqu\u00ed tu abono del BluesCazorla 2024<\/strong><\/a><\/div>\n<\/div>\n\n\n<div class=\"wp-block-image\">\n<figure class=\"aligncenter size-large\"><a href=\"https:\/\/www.enterticket.es\/eventos\/bluescazorla-2024-538961\"><img loading=\"lazy\" decoding=\"async\" width=\"819\" height=\"1024\" src=\"https:\/\/www.cazorla.es\/bluescazorla06\/wp-content\/uploads\/2024\/03\/cartel-BANDAS-redes-1080x1350-1-819x1024.jpg\" alt=\"\" class=\"wp-image-4461\"\/><\/a><\/figure><\/div>\n\n\n<p>Este a\u00f1o no podr\u00eda ser menos y ya se han dado a conocer los primeros nombres que estar\u00e1n los d\u00edas&nbsp;4, 5 y 6 de julio en la plaza de toros de Cazorla.&nbsp;<strong>Fantastic Negrigo<\/strong>, ganador de un Grammy al mejor \u00e1lbum de blues contempor\u00e1neo en 2016 y 2020 es el primer confirmado. Urgente y visceral, con rabia, protesta y autograf\u00eda, as\u00ed se define grande de la m\u00fasica negra.<\/p>\n\n\n\n<p>Una mezcla de lo espiritual y lo terrenal, del g\u00f3spel y el rock and roll, de la fe y el fuego,&nbsp;<strong>Mike Farris<\/strong>, tiene lo que la revista&nbsp;<strong>Rolling Stone<\/strong>&nbsp;describi\u00f3 como: \u201c<em>una voz sobrenatural que combina la electricidad del s\u00e1bado noches con la gracia divina de un domingo por la ma\u00f1ana<\/em>\u201d. Su voz es conocida masivamente por su potencia y alcance. Sus l\u00edneas vocales llegan desde las entra\u00f1as del Sur, hasta los clubs de Nueva York.<\/p>\n\n\n\n<p>Otro grande que se espera con impaciencia es&nbsp;<strong>Mr Sipp<\/strong>. Desde que comenzara a tocar la guitarra a los 6 a\u00f1os, se ha convertido en una Fuerza Delta Blues a tener en cuenta. Reconocido por su incre\u00edble voz, capacidad de composici\u00f3n, musicalidad, capacidad para producir discos y entretener a los fans con un espect\u00e1culo optimista y extravagante.<\/p>\n\n\n\n<p><strong>The Steepwater Band<\/strong>&nbsp;vienen al Blues a presentar su sexto \u00e1lbum de estudio y el primero en m\u00e1s de 4 a\u00f1os \u201c<em>Shake your Faith<\/em>\u201d. Aqu\u00ed se podr\u00e1 apreciar la evoluci\u00f3n de la banda tanto en sonido como en composici\u00f3n, pero conservando su verdadera naturaleza. Por su parte,&nbsp;<strong>Ray Collins Hot Club<\/strong>&nbsp;a la lo propio con \u201c<em>When night comes to Berlin<\/em>\u201d, lo nuevo de la Big Band m\u00e1s explosiva de Europa.<\/p>\n\n\n\n<p><strong>Eric Johanson<\/strong>&nbsp;y los fant\u00e1sticos&nbsp;<strong>Eddy Smith &amp; The 507<\/strong>&nbsp;cierran este primer bloque de artistas confirmados. Habr\u00e1 que poner el o\u00eddo a Eddy Smith que se ha convertido en los \u00faltimos a\u00f1os en la gran promesa de la creciente escena de m\u00fasica de ra\u00edces americanas en el Reino Unido. Es uno de los mejores vocalistas en activo y ha sido comparado con nada menos que&nbsp;<strong>Joe Cocker, JJ Grey<\/strong>&nbsp;o&nbsp;<strong>Ray Lamontagne<\/strong>, entre otros.Sin duda un gran aperitivo al que se le sumar\u00e1n pr\u00f3ximamente m\u00e1s bandas que se encargar\u00e1n de llenar, un a\u00f1o m\u00e1s, las calles de Cazorla del mejor blues del mundo.<\/p>\n\n\n\n<h1 class=\"wp-block-heading has-text-align-center\" style=\"font-style:normal;font-weight:700\">4, 5 y 6 de julio (Cazorla) &#8211; Nuevos abonos a la venta<\/h1>\n\n\n\n<figure class=\"wp-block-gallery aligncenter has-nested-images columns-default is-cropped wp-block-gallery-1 is-layout-flex wp-block-gallery-is-layout-flex\">\n<figure class=\"wp-block-image size-large\"><img loading=\"lazy\" decoding=\"async\" width=\"1024\" height=\"538\" data-id=\"4457\" src=\"https:\/\/www.cazorla.es\/bluescazorla06\/wp-content\/uploads\/2024\/02\/cartel-abonos-redes-1200x630-abono85-1024x538.jpg\" alt=\"\" class=\"wp-image-4457\" srcset=\"https:\/\/www.cazorla.es\/bluescazorla06\/wp-content\/uploads\/2024\/02\/cartel-abonos-redes-1200x630-abono85-980x515.jpg 980w, https:\/\/www.cazorla.es\/bluescazorla06\/wp-content\/uploads\/2024\/02\/cartel-abonos-redes-1200x630-abono85-480x252.jpg 480w\" sizes=\"(min-width: 0px) and (max-width: 480px) 480px, (min-width: 481px) and (max-width: 980px) 980px, (min-width: 981px) 1024px, 100vw\" \/><\/figure>\n<\/figure>\n\n\n\n<div class=\"wp-block-buttons is-content-justification-center is-layout-flex wp-container-core-buttons-is-layout-6 wp-block-buttons-is-layout-flex\">\n<div class=\"wp-block-button is-style-outline\"><a class=\"wp-block-button__link has-vivid-red-color has-white-background-color has-text-color has-background wp-element-button\" href=\"https:\/\/www.enterticket.es\/eventos\/bluescazorla-2024-538961\" target=\"_blank\" rel=\"noreferrer noopener\"><strong>Compra aqu\u00ed tu abono del BluesCazorla 2024<\/strong><\/a><\/div>\n<\/div>\n\n\n\n<h1 class=\"wp-block-heading has-text-align-center\" style=\"font-style:normal;font-weight:700\">4, 5 y 6 de julio (Cazorla) &#8211; Primeros 500 abonos a la venta<\/h1>\n\n\n<div class=\"wp-block-image\">\n<figure class=\"aligncenter size-large\"><a href=\"https:\/\/www.enterticket.es\/eventos\/bluescazorla-2024-538961\"><img loading=\"lazy\" decoding=\"async\" width=\"1024\" height=\"538\" src=\"https:\/\/www.cazorla.es\/bluescazorla06\/wp-content\/uploads\/2024\/01\/cartel-abonos-redes-1200x630-1-1024x538.jpg\" alt=\"\" class=\"wp-image-4444\" srcset=\"https:\/\/www.cazorla.es\/bluescazorla06\/wp-content\/uploads\/2024\/01\/cartel-abonos-redes-1200x630-1-1024x538.jpg 1024w, https:\/\/www.cazorla.es\/bluescazorla06\/wp-content\/uploads\/2024\/01\/cartel-abonos-redes-1200x630-1-980x515.jpg 980w, https:\/\/www.cazorla.es\/bluescazorla06\/wp-content\/uploads\/2024\/01\/cartel-abonos-redes-1200x630-1-480x252.jpg 480w\" sizes=\"(min-width: 0px) and (max-width: 480px) 480px, (min-width: 481px) and (max-width: 980px) 980px, (min-width: 981px) 1024px, 100vw\" \/><\/a><\/figure><\/div>\n\n\n<div class=\"wp-block-buttons is-content-justification-center is-layout-flex wp-container-core-buttons-is-layout-7 wp-block-buttons-is-layout-flex\">\n<div class=\"wp-block-button is-style-outline\"><a class=\"wp-block-button__link has-vivid-red-color has-white-background-color has-text-color has-background wp-element-button\" href=\"https:\/\/www.enterticket.es\/eventos\/bluescazorla-2024-538961\" target=\"_blank\" rel=\"noreferrer noopener\"><strong>Compra aqu\u00ed tu abono del BluesCazorla 2024<\/strong><\/a><\/div>\n<\/div>\n\n\n\n<div class=\"wp-block-buttons is-content-justification-center is-layout-flex wp-container-core-buttons-is-layout-8 wp-block-buttons-is-layout-flex\"><\/div>\n\n\n\n<hr class=\"wp-block-separator has-alpha-channel-opacity\"\/>\n\n\n\n<h1 class=\"wp-block-heading has-text-align-center\" style=\"font-style:normal;font-weight:700\"><\/h1>\n\n\n\n<p><\/p>\n\n\n\n<p class=\"has-text-align-center\"><\/p>\n\n\n\n<p class=\"has-text-align-center\"><\/p>\n","protected":false},"excerpt":{"rendered":"<p>BLUESCAZORLA 2025 &#8211; CARTEL COMPLETO PLAZA DE TOROS Y HORARIOS BluesCarzola 2025 incorpora a su cartel a Bobby Rush, Chicago Blues Summer Tour, Deltonos y Robbin Kapsalis and the Giles Robson EL FESTIVAL DE BLUES TENDR\u00c1 LUGAR LOS D\u00cdAS 3, 4 Y 5 DE JULIO EN CAZORLA (JA\u00c9N) Los abonos ya se pueden adquirir en [&hellip;]<\/p>\n","protected":false},"author":2,"featured_media":0,"parent":0,"menu_order":0,"comment_status":"closed","ping_status":"closed","template":"","meta":{"_et_pb_use_builder":"on","_et_pb_old_content":"","_et_gb_content_width":"","footnotes":""},"_links":{"self":[{"href":"https:\/\/www.cazorla.es\/bluescazorla06\/wp-json\/wp\/v2\/pages\/2301"}],"collection":[{"href":"https:\/\/www.cazorla.es\/bluescazorla06\/wp-json\/wp\/v2\/pages"}],"about":[{"href":"https:\/\/www.cazorla.es\/bluescazorla06\/wp-json\/wp\/v2\/types\/page"}],"author":[{"embeddable":true,"href":"https:\/\/www.cazorla.es\/bluescazorla06\/wp-json\/wp\/v2\/users\/2"}],"replies":[{"embeddable":true,"href":"https:\/\/www.cazorla.es\/bluescazorla06\/wp-json\/wp\/v2\/comments?post=2301"}],"version-history":[{"count":162,"href":"https:\/\/www.cazorla.es\/bluescazorla06\/wp-json\/wp\/v2\/pages\/2301\/revisions"}],"predecessor-version":[{"id":4544,"href":"https:\/\/www.cazorla.es\/bluescazorla06\/wp-json\/wp\/v2\/pages\/2301\/revisions\/4544"}],"wp:attachment":[{"href":"https:\/\/www.cazorla.es\/bluescazorla06\/wp-json\/wp\/v2\/media?parent=2301"}],"curies":[{"name":"wp","href":"https:\/\/api.w.org\/{rel}","templated":true}]}}