{"id":1229,"date":"2016-04-15T08:12:22","date_gmt":"2016-04-15T08:12:22","guid":{"rendered":"http:\/\/www.cazorla.es\/bluescazorla06\/?page_id=1229"},"modified":"2019-07-08T12:23:28","modified_gmt":"2019-07-08T12:23:28","slug":"faq","status":"publish","type":"page","link":"https:\/\/www.cazorla.es\/bluescazorla06\/faq\/","title":{"rendered":"FAQ"},"content":{"rendered":"<p>[et_pb_section bb_built=\u00bb1&#8243; admin_label=\u00bbsection\u00bb transparent_background=\u00bboff\u00bb allow_player_pause=\u00bboff\u00bb inner_shadow=\u00bboff\u00bb parallax=\u00bbon\u00bb parallax_method=\u00bbon\u00bb padding_mobile=\u00bboff\u00bb make_fullwidth=\u00bboff\u00bb use_custom_width=\u00bboff\u00bb width_unit=\u00bbon\u00bb make_equal=\u00bboff\u00bb use_custom_gutter=\u00bboff\u00bb custom_padding_tablet=\u00bb50px|0|50px|0&#8243; custom_padding_last_edited=\u00bbon|desktop\u00bb next_background_color=\u00bb#ffffff\u00bb prev_background_color=\u00bb#000000&#8243;][et_pb_row make_fullwidth=\u00bboff\u00bb use_custom_width=\u00bboff\u00bb width_unit=\u00bbon\u00bb use_custom_gutter=\u00bboff\u00bb padding_mobile=\u00bboff\u00bb allow_player_pause=\u00bboff\u00bb parallax=\u00bboff\u00bb parallax_method=\u00bboff\u00bb make_equal=\u00bboff\u00bb parallax_1=\u00bboff\u00bb parallax_method_1=\u00bboff\u00bb column_padding_mobile=\u00bbon\u00bb custom_margin=\u00bb50px|||\u00bb background_position=\u00bbtop_left\u00bb background_repeat=\u00bbrepeat\u00bb background_size=\u00bbinitial\u00bb][et_pb_column type=\u00bb4_4&#8243;][et_pb_testimonial background_color=\u00bb#002234&#8243; text_orientation=\u00bbcenter\u00bb use_border_color=\u00bboff\u00bb custom_margin=\u00bb||50px|\u00bb body_font=\u00bbCherry Cream Soda||||\u00bb body_font_size=\u00bb40&#8243; background_position=\u00bbtop_left\u00bb background_repeat=\u00bbrepeat\u00bb background_size=\u00bbinitial\u00bb _builder_version=\u00bb3.2.2&#8243; quote_icon_background_color=\u00bb#f5f5f5&#8243;]<\/p>\n<h2><span style=\"color: #ffffff;\"><strong>F.A.Q. &#8211;\u00a0Preguntas frecuentes, recomendaciones, punto de informaci\u00f3n.<\/strong><\/span><\/h2>\n<p>[\/et_pb_testimonial][\/et_pb_column][\/et_pb_row][et_pb_row make_fullwidth=\u00bboff\u00bb use_custom_width=\u00bboff\u00bb width_unit=\u00bbon\u00bb use_custom_gutter=\u00bboff\u00bb padding_mobile=\u00bboff\u00bb allow_player_pause=\u00bboff\u00bb parallax=\u00bboff\u00bb parallax_method=\u00bboff\u00bb make_equal=\u00bboff\u00bb parallax_1=\u00bboff\u00bb parallax_method_1=\u00bboff\u00bb column_padding_mobile=\u00bbon\u00bb background_position=\u00bbtop_left\u00bb background_repeat=\u00bbrepeat\u00bb background_size=\u00bbinitial\u00bb][et_pb_column type=\u00bb1_2&#8243;][et_pb_toggle title=\u00bb\u00bfEscenarios Gratuitos?\u00bb open_toggle_background_color=\u00bb#ffffff\u00bb open_toggle_text_color=\u00bb#07698c\u00bb closed_toggle_text_color=\u00bb#07698c\u00bb title_font=\u00bbCherry Cream Soda||||\u00bb title_text_color=\u00bb#ffffff\u00bb body_font=\u00bbCherry Cream Soda|on|on||\u00bb use_border_color=\u00bboff\u00bb title_font_size=\u00bb36&#8243; background_position=\u00bbtop_left\u00bb background_repeat=\u00bbrepeat\u00bb background_size=\u00bbinitial\u00bb _builder_version=\u00bb3.2.2&#8243;]<\/p>\n<h3 style=\"text-align: justify;\">Si, m\u00e1s del 60% del festival es gratuito, el \u00fanico recinto de pago es la Plaza de Toros. El abono te da acceso a TODOS los escenarios.<\/h3>\n<p>[\/et_pb_toggle][et_pb_toggle title=\u00bb\u00bfD\u00f3nde dejo mi coche?\u00bb open_toggle_background_color=\u00bb#ffffff\u00bb open_toggle_text_color=\u00bb#07698c\u00bb closed_toggle_text_color=\u00bb#07698c\u00bb title_font=\u00bbCherry Cream Soda||||\u00bb title_text_color=\u00bb#ffffff\u00bb body_font=\u00bbCherry Cream Soda|on|on||\u00bb use_border_color=\u00bboff\u00bb title_font_size=\u00bb36&#8243; background_position=\u00bbtop_left\u00bb background_repeat=\u00bbrepeat\u00bb background_size=\u00bbinitial\u00bb _builder_version=\u00bb3.2.2&#8243;]<\/p>\n<h3 style=\"text-align: justify;\">Cazorla de Parking, se encuentra en pleno centro y lo tienes se\u00f1alizado, existen otras zonas en Cazorla para dejar tu coche, pero RECUERDA una vez consigas aparcamiento, no muevas tu veh\u00edculo, las distancias entre los escenarios es muy cortas y pasear por Cazorla es un gustazo\u2026. As\u00ed que no te compliques la vida\u2026<\/h3>\n<p>[\/et_pb_toggle][et_pb_toggle title=\u00bb\u00bfQu\u00e9 recomendaciones tenemos para pasar todo el d\u00eda?\u00bb open_toggle_background_color=\u00bb#ffffff\u00bb open_toggle_text_color=\u00bb#07698c\u00bb closed_toggle_text_color=\u00bb#07698c\u00bb title_font=\u00bbCherry Cream Soda||||\u00bb title_text_color=\u00bb#ffffff\u00bb body_font=\u00bbCherry Cream Soda|on|on||\u00bb use_border_color=\u00bboff\u00bb title_font_size=\u00bb36&#8243; background_position=\u00bbtop_left\u00bb background_repeat=\u00bbrepeat\u00bb background_size=\u00bbinitial\u00bb _builder_version=\u00bb3.2.2&#8243;]<\/p>\n<h3 style=\"text-align: justify;\">No te preocupes, la agenda es demasiado intensa como para estar ociosos, pero si el tiempo te lo permite no dudes en pegarte una escapada a la sierra, eso si para no andar muy despistado puedes utilizar los servicios de algunas de las numerosas empresas tur\u00edsticas que organizan rutas por el parque.Y si quieres tomarte un respiro r\u00e1pido y buscar desahogo bluesero, no dejes de visitar la comarca de Cazorla, La Iruela o Quesada son localidades muy cercanas y de una belleza muy especial.<\/h3>\n<p>[\/et_pb_toggle][\/et_pb_column][et_pb_column type=\u00bb1_2&#8243;][et_pb_toggle title=\u00bb\u00bfTendr\u00e9 posibilidad de llevarme recuerdos del festival?\u00bb open_toggle_background_color=\u00bb#ffffff\u00bb open_toggle_text_color=\u00bb#07698c\u00bb closed_toggle_text_color=\u00bb#07698c\u00bb title_font=\u00bbCherry Cream Soda||||\u00bb title_text_color=\u00bb#ffffff\u00bb body_font=\u00bbCherry Cream Soda|on|on||\u00bb use_border_color=\u00bboff\u00bb title_font_size=\u00bb36&#8243; background_position=\u00bbtop_left\u00bb background_repeat=\u00bbrepeat\u00bb background_size=\u00bbinitial\u00bb _builder_version=\u00bb3.2.2&#8243;]<\/p>\n<h3 style=\"text-align: justify;\">SI. Habr\u00e1 merchandising oficial, con Cd\u00b4s, Gorras, Porta Cd\u00b4s y Camisetas (ojo el a\u00f1o pasado el viernes se agotaron todas\u2026). Adem\u00e1s muchos de los grupos vender\u00e1n sus propios discos.<\/h3>\n<p>[\/et_pb_toggle][et_pb_toggle title=\u00bb\u00bfHabr\u00e1 alg\u00fan punto de informaci\u00f3n?\u00bb open_toggle_background_color=\u00bb#ffffff\u00bb open_toggle_text_color=\u00bb#07698c\u00bb closed_toggle_text_color=\u00bb#07698c\u00bb title_font=\u00bbCherry Cream Soda||||\u00bb title_text_color=\u00bb#ffffff\u00bb body_font=\u00bbCherry Cream Soda|on|on||\u00bb use_border_color=\u00bboff\u00bb title_font_size=\u00bb36&#8243; background_position=\u00bbtop_left\u00bb background_repeat=\u00bbrepeat\u00bb background_size=\u00bbinitial\u00bb _builder_version=\u00bb3.2.2&#8243;]<\/p>\n<h3 style=\"text-align: justify;\">Por supuesto, esta justo al lado de la plaza de toros, ya sabes que all\u00ed puedes pedir la info que necesites, adem\u00e1s existen voluntarios que identificaras por la ciudad y que tambi\u00e9n podr\u00e1n ayudarte.<\/h3>\n<p>[\/et_pb_toggle][et_pb_toggle title=\u00bb\u00bfD\u00f3nde est\u00e1n las localizaciones de los primeros auxilios?\u00bb open_toggle_background_color=\u00bb#ffffff\u00bb open_toggle_text_color=\u00bb#07698c\u00bb closed_toggle_text_color=\u00bb#07698c\u00bb title_font=\u00bbCherry Cream Soda||||\u00bb title_text_color=\u00bb#ffffff\u00bb body_font=\u00bbCherry Cream Soda|on|on||\u00bb use_border_color=\u00bboff\u00bb title_font_size=\u00bb36&#8243; background_position=\u00bbtop_left\u00bb background_repeat=\u00bbrepeat\u00bb background_size=\u00bbinitial\u00bb _builder_version=\u00bb3.2.2&#8243;]<\/p>\n<h3 style=\"text-align: justify;\">La Cruz Roja instalar\u00e1 una carpa de primeros auxilios junto al escenario principal y en los accesos de todos los escenarios tienes auxiliares para ayudarte ante cualquier incidencia.<\/h3>\n<p>[\/et_pb_toggle][\/et_pb_column][\/et_pb_row][et_pb_row][et_pb_column type=\u00bb4_4&#8243;][et_pb_toggle title=\u00bb\u00bfAccesibilidad y Seguridad?\u00bb open_toggle_background_color=\u00bb#ffffff\u00bb open_toggle_text_color=\u00bb#07698c\u00bb closed_toggle_text_color=\u00bb#07698c\u00bb title_font=\u00bbCherry Cream Soda||||\u00bb title_text_color=\u00bb#ffffff\u00bb body_font=\u00bbCherry Cream Soda|on|on||\u00bb use_border_color=\u00bboff\u00bb title_font_size=\u00bb36&#8243; background_position=\u00bbtop_left\u00bb background_repeat=\u00bbrepeat\u00bb background_size=\u00bbinitial\u00bb _builder_version=\u00bb3.2.2&#8243;]<\/p>\n<h3 style=\"text-align: justify;\">\u00a1Por supuesto!. BluesCazorla Festival es un festival pensado para cualquier tipo de persona sean cuales sean sus capacidades, y no es que haya escenarios aptos para personas con movilidad reducida, es que todos los escenarios estan preparados para que estas personas puedan disfrutar del mejor ambiente. Pulsando <a href=\"https:\/\/www.cazorla.es\/bluescazorla06\/wp-content\/uploads\/2019\/07\/GUIA-ACCESIBLE-Y-PLAN-DE-SEGURIDAD-BLUESCAZORLA-2019.pdf\">aqu\u00ed<\/a> acceder\u00e1n a la Gu\u00eda de Accesibilidad y Plan de Seguridad.<\/h3>\n<p>[\/et_pb_toggle][\/et_pb_column][\/et_pb_row][\/et_pb_section][et_pb_section bb_built=\u00bb1&#8243; fullwidth=\u00bbon\u00bb specialty=\u00bboff\u00bb prev_background_color=\u00bb#000000&#8243; next_background_color=\u00bb#000000&#8243;][et_pb_fullwidth_slider _builder_version=\u00bb3.2.2&#8243; saved_tabs=\u00bball\u00bb][et_pb_slide _builder_version=\u00bb3.2.2&#8243; button_link=\u00bbhttps:\/\/www.ticketmaster.es\/event\/bluescazorla-festival-entradas\/15663?eventId=15663&amp;track=DiscoveryAPI&amp;camefrom=GLS%7CRiff+Producciones&amp;brand=base_mb_es\u00bb heading=\u00bbNO TE QUEDES SIN TU ABONO \u00bb button_text=\u00bbCOMPRAR ENTRADAS\u00bb background_color=\u00bb#aeaea2&#8243; use_background_color_gradient=\u00bboff\u00bb background_color_gradient_start=\u00bb#2b87da\u00bb background_color_gradient_end=\u00bb#29c4a9&#8243; background_color_gradient_type=\u00bblinear\u00bb background_color_gradient_direction=\u00bb180deg\u00bb background_color_gradient_direction_radial=\u00bbcenter\u00bb background_color_gradient_start_position=\u00bb0%\u00bb background_color_gradient_end_position=\u00bb100%\u00bb background_color_gradient_overlays_image=\u00bboff\u00bb parallax=\u00bboff\u00bb parallax_method=\u00bbon\u00bb background_size=\u00bbcover\u00bb background_position=\u00bbcenter\u00bb background_repeat=\u00bbno-repeat\u00bb background_blend=\u00bbnormal\u00bb allow_player_pause=\u00bboff\u00bb background_video_pause_outside_viewport=\u00bbon\u00bb use_bg_overlay=\u00bboff\u00bb use_text_overlay=\u00bboff\u00bb text_border_radius=\u00bb3&#8243; alignment=\u00bbcenter\u00bb child_filter_hue_rotate=\u00bb0deg\u00bb child_filter_saturate=\u00bb100%\u00bb child_filter_brightness=\u00bb100%\u00bb child_filter_contrast=\u00bb100%\u00bb child_filter_invert=\u00bb0%\u00bb child_filter_sepia=\u00bb0%\u00bb child_filter_opacity=\u00bb100%\u00bb child_filter_blur=\u00bb0px\u00bb child_mix_blend_mode=\u00bbnormal\u00bb background_layout=\u00bbdark\u00bb text_shadow_style=\u00bbnone\u00bb header_text_shadow_style=\u00bbnone\u00bb body_text_shadow_style=\u00bbnone\u00bb custom_button=\u00bboff\u00bb button_bg_use_color_gradient=\u00bboff\u00bb button_bg_color_gradient_overlays_image=\u00bboff\u00bb button_use_icon=\u00bbon\u00bb button_on_hover=\u00bbon\u00bb button_text_shadow_style=\u00bbnone\u00bb box_shadow_style_button=\u00bbnone\u00bb text_shadow_horizontal_length=\u00bb0em\u00bb text_shadow_vertical_length=\u00bb0em\u00bb text_shadow_blur_strength=\u00bb0em\u00bb header_text_shadow_horizontal_length=\u00bb0em\u00bb header_text_shadow_vertical_length=\u00bb0em\u00bb header_text_shadow_blur_strength=\u00bb0em\u00bb body_text_shadow_horizontal_length=\u00bb0em\u00bb body_text_shadow_vertical_length=\u00bb0em\u00bb body_text_shadow_blur_strength=\u00bb0em\u00bb button_text_shadow_horizontal_length=\u00bb0em\u00bb button_text_shadow_vertical_length=\u00bb0em\u00bb button_text_shadow_blur_strength=\u00bb0em\u00bb \/][\/et_pb_fullwidth_slider][\/et_pb_section][et_pb_section bb_built=\u00bb1&#8243; fullwidth=\u00bbon\u00bb specialty=\u00bboff\u00bb prev_background_color=\u00bb#000000&#8243;][et_pb_fullwidth_image src=\u00bbhttps:\/\/www.cazorla.es\/bluescazorla06\/wp-content\/uploads\/2019\/06\/Inferior3_2019.png\u00bb _builder_version=\u00bb3.2.2&#8243; saved_tabs=\u00bball\u00bb]<\/p>\n<p>&nbsp;<\/p>\n<p>[\/et_pb_fullwidth_image][\/et_pb_section]<\/p>\n","protected":false},"excerpt":{"rendered":"<p>[et_pb_section bb_built=\u00bb1&#8243; admin_label=\u00bbsection\u00bb transparent_background=\u00bboff\u00bb allow_player_pause=\u00bboff\u00bb inner_shadow=\u00bboff\u00bb parallax=\u00bbon\u00bb parallax_method=\u00bbon\u00bb padding_mobile=\u00bboff\u00bb make_fullwidth=\u00bboff\u00bb use_custom_width=\u00bboff\u00bb width_unit=\u00bbon\u00bb make_equal=\u00bboff\u00bb use_custom_gutter=\u00bboff\u00bb custom_padding_tablet=\u00bb50px|0|50px|0&#8243; custom_padding_last_edited=\u00bbon|desktop\u00bb next_background_color=\u00bb#ffffff\u00bb prev_background_color=\u00bb#000000&#8243;][et_pb_row make_fullwidth=\u00bboff\u00bb use_custom_width=\u00bboff\u00bb width_unit=\u00bbon\u00bb use_custom_gutter=\u00bboff\u00bb padding_mobile=\u00bboff\u00bb allow_player_pause=\u00bboff\u00bb parallax=\u00bboff\u00bb parallax_method=\u00bboff\u00bb make_equal=\u00bboff\u00bb parallax_1=\u00bboff\u00bb parallax_method_1=\u00bboff\u00bb column_padding_mobile=\u00bbon\u00bb custom_margin=\u00bb50px|||\u00bb background_position=\u00bbtop_left\u00bb background_repeat=\u00bbrepeat\u00bb background_size=\u00bbinitial\u00bb][et_pb_column type=\u00bb4_4&#8243;][et_pb_testimonial background_color=\u00bb#002234&#8243; text_orientation=\u00bbcenter\u00bb use_border_color=\u00bboff\u00bb custom_margin=\u00bb||50px|\u00bb body_font=\u00bbCherry Cream Soda||||\u00bb body_font_size=\u00bb40&#8243; background_position=\u00bbtop_left\u00bb background_repeat=\u00bbrepeat\u00bb background_size=\u00bbinitial\u00bb _builder_version=\u00bb3.2.2&#8243; quote_icon_background_color=\u00bb#f5f5f5&#8243;] F.A.Q. &#8211;\u00a0Preguntas frecuentes, recomendaciones, punto de informaci\u00f3n. [&hellip;]<\/p>\n","protected":false},"author":2,"featured_media":0,"parent":0,"menu_order":0,"comment_status":"closed","ping_status":"closed","template":"","meta":{"_et_pb_use_builder":"on","_et_pb_old_content":"","_et_gb_content_width":"","footnotes":""},"_links":{"self":[{"href":"https:\/\/www.cazorla.es\/bluescazorla06\/wp-json\/wp\/v2\/pages\/1229"}],"collection":[{"href":"https:\/\/www.cazorla.es\/bluescazorla06\/wp-json\/wp\/v2\/pages"}],"about":[{"href":"https:\/\/www.cazorla.es\/bluescazorla06\/wp-json\/wp\/v2\/types\/page"}],"author":[{"embeddable":true,"href":"https:\/\/www.cazorla.es\/bluescazorla06\/wp-json\/wp\/v2\/users\/2"}],"replies":[{"embeddable":true,"href":"https:\/\/www.cazorla.es\/bluescazorla06\/wp-json\/wp\/v2\/comments?post=1229"}],"version-history":[{"count":40,"href":"https:\/\/www.cazorla.es\/bluescazorla06\/wp-json\/wp\/v2\/pages\/1229\/revisions"}],"predecessor-version":[{"id":3865,"href":"https:\/\/www.cazorla.es\/bluescazorla06\/wp-json\/wp\/v2\/pages\/1229\/revisions\/3865"}],"wp:attachment":[{"href":"https:\/\/www.cazorla.es\/bluescazorla06\/wp-json\/wp\/v2\/media?parent=1229"}],"curies":[{"name":"wp","href":"https:\/\/api.w.org\/{rel}","templated":true}]}}